{"id":15251,"date":"2021-03-17T14:41:19","date_gmt":"2021-03-17T11:41:19","guid":{"rendered":"https:\/\/caffebo.ee\/caffebo-cohens\/"},"modified":"2023-02-16T07:13:47","modified_gmt":"2023-02-16T07:13:47","slug":"caffebo-kahvit","status":"publish","type":"page","link":"https:\/\/caffebo.ee\/de\/caffebo-kahvit\/","title":{"rendered":"Caffebo kahvit"},"content":{"rendered":"\t\t<div data-elementor-type=\"wp-page\" data-elementor-id=\"15251\" class=\"elementor elementor-15251 elementor-5208\">\n\t\t\t\t\t\t<section class=\"elementor-section elementor-top-section elementor-element elementor-element-23c7273 elementor-section-boxed elementor-section-height-default elementor-section-height-default\" data-id=\"23c7273\" data-element_type=\"section\" data-e-type=\"section\">\n\t\t\t\t\t\t<div class=\"elementor-container elementor-column-gap-default\">\n\t\t\t\t\t<div class=\"elementor-column elementor-col-25 elementor-top-column elementor-element elementor-element-0bd70e7\" data-id=\"0bd70e7\" data-element_type=\"column\" data-e-type=\"column\">\n\t\t\t<div class=\"elementor-widget-wrap elementor-element-populated\">\n\t\t\t\t\t\t<div class=\"elementor-element elementor-element-cf95b57 elementor-widget elementor-widget-image\" data-id=\"cf95b57\" data-element_type=\"widget\" data-e-type=\"widget\" data-widget_type=\"image.default\">\n\t\t\t\t<div class=\"elementor-widget-container\">\n\t\t\t\t\t\t\t\t\t\t\t\t\t\t\t<img fetchpriority=\"high\" decoding=\"async\" width=\"386\" height=\"470\" src=\"https:\/\/caffebo.ee\/wp-content\/uploads\/2021\/04\/2-2.png\" class=\"attachment-large size-large wp-image-5244\" alt=\"\" srcset=\"https:\/\/caffebo.ee\/wp-content\/uploads\/2021\/04\/2-2.png 386w, https:\/\/caffebo.ee\/wp-content\/uploads\/2021\/04\/2-2-246x300.png 246w\" sizes=\"100vw\" \/>\t\t\t\t\t\t\t\t\t\t\t\t\t\t\t<\/div>\n\t\t\t\t<\/div>\n\t\t\t\t\t<\/div>\n\t\t<\/div>\n\t\t\t\t<div class=\"elementor-column elementor-col-25 elementor-top-column elementor-element elementor-element-8b4896e\" data-id=\"8b4896e\" data-element_type=\"column\" data-e-type=\"column\">\n\t\t\t<div class=\"elementor-widget-wrap elementor-element-populated\">\n\t\t\t\t\t\t<div class=\"elementor-element elementor-element-96ec914 elementor-widget elementor-widget-image\" data-id=\"96ec914\" data-element_type=\"widget\" data-e-type=\"widget\" data-widget_type=\"image.default\">\n\t\t\t\t<div class=\"elementor-widget-container\">\n\t\t\t\t\t\t\t\t\t\t\t\t\t\t\t<img decoding=\"async\" width=\"386\" height=\"470\" src=\"https:\/\/caffebo.ee\/wp-content\/uploads\/2021\/04\/3.png\" class=\"attachment-large size-large wp-image-5245\" alt=\"\" srcset=\"https:\/\/caffebo.ee\/wp-content\/uploads\/2021\/04\/3.png 386w, https:\/\/caffebo.ee\/wp-content\/uploads\/2021\/04\/3-246x300.png 246w\" sizes=\"100vw\" \/>\t\t\t\t\t\t\t\t\t\t\t\t\t\t\t<\/div>\n\t\t\t\t<\/div>\n\t\t\t\t\t<\/div>\n\t\t<\/div>\n\t\t\t\t<div class=\"elementor-column elementor-col-25 elementor-top-column elementor-element elementor-element-c56da0c\" data-id=\"c56da0c\" data-element_type=\"column\" data-e-type=\"column\">\n\t\t\t<div class=\"elementor-widget-wrap elementor-element-populated\">\n\t\t\t\t\t\t<div class=\"elementor-element elementor-element-058b97c elementor-widget elementor-widget-image\" data-id=\"058b97c\" data-element_type=\"widget\" data-e-type=\"widget\" data-widget_type=\"image.default\">\n\t\t\t\t<div class=\"elementor-widget-container\">\n\t\t\t\t\t\t\t\t\t\t\t\t\t\t\t<img decoding=\"async\" width=\"386\" height=\"470\" src=\"https:\/\/caffebo.ee\/wp-content\/uploads\/2021\/04\/1-2.png\" class=\"attachment-large size-large wp-image-5243\" alt=\"\" srcset=\"https:\/\/caffebo.ee\/wp-content\/uploads\/2021\/04\/1-2.png 386w, https:\/\/caffebo.ee\/wp-content\/uploads\/2021\/04\/1-2-246x300.png 246w\" sizes=\"100vw\" \/>\t\t\t\t\t\t\t\t\t\t\t\t\t\t\t<\/div>\n\t\t\t\t<\/div>\n\t\t\t\t\t<\/div>\n\t\t<\/div>\n\t\t\t\t<div class=\"elementor-column elementor-col-25 elementor-top-column elementor-element elementor-element-b437dcc\" data-id=\"b437dcc\" data-element_type=\"column\" data-e-type=\"column\">\n\t\t\t<div class=\"elementor-widget-wrap elementor-element-populated\">\n\t\t\t\t\t\t<div class=\"elementor-element elementor-element-5b96c88 elementor-widget elementor-widget-image\" data-id=\"5b96c88\" data-element_type=\"widget\" data-e-type=\"widget\" data-widget_type=\"image.default\">\n\t\t\t\t<div class=\"elementor-widget-container\">\n\t\t\t\t\t\t\t\t\t\t\t\t\t\t\t<img loading=\"lazy\" decoding=\"async\" width=\"386\" height=\"470\" src=\"https:\/\/caffebo.ee\/wp-content\/uploads\/2021\/04\/4.png\" class=\"attachment-large size-large wp-image-5246\" alt=\"\" srcset=\"https:\/\/caffebo.ee\/wp-content\/uploads\/2021\/04\/4.png 386w, https:\/\/caffebo.ee\/wp-content\/uploads\/2021\/04\/4-246x300.png 246w\" sizes=\"100vw\" \/>\t\t\t\t\t\t\t\t\t\t\t\t\t\t\t<\/div>\n\t\t\t\t<\/div>\n\t\t\t\t\t<\/div>\n\t\t<\/div>\n\t\t\t\t\t<\/div>\n\t\t<\/section>\n\t\t\t\t<div class=\"elementor-section elementor-top-section elementor-element elementor-element-df347c6 elementor-section-full_width elementor-section-stretched elementor-hidden-tablet elementor-hidden-phone elementor-section-height-default elementor-section-height-default\" data-id=\"df347c6\" data-element_type=\"section\" data-e-type=\"section\" data-settings=\"{&quot;stretch_section&quot;:&quot;section-stretched&quot;}\">\n\t\t\t\t\t\t<div class=\"elementor-container elementor-column-gap-default\">\n\t\t\t\t\t<div class=\"elementor-column elementor-col-100 elementor-top-column elementor-element elementor-element-6135a38\" data-id=\"6135a38\" data-element_type=\"column\" data-e-type=\"column\">\n\t\t\t<div class=\"elementor-widget-wrap\">\n\t\t\t\t\t\t\t<\/div>\n\t\t<\/div>\n\t\t\t\t\t<\/div>\n\t\t<\/div>\n\t\t\t\t<div class=\"elementor-section elementor-top-section elementor-element elementor-element-7399f9e0 elementor-section-stretched elementor-section-content-middle elementor-section-boxed elementor-section-height-default elementor-section-height-default\" data-id=\"7399f9e0\" data-element_type=\"section\" data-e-type=\"section\" data-settings=\"{&quot;stretch_section&quot;:&quot;section-stretched&quot;}\">\n\t\t\t\t\t\t<div class=\"elementor-container elementor-column-gap-default\">\n\t\t\t\t\t<div class=\"elementor-column elementor-col-33 elementor-top-column elementor-element elementor-element-7680eef1 elementor-invisible\" data-id=\"7680eef1\" data-element_type=\"column\" data-e-type=\"column\" data-settings=\"{&quot;animation&quot;:&quot;fadeInLeft&quot;}\">\n\t\t\t<div class=\"elementor-widget-wrap elementor-element-populated\">\n\t\t\t\t\t\t<div class=\"elementor-element elementor-element-7c1b3d elementor-widget elementor-widget-foodsto_section_title\" data-id=\"7c1b3d\" data-element_type=\"widget\" data-e-type=\"widget\" data-widget_type=\"foodsto_section_title.default\">\n\t\t\t\t<div class=\"elementor-widget-container\">\n\t\t\t\t\t\n<div class=\"iq-title-box\">\n\t\n\t<span class=\"iq-subtitle\">Meie missioon<\/span>\n\t<h2 class=\"iq-title\" >\n\t\tTotuus ja Oikeus\t<\/h2>\n\t\t\n\t<div class=\"iq-title-divider\"><\/div>\n\t<p class=\"iq-title-desc\">Kahviemme maut tai reseptit ovat kehitt\u00e4neet paahtimomme yhteisty\u00f6ss\u00e4 satojen virolaisten kanssa. Martin, Maria, Margus, Sirje, J\u00fcri ja monet muut kahvin yst\u00e4v\u00e4t osallistuivat Caffebon kahvinmaistajaryhmiin, joiden aikana he valitsivat suosikkinsa. Useiden testikierrosten j\u00e4lkeen vahvistimme Caffebon Oikeus ja Totuus -reseptit \u2013 ne todella ovat Vox Populi, kansan \u00e4\u00e4ni! <br>\nCaffebo T\u00f5de on t\u00e4t\u00e4 sarjaa pehme\u00e4mpi ja sen maku on herkempi. T\u00e4m\u00e4 kahvipapu sopii t\u00e4ydellisesti vaativimmallekin kuluttajalle.\nCaffebo \u00d3\u00edgus annetaan niille, jotka nauttivat sarjan vahvemmasta kahvin mausta. T\u00e4m\u00e4 pavut sopivat sek\u00e4 vahvan mustakahvin valmistukseen ett\u00e4 maidon kanssa tehtyihin kahvijuomiin.<br>\n \nJa kehitt\u00e4m\u00e4mme uudet kahvit valmistetaan my\u00f6s paikallisten kahvinyst\u00e4vien avustuksella, joten seuraa Caffebon tekemist\u00e4 ja osallistu sin\u00e4kin!<br><\/p><\/div>\n\t\t\t\t<\/div>\n\t\t\t\t<\/div>\n\t\t\t\t<div class=\"elementor-element elementor-element-54a509a elementor-widget elementor-widget-text-editor\" data-id=\"54a509a\" data-element_type=\"widget\" data-e-type=\"widget\" data-widget_type=\"text-editor.default\">\n\t\t\t\t<div class=\"elementor-widget-container\">\n\t\t\t\t\t\t\t\t\t<p>Etsi Caffebo j\u00e4lleenmyyji\u00e4 <a href=\"https:\/\/caffebo.ee\/edasimuujad\/\"><br \/>\n  <strong>T\u00c4\u00c4LL\u00c4<\/strong><br \/>\n<\/a><\/p>\n\t\t\t\t\t\t\t\t<\/div>\n\t\t\t\t<\/div>\n\t\t\t\t\t<\/div>\n\t\t<\/div>\n\t\t\t\t<div class=\"elementor-column elementor-col-33 elementor-top-column elementor-element elementor-element-52599162 elementor-invisible\" data-id=\"52599162\" data-element_type=\"column\" data-e-type=\"column\" data-settings=\"{&quot;animation&quot;:&quot;fadeInRight&quot;}\">\n\t\t\t<div class=\"elementor-widget-wrap elementor-element-populated\">\n\t\t\t\t\t\t<div class=\"elementor-element elementor-element-7c1dc84b hover_img_effect elementor-widget elementor-widget-image\" data-id=\"7c1dc84b\" data-element_type=\"widget\" data-e-type=\"widget\" data-widget_type=\"image.default\">\n\t\t\t\t<div class=\"elementor-widget-container\">\n\t\t\t\t\t\t\t\t\t\t\t\t\t\t\t\t<a href=\"https:\/\/caffebo.ee\/wp-content\/uploads\/2022\/09\/Untitled-design.png\" data-elementor-open-lightbox=\"yes\" data-elementor-lightbox-title=\"Untitled design\" data-e-action-hash=\"#elementor-action%3Aaction%3Dlightbox%26settings%3DeyJpZCI6NTU1NiwidXJsIjoiaHR0cHM6XC9cL2NhZmZlYm8uZWVcL3dwLWNvbnRlbnRcL3VwbG9hZHNcLzIwMjJcLzA5XC9VbnRpdGxlZC1kZXNpZ24ucG5nIn0%3D\">\n\t\t\t\t\t\t\t<img loading=\"lazy\" decoding=\"async\" width=\"386\" height=\"470\" src=\"https:\/\/caffebo.ee\/wp-content\/uploads\/2022\/09\/Untitled-design.png\" class=\"elementor-animation-shrink attachment-full size-full wp-image-5556\" alt=\"\" srcset=\"https:\/\/caffebo.ee\/wp-content\/uploads\/2022\/09\/Untitled-design.png 386w, https:\/\/caffebo.ee\/wp-content\/uploads\/2022\/09\/Untitled-design-246x300.png 246w\" sizes=\"100vw\" \/>\t\t\t\t\t\t\t\t<\/a>\n\t\t\t\t\t\t\t\t\t\t\t\t\t\t\t<\/div>\n\t\t\t\t<\/div>\n\t\t\t\t\t<\/div>\n\t\t<\/div>\n\t\t\t\t<div class=\"elementor-column elementor-col-33 elementor-top-column elementor-element elementor-element-537ca2a4 elementor-invisible\" data-id=\"537ca2a4\" data-element_type=\"column\" data-e-type=\"column\" data-settings=\"{&quot;animation&quot;:&quot;fadeInRight&quot;}\">\n\t\t\t<div class=\"elementor-widget-wrap elementor-element-populated\">\n\t\t\t\t\t\t<div class=\"elementor-element elementor-element-2cb6250e hover_img_effect elementor-widget elementor-widget-image\" data-id=\"2cb6250e\" data-element_type=\"widget\" data-e-type=\"widget\" data-widget_type=\"image.default\">\n\t\t\t\t<div class=\"elementor-widget-container\">\n\t\t\t\t\t\t\t\t\t\t\t\t\t\t\t\t<a href=\"https:\/\/caffebo.ee\/wp-content\/uploads\/2022\/12\/D09C58ED-E9E8-4F36-8F7A-CF68E4BCEA35.jpg\" data-elementor-open-lightbox=\"yes\" data-elementor-lightbox-title=\"D09C58ED-E9E8-4F36-8F7A-CF68E4BCEA35\" data-e-action-hash=\"#elementor-action%3Aaction%3Dlightbox%26settings%3DeyJpZCI6NTgyNSwidXJsIjoiaHR0cHM6XC9cL2NhZmZlYm8uZWVcL3dwLWNvbnRlbnRcL3VwbG9hZHNcLzIwMjJcLzEyXC9EMDlDNThFRC1FOUU4LTRGMzYtOEY3QS1DRjY4RTRCQ0VBMzUuanBnIn0%3D\">\n\t\t\t\t\t\t\t<img loading=\"lazy\" decoding=\"async\" width=\"1440\" height=\"1800\" src=\"https:\/\/caffebo.ee\/wp-content\/uploads\/2022\/12\/D09C58ED-E9E8-4F36-8F7A-CF68E4BCEA35.jpg\" class=\"elementor-animation-shrink attachment-full size-full wp-image-5825\" alt=\"\" srcset=\"https:\/\/caffebo.ee\/wp-content\/uploads\/2022\/12\/D09C58ED-E9E8-4F36-8F7A-CF68E4BCEA35.jpg 1440w, https:\/\/caffebo.ee\/wp-content\/uploads\/2022\/12\/D09C58ED-E9E8-4F36-8F7A-CF68E4BCEA35-240x300.jpg 240w, https:\/\/caffebo.ee\/wp-content\/uploads\/2022\/12\/D09C58ED-E9E8-4F36-8F7A-CF68E4BCEA35-819x1024.jpg 819w, https:\/\/caffebo.ee\/wp-content\/uploads\/2022\/12\/D09C58ED-E9E8-4F36-8F7A-CF68E4BCEA35-768x960.jpg 768w, https:\/\/caffebo.ee\/wp-content\/uploads\/2022\/12\/D09C58ED-E9E8-4F36-8F7A-CF68E4BCEA35-1229x1536.jpg 1229w, https:\/\/caffebo.ee\/wp-content\/uploads\/2022\/12\/D09C58ED-E9E8-4F36-8F7A-CF68E4BCEA35-600x750.jpg 600w\" sizes=\"100vw\" \/>\t\t\t\t\t\t\t\t<\/a>\n\t\t\t\t\t\t\t\t\t\t\t\t\t\t\t<\/div>\n\t\t\t\t<\/div>\n\t\t\t\t\t<\/div>\n\t\t<\/div>\n\t\t\t\t\t<\/div>\n\t\t<\/div>\n\t\t\t\t<section class=\"elementor-section elementor-top-section elementor-element elementor-element-6c4f605 elementor-section-boxed elementor-section-height-default elementor-section-height-default\" data-id=\"6c4f605\" data-element_type=\"section\" data-e-type=\"section\">\n\t\t\t\t\t\t<div class=\"elementor-container elementor-column-gap-default\">\n\t\t\t\t\t<div class=\"elementor-column elementor-col-100 elementor-top-column elementor-element elementor-element-cebf577\" data-id=\"cebf577\" data-element_type=\"column\" data-e-type=\"column\">\n\t\t\t<div class=\"elementor-widget-wrap elementor-element-populated\">\n\t\t\t\t\t\t<div class=\"elementor-element elementor-element-e6109fe elementor-widget elementor-widget-heading\" data-id=\"e6109fe\" data-element_type=\"widget\" data-e-type=\"widget\" data-widget_type=\"heading.default\">\n\t\t\t\t<div class=\"elementor-widget-container\">\n\t\t\t\t\t<h2 class=\"elementor-heading-title elementor-size-default\">KOMMUNIKOI!<\/h2>\t\t\t\t<\/div>\n\t\t\t\t<\/div>\n\t\t\t\t\t<\/div>\n\t\t<\/div>\n\t\t\t\t\t<\/div>\n\t\t<\/section>\n\t\t\t\t<section class=\"elementor-section elementor-top-section elementor-element elementor-element-1f569c1 elementor-section-boxed elementor-section-height-default elementor-section-height-default\" data-id=\"1f569c1\" data-element_type=\"section\" data-e-type=\"section\">\n\t\t\t\t\t\t<div class=\"elementor-container elementor-column-gap-default\">\n\t\t\t\t\t<div class=\"elementor-column elementor-col-100 elementor-top-column elementor-element elementor-element-c757ae4\" data-id=\"c757ae4\" data-element_type=\"column\" data-e-type=\"column\">\n\t\t\t<div class=\"elementor-widget-wrap elementor-element-populated\">\n\t\t\t\t\t\t<div class=\"elementor-element elementor-element-8d8a5c2 elementor-widget elementor-widget-shortcode\" data-id=\"8d8a5c2\" data-element_type=\"widget\" data-e-type=\"widget\" data-widget_type=\"shortcode.default\">\n\t\t\t\t<div class=\"elementor-widget-container\">\n\t\t\t\t\t\t\t<div class=\"elementor-shortcode\">\n<div class=\"wpcf7 no-js\" id=\"wpcf7-f550-o1\" lang=\"en-US\" dir=\"ltr\" data-wpcf7-id=\"550\">\n<div class=\"screen-reader-response\"><p role=\"status\" aria-live=\"polite\" aria-atomic=\"true\"><\/p> <ul><\/ul><\/div>\n<form action=\"\/de\/wp-json\/wp\/v2\/pages\/15251#wpcf7-f550-o1\" method=\"post\" class=\"wpcf7-form init\" aria-label=\"Contact form\" novalidate=\"novalidate\" data-status=\"init\">\n<fieldset class=\"hidden-fields-container\"><input type=\"hidden\" name=\"_wpcf7\" value=\"550\" \/><input type=\"hidden\" name=\"_wpcf7_version\" value=\"6.1.5\" \/><input type=\"hidden\" name=\"_wpcf7_locale\" value=\"en_US\" \/><input type=\"hidden\" name=\"_wpcf7_unit_tag\" value=\"wpcf7-f550-o1\" \/><input type=\"hidden\" name=\"_wpcf7_container_post\" value=\"0\" \/><input type=\"hidden\" name=\"_wpcf7_posted_data_hash\" value=\"\" \/><input type=\"hidden\" name=\"_wpcf7_recaptcha_response\" value=\"\" \/>\n<\/fieldset>\n<div class=row>\n\t<div class=\"col-lg-6\">\n\t\t<p><span class=\"wpcf7-form-control-wrap\" data-name=\"first-name\"><input size=\"40\" maxlength=\"400\" class=\"wpcf7-form-control wpcf7-text wpcf7-validates-as-required\" aria-required=\"true\" aria-invalid=\"false\" placeholder=\"Eesnimi\" value=\"\" type=\"text\" name=\"first-name\" \/><\/span>\n\t\t<\/p>\n\t<\/div>\n\t<div class=\"col-lg-6\">\n\t\t<p><span class=\"wpcf7-form-control-wrap\" data-name=\"last-name\"><input size=\"40\" maxlength=\"400\" class=\"wpcf7-form-control wpcf7-text wpcf7-validates-as-required\" aria-required=\"true\" aria-invalid=\"false\" placeholder=\"Perekonnanimi\" value=\"\" type=\"text\" name=\"last-name\" \/><\/span>\n\t\t<\/p>\n\t<\/div>\n\t<div class=\"col-lg-6\">\n\t\t<p><span class=\"wpcf7-form-control-wrap\" data-name=\"your-email\"><input size=\"40\" maxlength=\"400\" class=\"wpcf7-form-control wpcf7-email wpcf7-validates-as-required wpcf7-text wpcf7-validates-as-email\" aria-required=\"true\" aria-invalid=\"false\" placeholder=\"Email\" value=\"\" type=\"email\" name=\"your-email\" \/><\/span>\n\t\t<\/p>\n\t<\/div>\n\t<div class=\"col-lg-6\">\n\t\t<p><span class=\"wpcf7-form-control-wrap\" data-name=\"tel-554\"><input size=\"40\" maxlength=\"400\" class=\"wpcf7-form-control wpcf7-tel wpcf7-text wpcf7-validates-as-tel\" aria-invalid=\"false\" placeholder=\"Telefon\" value=\"\" type=\"tel\" name=\"tel-554\" \/><\/span>\n\t\t<\/p>\n\t<\/div>\n\t<div class=\"col-lg-12\">\n\t\t<div>\n\t\t\t<p><span class=\"wpcf7-form-control-wrap\" data-name=\"your-message\"><textarea cols=\"40\" rows=\"10\" maxlength=\"2000\" class=\"wpcf7-form-control wpcf7-textarea\" aria-invalid=\"false\" placeholder=\"S\u00f5num\" name=\"your-message\"><\/textarea><\/span>\n\t\t\t<\/p>\n\t\t<\/div>\n\t<\/div>\n\t<div class=\"col-lg-12\">\n\t\t<p><button id='submit' class='iq-button wpcf7-form-control wpcf7-submit d-flex align-items-center'><span class=\"iq-button-effact\">Saada<\/span><i class=\"fas fa-long-arrow-alt-right ml-2\"><\/i><\/button>\n\t\t<\/p>\n\t<\/div>\n<\/div><input type='hidden' class='wpcf7-pum' value='{\"closepopup\":false,\"closedelay\":0,\"openpopup\":false,\"openpopup_id\":0}' \/><div class=\"wpcf7-response-output\" aria-hidden=\"true\"><\/div>\n<\/form>\n<\/div>\n<\/div>\n\t\t\t\t\t\t<\/div>\n\t\t\t\t<\/div>\n\t\t\t\t\t<\/div>\n\t\t<\/div>\n\t\t\t\t\t<\/div>\n\t\t<\/section>\n\t\t\t\t<\/div>\n\t\t","protected":false},"excerpt":{"rendered":"<p>Meie missioon Totuus ja Oikeus Kahviemme maut tai reseptit ovat kehitt\u00e4neet paahtimomme yhteisty\u00f6ss\u00e4 satojen virolaisten kanssa. Martin, Maria, Margus, Sirje, J\u00fcri ja monet muut kahvin yst\u00e4v\u00e4t osallistuivat Caffebon kahvinmaistajaryhmiin, joiden aikana he valitsivat suosikkinsa. Useiden testikierrosten j\u00e4lkeen vahvistimme Caffebon Oikeus ja Totuus -reseptit \u2013 ne todella ovat Vox Populi, kansan \u00e4\u00e4ni! Caffebo T\u00f5de on t\u00e4t\u00e4 [&hellip;]<\/p>\n","protected":false},"author":11,"featured_media":0,"parent":0,"menu_order":0,"comment_status":"closed","ping_status":"closed","template":"","meta":{"iawp_total_views":22,"footnotes":""},"class_list":["post-15251","page","type-page","status-publish","hentry"],"yoast_head":"<!-- This site is optimized with the Yoast SEO plugin v27.0 - https:\/\/yoast.com\/product\/yoast-seo-wordpress\/ -->\n<title>Caffebo kahvit - Caffebo.ee - Kohvi r\u00f6stimine<\/title>\n<meta name=\"robots\" content=\"index, follow, max-snippet:-1, max-image-preview:large, max-video-preview:-1\" \/>\n<link rel=\"canonical\" href=\"https:\/\/caffebo.ee\/fi\/caffebo-kahvit\/\" \/>\n<meta property=\"og:locale\" content=\"de_DE\" \/>\n<meta property=\"og:type\" content=\"article\" \/>\n<meta property=\"og:title\" content=\"Caffebo kahvit - Caffebo.ee - Kohvi r\u00f6stimine\" \/>\n<meta property=\"og:description\" content=\"Meie missioon Totuus ja Oikeus Kahviemme maut tai reseptit ovat kehitt\u00e4neet paahtimomme yhteisty\u00f6ss\u00e4 satojen virolaisten kanssa. Martin, Maria, Margus, Sirje, J\u00fcri ja monet muut kahvin yst\u00e4v\u00e4t osallistuivat Caffebon kahvinmaistajaryhmiin, joiden aikana he valitsivat suosikkinsa. Useiden testikierrosten j\u00e4lkeen vahvistimme Caffebon Oikeus ja Totuus -reseptit \u2013 ne todella ovat Vox Populi, kansan \u00e4\u00e4ni! Caffebo T\u00f5de on t\u00e4t\u00e4 [&hellip;]\" \/>\n<meta property=\"og:url\" content=\"https:\/\/caffebo.ee\/fi\/caffebo-kahvit\/\" \/>\n<meta property=\"og:site_name\" content=\"Caffebo.ee - Kohvi r\u00f6stimine\" \/>\n<meta property=\"article:modified_time\" content=\"2023-02-16T07:13:47+00:00\" \/>\n<meta property=\"og:image\" content=\"https:\/\/caffebo.ee\/wp-content\/uploads\/2021\/04\/2-2.png\" \/>\n<meta name=\"twitter:card\" content=\"summary_large_image\" \/>\n<meta name=\"twitter:label1\" content=\"Gesch\u00e4tzte Lesezeit\" \/>\n\t<meta name=\"twitter:data1\" content=\"1\u00a0Minute\" \/>\n<script type=\"application\/ld+json\" class=\"yoast-schema-graph\">{\"@context\":\"https:\/\/schema.org\",\"@graph\":[{\"@type\":\"WebPage\",\"@id\":\"https:\/\/caffebo.ee\/fi\/caffebo-kahvit\/\",\"url\":\"https:\/\/caffebo.ee\/fi\/caffebo-kahvit\/\",\"name\":\"Caffebo kahvit - Caffebo.ee - Kohvi r\u00f6stimine\",\"isPartOf\":{\"@id\":\"https:\/\/caffebo.ee\/#website\"},\"primaryImageOfPage\":{\"@id\":\"https:\/\/caffebo.ee\/fi\/caffebo-kahvit\/#primaryimage\"},\"image\":{\"@id\":\"https:\/\/caffebo.ee\/fi\/caffebo-kahvit\/#primaryimage\"},\"thumbnailUrl\":\"https:\/\/caffebo.ee\/wp-content\/uploads\/2021\/04\/2-2.png\",\"datePublished\":\"2021-03-17T11:41:19+00:00\",\"dateModified\":\"2023-02-16T07:13:47+00:00\",\"breadcrumb\":{\"@id\":\"https:\/\/caffebo.ee\/fi\/caffebo-kahvit\/#breadcrumb\"},\"inLanguage\":\"de\",\"potentialAction\":[{\"@type\":\"ReadAction\",\"target\":[\"https:\/\/caffebo.ee\/fi\/caffebo-kahvit\/\"]}]},{\"@type\":\"ImageObject\",\"inLanguage\":\"de\",\"@id\":\"https:\/\/caffebo.ee\/fi\/caffebo-kahvit\/#primaryimage\",\"url\":\"https:\/\/caffebo.ee\/wp-content\/uploads\/2021\/04\/2-2.png\",\"contentUrl\":\"https:\/\/caffebo.ee\/wp-content\/uploads\/2021\/04\/2-2.png\"},{\"@type\":\"BreadcrumbList\",\"@id\":\"https:\/\/caffebo.ee\/fi\/caffebo-kahvit\/#breadcrumb\",\"itemListElement\":[{\"@type\":\"ListItem\",\"position\":1,\"name\":\"Home\",\"item\":\"https:\/\/caffebo.ee\/de\/homepage\/\"},{\"@type\":\"ListItem\",\"position\":2,\"name\":\"Caffebo kahvit\"}]},{\"@type\":\"WebSite\",\"@id\":\"https:\/\/caffebo.ee\/#website\",\"url\":\"https:\/\/caffebo.ee\/\",\"name\":\"Caffebo.ee - Kohvide r\u00f6stimine\",\"description\":\"Caffebo.ee - Kohvi r\u00f6stimine Eestis\",\"publisher\":{\"@id\":\"https:\/\/caffebo.ee\/#organization\"},\"potentialAction\":[{\"@type\":\"SearchAction\",\"target\":{\"@type\":\"EntryPoint\",\"urlTemplate\":\"https:\/\/caffebo.ee\/?s={search_term_string}\"},\"query-input\":{\"@type\":\"PropertyValueSpecification\",\"valueRequired\":true,\"valueName\":\"search_term_string\"}}],\"inLanguage\":\"de\"},{\"@type\":\"Organization\",\"@id\":\"https:\/\/caffebo.ee\/#organization\",\"name\":\"Caffebo O\u00dc\",\"url\":\"https:\/\/caffebo.ee\/\",\"logo\":{\"@type\":\"ImageObject\",\"inLanguage\":\"de\",\"@id\":\"https:\/\/caffebo.ee\/#\/schema\/logo\/image\/\",\"url\":\"https:\/\/caffebo.ee\/wp-content\/uploads\/2021\/03\/caffebo-logo-rgb-01-1.png\",\"contentUrl\":\"https:\/\/caffebo.ee\/wp-content\/uploads\/2021\/03\/caffebo-logo-rgb-01-1.png\",\"width\":500,\"height\":300,\"caption\":\"Caffebo O\u00dc\"},\"image\":{\"@id\":\"https:\/\/caffebo.ee\/#\/schema\/logo\/image\/\"}}]}<\/script>\n<!-- \/ Yoast SEO plugin. -->","yoast_head_json":{"title":"Caffebo kahvit - Caffebo.ee - Kohvi r\u00f6stimine","robots":{"index":"index","follow":"follow","max-snippet":"max-snippet:-1","max-image-preview":"max-image-preview:large","max-video-preview":"max-video-preview:-1"},"canonical":"https:\/\/caffebo.ee\/fi\/caffebo-kahvit\/","og_locale":"de_DE","og_type":"article","og_title":"Caffebo kahvit - Caffebo.ee - Kohvi r\u00f6stimine","og_description":"Meie missioon Totuus ja Oikeus Kahviemme maut tai reseptit ovat kehitt\u00e4neet paahtimomme yhteisty\u00f6ss\u00e4 satojen virolaisten kanssa. Martin, Maria, Margus, Sirje, J\u00fcri ja monet muut kahvin yst\u00e4v\u00e4t osallistuivat Caffebon kahvinmaistajaryhmiin, joiden aikana he valitsivat suosikkinsa. Useiden testikierrosten j\u00e4lkeen vahvistimme Caffebon Oikeus ja Totuus -reseptit \u2013 ne todella ovat Vox Populi, kansan \u00e4\u00e4ni! Caffebo T\u00f5de on t\u00e4t\u00e4 [&hellip;]","og_url":"https:\/\/caffebo.ee\/fi\/caffebo-kahvit\/","og_site_name":"Caffebo.ee - Kohvi r\u00f6stimine","article_modified_time":"2023-02-16T07:13:47+00:00","og_image":[{"url":"https:\/\/caffebo.ee\/wp-content\/uploads\/2021\/04\/2-2.png","type":"","width":"","height":""}],"twitter_card":"summary_large_image","twitter_misc":{"Gesch\u00e4tzte Lesezeit":"1\u00a0Minute"},"schema":{"@context":"https:\/\/schema.org","@graph":[{"@type":"WebPage","@id":"https:\/\/caffebo.ee\/fi\/caffebo-kahvit\/","url":"https:\/\/caffebo.ee\/fi\/caffebo-kahvit\/","name":"Caffebo kahvit - Caffebo.ee - Kohvi r\u00f6stimine","isPartOf":{"@id":"https:\/\/caffebo.ee\/#website"},"primaryImageOfPage":{"@id":"https:\/\/caffebo.ee\/fi\/caffebo-kahvit\/#primaryimage"},"image":{"@id":"https:\/\/caffebo.ee\/fi\/caffebo-kahvit\/#primaryimage"},"thumbnailUrl":"https:\/\/caffebo.ee\/wp-content\/uploads\/2021\/04\/2-2.png","datePublished":"2021-03-17T11:41:19+00:00","dateModified":"2023-02-16T07:13:47+00:00","breadcrumb":{"@id":"https:\/\/caffebo.ee\/fi\/caffebo-kahvit\/#breadcrumb"},"inLanguage":"de","potentialAction":[{"@type":"ReadAction","target":["https:\/\/caffebo.ee\/fi\/caffebo-kahvit\/"]}]},{"@type":"ImageObject","inLanguage":"de","@id":"https:\/\/caffebo.ee\/fi\/caffebo-kahvit\/#primaryimage","url":"https:\/\/caffebo.ee\/wp-content\/uploads\/2021\/04\/2-2.png","contentUrl":"https:\/\/caffebo.ee\/wp-content\/uploads\/2021\/04\/2-2.png"},{"@type":"BreadcrumbList","@id":"https:\/\/caffebo.ee\/fi\/caffebo-kahvit\/#breadcrumb","itemListElement":[{"@type":"ListItem","position":1,"name":"Home","item":"https:\/\/caffebo.ee\/de\/homepage\/"},{"@type":"ListItem","position":2,"name":"Caffebo kahvit"}]},{"@type":"WebSite","@id":"https:\/\/caffebo.ee\/#website","url":"https:\/\/caffebo.ee\/","name":"Caffebo.ee - Kohvide r\u00f6stimine","description":"Caffebo.ee - Kohvi r\u00f6stimine Eestis","publisher":{"@id":"https:\/\/caffebo.ee\/#organization"},"potentialAction":[{"@type":"SearchAction","target":{"@type":"EntryPoint","urlTemplate":"https:\/\/caffebo.ee\/?s={search_term_string}"},"query-input":{"@type":"PropertyValueSpecification","valueRequired":true,"valueName":"search_term_string"}}],"inLanguage":"de"},{"@type":"Organization","@id":"https:\/\/caffebo.ee\/#organization","name":"Caffebo O\u00dc","url":"https:\/\/caffebo.ee\/","logo":{"@type":"ImageObject","inLanguage":"de","@id":"https:\/\/caffebo.ee\/#\/schema\/logo\/image\/","url":"https:\/\/caffebo.ee\/wp-content\/uploads\/2021\/03\/caffebo-logo-rgb-01-1.png","contentUrl":"https:\/\/caffebo.ee\/wp-content\/uploads\/2021\/03\/caffebo-logo-rgb-01-1.png","width":500,"height":300,"caption":"Caffebo O\u00dc"},"image":{"@id":"https:\/\/caffebo.ee\/#\/schema\/logo\/image\/"}}]}},"_links":{"self":[{"href":"https:\/\/caffebo.ee\/de\/wp-json\/wp\/v2\/pages\/15251","targetHints":{"allow":["GET"]}}],"collection":[{"href":"https:\/\/caffebo.ee\/de\/wp-json\/wp\/v2\/pages"}],"about":[{"href":"https:\/\/caffebo.ee\/de\/wp-json\/wp\/v2\/types\/page"}],"author":[{"embeddable":true,"href":"https:\/\/caffebo.ee\/de\/wp-json\/wp\/v2\/users\/11"}],"replies":[{"embeddable":true,"href":"https:\/\/caffebo.ee\/de\/wp-json\/wp\/v2\/comments?post=15251"}],"version-history":[{"count":7,"href":"https:\/\/caffebo.ee\/de\/wp-json\/wp\/v2\/pages\/15251\/revisions"}],"predecessor-version":[{"id":15297,"href":"https:\/\/caffebo.ee\/de\/wp-json\/wp\/v2\/pages\/15251\/revisions\/15297"}],"wp:attachment":[{"href":"https:\/\/caffebo.ee\/de\/wp-json\/wp\/v2\/media?parent=15251"}],"curies":[{"name":"wp","href":"https:\/\/api.w.org\/{rel}","templated":true}]}}