{"id":11149,"date":"2020-06-05T09:47:48","date_gmt":"2020-06-05T06:47:48","guid":{"rendered":"https:\/\/caffebo.ee\/mas\/"},"modified":"2023-02-01T06:25:02","modified_gmt":"2023-02-01T06:25:02","slug":"nuestra-marca","status":"publish","type":"page","link":"https:\/\/caffebo.ee\/en\/nuestra-marca\/","title":{"rendered":"Nuestra Marca"},"content":{"rendered":"\t\t<div data-elementor-type=\"wp-page\" data-elementor-id=\"11149\" class=\"elementor elementor-11149 elementor-673\">\n\t\t\t\t\t\t<div class=\"elementor-section elementor-top-section elementor-element elementor-element-0ccd46e elementor-section-content-middle elementor-section-boxed elementor-section-height-default elementor-section-height-default\" data-id=\"0ccd46e\" data-element_type=\"section\" data-e-type=\"section\">\n\t\t\t\t\t\t<div class=\"elementor-container elementor-column-gap-default\">\n\t\t\t\t\t<div class=\"elementor-column elementor-col-50 elementor-top-column elementor-element elementor-element-2f19278\" data-id=\"2f19278\" data-element_type=\"column\" data-e-type=\"column\">\n\t\t\t<div class=\"elementor-widget-wrap elementor-element-populated\">\n\t\t\t\t\t\t<div class=\"elementor-element elementor-element-4b23880 elementor-invisible elementor-widget elementor-widget-foodsto_section_title\" data-id=\"4b23880\" data-element_type=\"widget\" data-e-type=\"widget\" data-settings=\"{&quot;_animation&quot;:&quot;fadeInLeft&quot;}\" data-widget_type=\"foodsto_section_title.default\">\n\t\t\t\t<div class=\"elementor-widget-container\">\n\t\t\t\t\t\n<div class=\"iq-title-box\">\n\t\n\t<span class=\"iq-subtitle\">Who we are<\/span>\n\t<h2 class=\"iq-title\" >\n\t\tCaffebo\t<\/h2>\n\t\t\n\t\n\t<p class=\"iq-title-desc\">Caffebo es una f\u00e1brica de caf\u00e9 de estilo escandinavo establecida en Estonia, donde se preparan sabores de caf\u00e9 locales sin precedentes. Lo que nos hace especiales es que el paquete de caf\u00e9 que tienes en la mano contiene un ramo \u00fanico de sabores que solo puedes experimentar en Estonia. Un sentimiento local en tu taza. La cultura local a tu alcance. Nosotros, profesionales del caf\u00e9 con d\u00e9cadas de experiencia, creemos que no existe el mejor caf\u00e9 del mundo, sino diferentes sabores que son perfectos para un determinado momento, lugar o evento. Es por eso que ning\u00fan lote de Caffebo entra en producci\u00f3n antes de muchos tuestes de prueba y pruebas de sabor divertidas. Por lo tanto, Caffebo es una f\u00e1brica de caf\u00e9 \u00fanica, cuya selecci\u00f3n en cada regi\u00f3n describe las preferencias de la cultura local.<\/p><\/div>\n\t\t\t\t<\/div>\n\t\t\t\t<\/div>\n\t\t\t\t\t<\/div>\n\t\t<\/div>\n\t\t\t\t<div class=\"elementor-column elementor-col-50 elementor-top-column elementor-element elementor-element-539ffce\" data-id=\"539ffce\" data-element_type=\"column\" data-e-type=\"column\">\n\t\t\t<div class=\"elementor-widget-wrap elementor-element-populated\">\n\t\t\t\t\t\t<div class=\"elementor-element elementor-element-6f59431 elementor-hidden-tablet elementor-hidden-mobile elementor-invisible elementor-widget elementor-widget-image\" data-id=\"6f59431\" data-element_type=\"widget\" data-e-type=\"widget\" data-settings=\"{&quot;_animation&quot;:&quot;fadeInRight&quot;}\" data-widget_type=\"image.default\">\n\t\t\t\t<div class=\"elementor-widget-container\">\n\t\t\t\t\t\t\t\t\t\t\t\t\t\t\t<img fetchpriority=\"high\" decoding=\"async\" width=\"525\" height=\"906\" src=\"https:\/\/caffebo.ee\/wp-content\/uploads\/2021\/03\/Untitled-design-1.png\" class=\"attachment-large size-large wp-image-7553\" alt=\"\" srcset=\"https:\/\/caffebo.ee\/wp-content\/uploads\/2021\/03\/Untitled-design-1.png 534w, https:\/\/caffebo.ee\/wp-content\/uploads\/2021\/03\/Untitled-design-1-174x300.png 174w\" sizes=\"100vw\" \/>\t\t\t\t\t\t\t\t\t\t\t\t\t\t\t<\/div>\n\t\t\t\t<\/div>\n\t\t\t\t\t<\/div>\n\t\t<\/div>\n\t\t\t\t\t<\/div>\n\t\t<\/div>\n\t\t\t\t<section class=\"elementor-section elementor-top-section elementor-element elementor-element-d7f381e elementor-section-boxed elementor-section-height-default elementor-section-height-default\" data-id=\"d7f381e\" data-element_type=\"section\" data-e-type=\"section\">\n\t\t\t\t\t\t<div class=\"elementor-container elementor-column-gap-default\">\n\t\t\t\t\t<div class=\"elementor-column elementor-col-50 elementor-top-column elementor-element elementor-element-06bb10f\" data-id=\"06bb10f\" data-element_type=\"column\" data-e-type=\"column\">\n\t\t\t<div class=\"elementor-widget-wrap elementor-element-populated\">\n\t\t\t\t\t\t<div class=\"elementor-element elementor-element-20aabdc elementor-widget elementor-widget-image\" data-id=\"20aabdc\" data-element_type=\"widget\" data-e-type=\"widget\" data-widget_type=\"image.default\">\n\t\t\t\t<div class=\"elementor-widget-container\">\n\t\t\t\t\t\t\t\t\t\t\t\t<figure class=\"wp-caption\">\n\t\t\t\t\t\t\t\t\t\t<img decoding=\"async\" src=\"https:\/\/caffebo.ee\/wp-content\/uploads\/2022\/10\/IMG_6544-scaled.jpg\" title=\"\" alt=\"\" loading=\"lazy\" \/>\t\t\t\t\t\t\t\t\t\t\t<figcaption class=\"widget-image-caption wp-caption-text\">Rudolf Leimets, maestro tostador de Caffebo<\/figcaption>\n\t\t\t\t\t\t\t\t\t\t<\/figure>\n\t\t\t\t\t\t\t\t\t<\/div>\n\t\t\t\t<\/div>\n\t\t\t\t\t<\/div>\n\t\t<\/div>\n\t\t\t\t<div class=\"elementor-column elementor-col-50 elementor-top-column elementor-element elementor-element-33ab6ea\" data-id=\"33ab6ea\" data-element_type=\"column\" data-e-type=\"column\">\n\t\t\t<div class=\"elementor-widget-wrap elementor-element-populated\">\n\t\t\t\t\t\t<div class=\"elementor-element elementor-element-4b2d6dd elementor-widget elementor-widget-text-editor\" data-id=\"4b2d6dd\" data-element_type=\"widget\" data-e-type=\"widget\" data-widget_type=\"text-editor.default\">\n\t\t\t\t<div class=\"elementor-widget-container\">\n\t\t\t\t\t\t\t\t\t<p>Mi andadura en el mundo del caf\u00e9 comenz\u00f3 en 2020. A principios de a\u00f1o en Caffebo, que ha estado lleno de tostadas, catas y desarrollo de productos desde todos los \u00e1ngulos y elementos. El objetivo diario es llevar a la taza de los lugare\u00f1os un caf\u00e9 de alta calidad, cuidadosamente tostado y con un agradable aroma para que conquistar el mundo sea m\u00e1s f\u00e1cil \ud83d\ude42<\/p>\n\t\t\t\t\t\t\t\t<\/div>\n\t\t\t\t<\/div>\n\t\t\t\t\t<\/div>\n\t\t<\/div>\n\t\t\t\t\t<\/div>\n\t\t<\/section>\n\t\t\t\t<section class=\"elementor-section elementor-top-section elementor-element elementor-element-db8fbe5 elementor-section-boxed elementor-section-height-default elementor-section-height-default\" data-id=\"db8fbe5\" data-element_type=\"section\" data-e-type=\"section\">\n\t\t\t\t\t\t<div class=\"elementor-container elementor-column-gap-default\">\n\t\t\t\t\t<div class=\"elementor-column elementor-col-50 elementor-top-column elementor-element elementor-element-68e781e\" data-id=\"68e781e\" data-element_type=\"column\" data-e-type=\"column\">\n\t\t\t<div class=\"elementor-widget-wrap elementor-element-populated\">\n\t\t\t\t\t\t<div class=\"elementor-element elementor-element-ce8487e elementor-widget elementor-widget-image\" data-id=\"ce8487e\" data-element_type=\"widget\" data-e-type=\"widget\" data-widget_type=\"image.default\">\n\t\t\t\t<div class=\"elementor-widget-container\">\n\t\t\t\t\t\t\t\t\t\t\t\t<figure class=\"wp-caption\">\n\t\t\t\t\t\t\t\t\t\t<img decoding=\"async\" src=\"https:\/\/caffebo.ee\/wp-content\/uploads\/2022\/10\/IMG_6537-scaled.jpg\" title=\"\" alt=\"\" loading=\"lazy\" \/>\t\t\t\t\t\t\t\t\t\t\t<figcaption class=\"widget-image-caption wp-caption-text\">Mart Roosmets, Miembro de la Junta Directiva, Caffebo<\/figcaption>\n\t\t\t\t\t\t\t\t\t\t<\/figure>\n\t\t\t\t\t\t\t\t\t<\/div>\n\t\t\t\t<\/div>\n\t\t\t\t\t<\/div>\n\t\t<\/div>\n\t\t\t\t<div class=\"elementor-column elementor-col-50 elementor-top-column elementor-element elementor-element-cbe7c37\" data-id=\"cbe7c37\" data-element_type=\"column\" data-e-type=\"column\">\n\t\t\t<div class=\"elementor-widget-wrap elementor-element-populated\">\n\t\t\t\t\t\t<div class=\"elementor-element elementor-element-79285f1 elementor-widget elementor-widget-text-editor\" data-id=\"79285f1\" data-element_type=\"widget\" data-e-type=\"widget\" data-widget_type=\"text-editor.default\">\n\t\t\t\t<div class=\"elementor-widget-container\">\n\t\t\t\t\t\t\t\t\t<p style=\"font-weight: 400;\">Caffebo es un ni\u00f1o especial que fue muy bien acogido&#8230; \ud83d\ude42<\/p>\n<p style=\"font-weight: 400;\">Llevamos en el mundo del caf\u00e9 desde el a\u00f1o 2000, y todos esos a\u00f1os de habilidades, trucos y experiencia se han volcado en la f\u00e1brica y los caf\u00e9s de Caffebo.<\/p>\n<p style=\"font-weight: 400;\">\u00a1Asamos con mucho gusto!<\/p>\n\t\t\t\t\t\t\t\t<\/div>\n\t\t\t\t<\/div>\n\t\t\t\t\t<\/div>\n\t\t<\/div>\n\t\t\t\t\t<\/div>\n\t\t<\/section>\n\t\t\t\t<section class=\"elementor-section elementor-top-section elementor-element elementor-element-7723482 elementor-section-boxed elementor-section-height-default elementor-section-height-default\" data-id=\"7723482\" data-element_type=\"section\" data-e-type=\"section\">\n\t\t\t\t\t\t<div class=\"elementor-container elementor-column-gap-default\">\n\t\t\t\t\t<div class=\"elementor-column elementor-col-50 elementor-top-column elementor-element elementor-element-31541bb\" data-id=\"31541bb\" data-element_type=\"column\" data-e-type=\"column\">\n\t\t\t<div class=\"elementor-widget-wrap elementor-element-populated\">\n\t\t\t\t\t\t<div class=\"elementor-element elementor-element-34ab3f9 elementor-widget elementor-widget-image\" data-id=\"34ab3f9\" data-element_type=\"widget\" data-e-type=\"widget\" data-widget_type=\"image.default\">\n\t\t\t\t<div class=\"elementor-widget-container\">\n\t\t\t\t\t\t\t\t\t\t\t\t<figure class=\"wp-caption\">\n\t\t\t\t\t\t\t\t\t\t<img decoding=\"async\" width=\"246\" height=\"300\" src=\"https:\/\/caffebo.ee\/wp-content\/uploads\/2021\/04\/2-3-246x300.png\" class=\"attachment-medium size-medium wp-image-7616\" alt=\"\" srcset=\"https:\/\/caffebo.ee\/wp-content\/uploads\/2021\/04\/2-3-246x300.png 246w, https:\/\/caffebo.ee\/wp-content\/uploads\/2021\/04\/2-3.png 386w\" sizes=\"100vw\" \/>\t\t\t\t\t\t\t\t\t\t\t<figcaption class=\"widget-image-caption wp-caption-text\">\u00dcllar Ink, miembro de la junta directiva de Caffebo<\/figcaption>\n\t\t\t\t\t\t\t\t\t\t<\/figure>\n\t\t\t\t\t\t\t\t\t<\/div>\n\t\t\t\t<\/div>\n\t\t\t\t\t<\/div>\n\t\t<\/div>\n\t\t\t\t<div class=\"elementor-column elementor-col-50 elementor-top-column elementor-element elementor-element-d56a692\" data-id=\"d56a692\" data-element_type=\"column\" data-e-type=\"column\">\n\t\t\t<div class=\"elementor-widget-wrap elementor-element-populated\">\n\t\t\t\t\t\t<div class=\"elementor-element elementor-element-80bbea1 elementor-widget elementor-widget-text-editor\" data-id=\"80bbea1\" data-element_type=\"widget\" data-e-type=\"widget\" data-widget_type=\"text-editor.default\">\n\t\t\t\t<div class=\"elementor-widget-container\">\n\t\t\t\t\t\t\t\t\t<p style=\"font-weight: 400;\">Llevo en el mundo del caf\u00e9 desde 2003, cuando empec\u00e9 como t\u00e9cnico reparando y manteniendo m\u00e1quinas de caf\u00e9 para que los clientes pudieran seguir disfrutando del mejor caf\u00e9 en su taza.<\/p>\n<p style=\"font-weight: 400;\">A\u00f1os antes de que se fundara CaffeBo y se sumergiera en el mundo del tueste, los tostadores m\u00e1s peque\u00f1os se introdujeron en el mundo del tueste y enseguida tuvieron claro que el siguiente paso era abrir su propia f\u00e1brica de tueste.<\/p>\n<p style=\"font-weight: 400;\">Se me ha encomendado la tarea de velar por el buen funcionamiento y mantenimiento de la planta.<\/p>\n<p style=\"font-weight: 400;\">Gracias a CaffeBo y a nuestra larga experiencia en el mundo del caf\u00e9, podemos tostar el caf\u00e9 que mejor se adapta al consumidor estonio.<\/p>\n<p style=\"font-weight: 400;\">\n\t\t\t\t\t\t\t\t<\/div>\n\t\t\t\t<\/div>\n\t\t\t\t\t<\/div>\n\t\t<\/div>\n\t\t\t\t\t<\/div>\n\t\t<\/section>\n\t\t\t\t<section class=\"elementor-section elementor-top-section elementor-element elementor-element-004890b elementor-section-boxed elementor-section-height-default elementor-section-height-default\" data-id=\"004890b\" data-element_type=\"section\" data-e-type=\"section\">\n\t\t\t\t\t\t<div class=\"elementor-container elementor-column-gap-default\">\n\t\t\t\t\t<div class=\"elementor-column elementor-col-50 elementor-top-column elementor-element elementor-element-8bd5d6f\" data-id=\"8bd5d6f\" data-element_type=\"column\" data-e-type=\"column\">\n\t\t\t<div class=\"elementor-widget-wrap elementor-element-populated\">\n\t\t\t\t\t\t<div class=\"elementor-element elementor-element-00faac3 elementor-widget elementor-widget-image\" data-id=\"00faac3\" data-element_type=\"widget\" data-e-type=\"widget\" data-widget_type=\"image.default\">\n\t\t\t\t<div class=\"elementor-widget-container\">\n\t\t\t\t\t\t\t\t\t\t\t\t<figure class=\"wp-caption\">\n\t\t\t\t\t\t\t\t\t\t<img decoding=\"async\" width=\"225\" height=\"300\" src=\"https:\/\/caffebo.ee\/wp-content\/uploads\/2022\/12\/Untitled-design-3-225x300.png\" class=\"attachment-medium size-medium wp-image-7745\" alt=\"\" srcset=\"https:\/\/caffebo.ee\/wp-content\/uploads\/2022\/12\/Untitled-design-3-225x300.png 225w, https:\/\/caffebo.ee\/wp-content\/uploads\/2022\/12\/Untitled-design-3-768x1024.png 768w, https:\/\/caffebo.ee\/wp-content\/uploads\/2022\/12\/Untitled-design-3-1152x1536.png 1152w, https:\/\/caffebo.ee\/wp-content\/uploads\/2022\/12\/Untitled-design-3-1536x2048.png 1536w, https:\/\/caffebo.ee\/wp-content\/uploads\/2022\/12\/Untitled-design-3-600x800.png 600w, https:\/\/caffebo.ee\/wp-content\/uploads\/2022\/12\/Untitled-design-3.png 1920w\" sizes=\"100vw\" \/>\t\t\t\t\t\t\t\t\t\t\t<figcaption class=\"widget-image-caption wp-caption-text\">T\u00f5nis Juulik, miembro de la Junta Directiva de Caffebo<\/figcaption>\n\t\t\t\t\t\t\t\t\t\t<\/figure>\n\t\t\t\t\t\t\t\t\t<\/div>\n\t\t\t\t<\/div>\n\t\t\t\t\t<\/div>\n\t\t<\/div>\n\t\t\t\t<div class=\"elementor-column elementor-col-50 elementor-top-column elementor-element elementor-element-1bedf6e\" data-id=\"1bedf6e\" data-element_type=\"column\" data-e-type=\"column\">\n\t\t\t<div class=\"elementor-widget-wrap elementor-element-populated\">\n\t\t\t\t\t\t<div class=\"elementor-element elementor-element-0c800b9 elementor-widget elementor-widget-text-editor\" data-id=\"0c800b9\" data-element_type=\"widget\" data-e-type=\"widget\" data-widget_type=\"text-editor.default\">\n\t\t\t\t<div class=\"elementor-widget-container\">\n\t\t\t\t\t\t\t\t\t<p style=\"font-weight: 400;\">Mi viaje en el mundo del caf\u00e9 comenz\u00f3 en 2010. en Saaremaa. En los primeros tiempos, no hab\u00eda conocimientos ni experiencia previos en este campo, por lo que hubo mucho de autoaprendizaje y descubrimiento en el mundo del caf\u00e9. 2014 a. empez\u00f3 a germinar la idea de crear una f\u00e1brica de tostado de caf\u00e9. 2018 a. decidimos seguir este camino y en 2019. En junio, ya recibimos la primera producci\u00f3n de nuestra propia f\u00e1brica de Caffebo.<\/p>\n<p style=\"font-weight: 400;\">El objetivo de Caffebo es convertirse en la mayor f\u00e1brica de caf\u00e9 del B\u00e1ltico.<\/p>\n\t\t\t\t\t\t\t\t<\/div>\n\t\t\t\t<\/div>\n\t\t\t\t\t<\/div>\n\t\t<\/div>\n\t\t\t\t\t<\/div>\n\t\t<\/section>\n\t\t\t\t<\/div>\n\t\t","protected":false},"excerpt":{"rendered":"<p>Who we are Caffebo Caffebo es una f\u00e1brica de caf\u00e9 de estilo escandinavo establecida en Estonia, donde se preparan sabores de caf\u00e9 locales sin precedentes. Lo que nos hace especiales es que el paquete de caf\u00e9 que tienes en la mano contiene un ramo \u00fanico de sabores que solo puedes experimentar en Estonia. Un sentimiento [&hellip;]<\/p>\n","protected":false},"author":1,"featured_media":10794,"parent":0,"menu_order":0,"comment_status":"closed","ping_status":"closed","template":"","meta":{"iawp_total_views":15,"footnotes":""},"class_list":["post-11149","page","type-page","status-publish","has-post-thumbnail","hentry"],"yoast_head":"<!-- This site is optimized with the Yoast SEO plugin v27.4 - https:\/\/yoast.com\/product\/yoast-seo-wordpress\/ -->\n<title>Nuestra Marca - Caffebo.ee - Kohvi r\u00f6stimine<\/title>\n<meta name=\"robots\" content=\"index, follow, max-snippet:-1, max-image-preview:large, max-video-preview:-1\" \/>\n<link rel=\"canonical\" href=\"https:\/\/caffebo.ee\/es\/nuestra-marca\/\" \/>\n<meta property=\"og:locale\" content=\"en_US\" \/>\n<meta property=\"og:type\" content=\"article\" \/>\n<meta property=\"og:title\" content=\"Nuestra Marca - Caffebo.ee - Kohvi r\u00f6stimine\" \/>\n<meta property=\"og:description\" content=\"Who we are Caffebo Caffebo es una f\u00e1brica de caf\u00e9 de estilo escandinavo establecida en Estonia, donde se preparan sabores de caf\u00e9 locales sin precedentes. Lo que nos hace especiales es que el paquete de caf\u00e9 que tienes en la mano contiene un ramo \u00fanico de sabores que solo puedes experimentar en Estonia. Un sentimiento [&hellip;]\" \/>\n<meta property=\"og:url\" content=\"https:\/\/caffebo.ee\/es\/nuestra-marca\/\" \/>\n<meta property=\"og:site_name\" content=\"Caffebo.ee - Kohvi r\u00f6stimine\" \/>\n<meta property=\"article:modified_time\" content=\"2023-02-01T06:25:02+00:00\" \/>\n<meta property=\"og:image\" content=\"https:\/\/caffebo.ee\/wp-content\/uploads\/2021\/03\/Untitled-design.png\" \/>\n\t<meta property=\"og:image:width\" content=\"1920\" \/>\n\t<meta property=\"og:image:height\" content=\"700\" \/>\n\t<meta property=\"og:image:type\" content=\"image\/png\" \/>\n<meta name=\"twitter:card\" content=\"summary_large_image\" \/>\n<meta name=\"twitter:label1\" content=\"Est. reading time\" \/>\n\t<meta name=\"twitter:data1\" content=\"3 minutes\" \/>\n<script type=\"application\/ld+json\" class=\"yoast-schema-graph\">{\"@context\":\"https:\\\/\\\/schema.org\",\"@graph\":[{\"@type\":\"WebPage\",\"@id\":\"https:\\\/\\\/caffebo.ee\\\/es\\\/nuestra-marca\\\/\",\"url\":\"https:\\\/\\\/caffebo.ee\\\/es\\\/nuestra-marca\\\/\",\"name\":\"Nuestra Marca - Caffebo.ee - Kohvi r\u00f6stimine\",\"isPartOf\":{\"@id\":\"https:\\\/\\\/caffebo.ee\\\/#website\"},\"primaryImageOfPage\":{\"@id\":\"https:\\\/\\\/caffebo.ee\\\/es\\\/nuestra-marca\\\/#primaryimage\"},\"image\":{\"@id\":\"https:\\\/\\\/caffebo.ee\\\/es\\\/nuestra-marca\\\/#primaryimage\"},\"thumbnailUrl\":\"https:\\\/\\\/caffebo.ee\\\/wp-content\\\/uploads\\\/2021\\\/03\\\/Untitled-design.png\",\"datePublished\":\"2020-06-05T06:47:48+00:00\",\"dateModified\":\"2023-02-01T06:25:02+00:00\",\"breadcrumb\":{\"@id\":\"https:\\\/\\\/caffebo.ee\\\/es\\\/nuestra-marca\\\/#breadcrumb\"},\"inLanguage\":\"en-US\",\"potentialAction\":[{\"@type\":\"ReadAction\",\"target\":[\"https:\\\/\\\/caffebo.ee\\\/es\\\/nuestra-marca\\\/\"]}]},{\"@type\":\"ImageObject\",\"inLanguage\":\"en-US\",\"@id\":\"https:\\\/\\\/caffebo.ee\\\/es\\\/nuestra-marca\\\/#primaryimage\",\"url\":\"https:\\\/\\\/caffebo.ee\\\/wp-content\\\/uploads\\\/2021\\\/03\\\/Untitled-design.png\",\"contentUrl\":\"https:\\\/\\\/caffebo.ee\\\/wp-content\\\/uploads\\\/2021\\\/03\\\/Untitled-design.png\",\"width\":1920,\"height\":700},{\"@type\":\"BreadcrumbList\",\"@id\":\"https:\\\/\\\/caffebo.ee\\\/es\\\/nuestra-marca\\\/#breadcrumb\",\"itemListElement\":[{\"@type\":\"ListItem\",\"position\":1,\"name\":\"Home\",\"item\":\"https:\\\/\\\/caffebo.ee\\\/\"},{\"@type\":\"ListItem\",\"position\":2,\"name\":\"Nuestra Marca\"}]},{\"@type\":\"WebSite\",\"@id\":\"https:\\\/\\\/caffebo.ee\\\/#website\",\"url\":\"https:\\\/\\\/caffebo.ee\\\/\",\"name\":\"Caffebo.ee - Kohvide r\u00f6stimine\",\"description\":\"Caffebo.ee - Kohvi r\u00f6stimine Eestis\",\"publisher\":{\"@id\":\"https:\\\/\\\/caffebo.ee\\\/#organization\"},\"potentialAction\":[{\"@type\":\"SearchAction\",\"target\":{\"@type\":\"EntryPoint\",\"urlTemplate\":\"https:\\\/\\\/caffebo.ee\\\/?s={search_term_string}\"},\"query-input\":{\"@type\":\"PropertyValueSpecification\",\"valueRequired\":true,\"valueName\":\"search_term_string\"}}],\"inLanguage\":\"en-US\"},{\"@type\":\"Organization\",\"@id\":\"https:\\\/\\\/caffebo.ee\\\/#organization\",\"name\":\"Caffebo O\u00dc\",\"url\":\"https:\\\/\\\/caffebo.ee\\\/\",\"logo\":{\"@type\":\"ImageObject\",\"inLanguage\":\"en-US\",\"@id\":\"https:\\\/\\\/caffebo.ee\\\/#\\\/schema\\\/logo\\\/image\\\/\",\"url\":\"https:\\\/\\\/caffebo.ee\\\/wp-content\\\/uploads\\\/2021\\\/03\\\/caffebo-logo-rgb-01-1.png\",\"contentUrl\":\"https:\\\/\\\/caffebo.ee\\\/wp-content\\\/uploads\\\/2021\\\/03\\\/caffebo-logo-rgb-01-1.png\",\"width\":500,\"height\":300,\"caption\":\"Caffebo O\u00dc\"},\"image\":{\"@id\":\"https:\\\/\\\/caffebo.ee\\\/#\\\/schema\\\/logo\\\/image\\\/\"}}]}<\/script>\n<!-- \/ Yoast SEO plugin. -->","yoast_head_json":{"title":"Nuestra Marca - Caffebo.ee - Kohvi r\u00f6stimine","robots":{"index":"index","follow":"follow","max-snippet":"max-snippet:-1","max-image-preview":"max-image-preview:large","max-video-preview":"max-video-preview:-1"},"canonical":"https:\/\/caffebo.ee\/es\/nuestra-marca\/","og_locale":"en_US","og_type":"article","og_title":"Nuestra Marca - Caffebo.ee - Kohvi r\u00f6stimine","og_description":"Who we are Caffebo Caffebo es una f\u00e1brica de caf\u00e9 de estilo escandinavo establecida en Estonia, donde se preparan sabores de caf\u00e9 locales sin precedentes. Lo que nos hace especiales es que el paquete de caf\u00e9 que tienes en la mano contiene un ramo \u00fanico de sabores que solo puedes experimentar en Estonia. Un sentimiento [&hellip;]","og_url":"https:\/\/caffebo.ee\/es\/nuestra-marca\/","og_site_name":"Caffebo.ee - Kohvi r\u00f6stimine","article_modified_time":"2023-02-01T06:25:02+00:00","og_image":[{"width":1920,"height":700,"url":"https:\/\/caffebo.ee\/wp-content\/uploads\/2021\/03\/Untitled-design.png","type":"image\/png"}],"twitter_card":"summary_large_image","twitter_misc":{"Est. reading time":"3 minutes"},"schema":{"@context":"https:\/\/schema.org","@graph":[{"@type":"WebPage","@id":"https:\/\/caffebo.ee\/es\/nuestra-marca\/","url":"https:\/\/caffebo.ee\/es\/nuestra-marca\/","name":"Nuestra Marca - Caffebo.ee - Kohvi r\u00f6stimine","isPartOf":{"@id":"https:\/\/caffebo.ee\/#website"},"primaryImageOfPage":{"@id":"https:\/\/caffebo.ee\/es\/nuestra-marca\/#primaryimage"},"image":{"@id":"https:\/\/caffebo.ee\/es\/nuestra-marca\/#primaryimage"},"thumbnailUrl":"https:\/\/caffebo.ee\/wp-content\/uploads\/2021\/03\/Untitled-design.png","datePublished":"2020-06-05T06:47:48+00:00","dateModified":"2023-02-01T06:25:02+00:00","breadcrumb":{"@id":"https:\/\/caffebo.ee\/es\/nuestra-marca\/#breadcrumb"},"inLanguage":"en-US","potentialAction":[{"@type":"ReadAction","target":["https:\/\/caffebo.ee\/es\/nuestra-marca\/"]}]},{"@type":"ImageObject","inLanguage":"en-US","@id":"https:\/\/caffebo.ee\/es\/nuestra-marca\/#primaryimage","url":"https:\/\/caffebo.ee\/wp-content\/uploads\/2021\/03\/Untitled-design.png","contentUrl":"https:\/\/caffebo.ee\/wp-content\/uploads\/2021\/03\/Untitled-design.png","width":1920,"height":700},{"@type":"BreadcrumbList","@id":"https:\/\/caffebo.ee\/es\/nuestra-marca\/#breadcrumb","itemListElement":[{"@type":"ListItem","position":1,"name":"Home","item":"https:\/\/caffebo.ee\/"},{"@type":"ListItem","position":2,"name":"Nuestra Marca"}]},{"@type":"WebSite","@id":"https:\/\/caffebo.ee\/#website","url":"https:\/\/caffebo.ee\/","name":"Caffebo.ee - Kohvide r\u00f6stimine","description":"Caffebo.ee - Kohvi r\u00f6stimine Eestis","publisher":{"@id":"https:\/\/caffebo.ee\/#organization"},"potentialAction":[{"@type":"SearchAction","target":{"@type":"EntryPoint","urlTemplate":"https:\/\/caffebo.ee\/?s={search_term_string}"},"query-input":{"@type":"PropertyValueSpecification","valueRequired":true,"valueName":"search_term_string"}}],"inLanguage":"en-US"},{"@type":"Organization","@id":"https:\/\/caffebo.ee\/#organization","name":"Caffebo O\u00dc","url":"https:\/\/caffebo.ee\/","logo":{"@type":"ImageObject","inLanguage":"en-US","@id":"https:\/\/caffebo.ee\/#\/schema\/logo\/image\/","url":"https:\/\/caffebo.ee\/wp-content\/uploads\/2021\/03\/caffebo-logo-rgb-01-1.png","contentUrl":"https:\/\/caffebo.ee\/wp-content\/uploads\/2021\/03\/caffebo-logo-rgb-01-1.png","width":500,"height":300,"caption":"Caffebo O\u00dc"},"image":{"@id":"https:\/\/caffebo.ee\/#\/schema\/logo\/image\/"}}]}},"_links":{"self":[{"href":"https:\/\/caffebo.ee\/en\/wp-json\/wp\/v2\/pages\/11149","targetHints":{"allow":["GET"]}}],"collection":[{"href":"https:\/\/caffebo.ee\/en\/wp-json\/wp\/v2\/pages"}],"about":[{"href":"https:\/\/caffebo.ee\/en\/wp-json\/wp\/v2\/types\/page"}],"author":[{"embeddable":true,"href":"https:\/\/caffebo.ee\/en\/wp-json\/wp\/v2\/users\/1"}],"replies":[{"embeddable":true,"href":"https:\/\/caffebo.ee\/en\/wp-json\/wp\/v2\/comments?post=11149"}],"version-history":[{"count":6,"href":"https:\/\/caffebo.ee\/en\/wp-json\/wp\/v2\/pages\/11149\/revisions"}],"predecessor-version":[{"id":11341,"href":"https:\/\/caffebo.ee\/en\/wp-json\/wp\/v2\/pages\/11149\/revisions\/11341"}],"wp:featuredmedia":[{"embeddable":true,"href":"https:\/\/caffebo.ee\/en\/wp-json\/wp\/v2\/media\/10794"}],"wp:attachment":[{"href":"https:\/\/caffebo.ee\/en\/wp-json\/wp\/v2\/media?parent=11149"}],"curies":[{"name":"wp","href":"https:\/\/api.w.org\/{rel}","templated":true}]}}