{"id":12714,"date":"2020-06-05T09:47:48","date_gmt":"2020-06-05T06:47:48","guid":{"rendered":"https:\/\/caffebo.ee\/plus\/"},"modified":"2023-02-02T14:24:24","modified_gmt":"2023-02-02T14:24:24","slug":"plus","status":"publish","type":"page","link":"https:\/\/caffebo.ee\/en\/plus\/","title":{"rendered":"PLUS"},"content":{"rendered":"\t\t<div data-elementor-type=\"wp-page\" data-elementor-id=\"12714\" class=\"elementor elementor-12714 elementor-673\">\n\t\t\t\t\t\t<div class=\"elementor-section elementor-top-section elementor-element elementor-element-0ccd46e elementor-section-content-middle elementor-section-boxed elementor-section-height-default elementor-section-height-default\" data-id=\"0ccd46e\" data-element_type=\"section\" data-e-type=\"section\">\n\t\t\t\t\t\t<div class=\"elementor-container elementor-column-gap-default\">\n\t\t\t\t\t<div class=\"elementor-column elementor-col-50 elementor-top-column elementor-element elementor-element-2f19278\" data-id=\"2f19278\" data-element_type=\"column\" data-e-type=\"column\">\n\t\t\t<div class=\"elementor-widget-wrap elementor-element-populated\">\n\t\t\t\t\t\t<div class=\"elementor-element elementor-element-4b23880 elementor-invisible elementor-widget elementor-widget-foodsto_section_title\" data-id=\"4b23880\" data-element_type=\"widget\" data-e-type=\"widget\" data-settings=\"{&quot;_animation&quot;:&quot;fadeInLeft&quot;}\" data-widget_type=\"foodsto_section_title.default\">\n\t\t\t\t<div class=\"elementor-widget-container\">\n\t\t\t\t\t\n<div class=\"iq-title-box\">\n\t\n\t<span class=\"iq-subtitle\">Who we are<\/span>\n\t<h2 class=\"iq-title\" >\n\t\tMarque Caffebo\t<\/h2>\n\t\t\n\t\n\t<p class=\"iq-title-desc\">Caffebo est une usine de caf\u00e9 de style scandinave \u00e9tablie en Estonie, o\u00f9 des saveurs de caf\u00e9 locales sans pr\u00e9c\u00e9dent sont pr\u00e9par\u00e9es. Ce qui nous rend sp\u00e9ciaux, c&#8217;est que le paquet de caf\u00e9 que vous tenez dans votre main contient un bouquet unique de saveurs que vous ne pouvez d\u00e9couvrir qu&#8217;en Estonie. Une sensation locale dans votre tasse. La culture locale \u00e0 port\u00e9e de main. Nous, professionnels du caf\u00e9 avec des d\u00e9cennies d&#8217;exp\u00e9rience, croyons qu&#8217;il n&#8217;y a pas de meilleur caf\u00e9 au monde, mais diff\u00e9rentes saveurs qui sont parfaites pour un certain moment, lieu ou \u00e9v\u00e9nement. C&#8217;est pourquoi aucun lot de Caffebo n&#8217;entre en production avant de nombreux tests de torr\u00e9faction et tests de go\u00fbt ludiques. Par cons\u00e9quent, Caffebo est une usine de caf\u00e9 unique, dont la s\u00e9lection dans chaque r\u00e9gion d\u00e9crit les pr\u00e9f\u00e9rences de la culture locale.<\/p><\/div>\n\t\t\t\t<\/div>\n\t\t\t\t<\/div>\n\t\t\t\t\t<\/div>\n\t\t<\/div>\n\t\t\t\t<div class=\"elementor-column elementor-col-50 elementor-top-column elementor-element elementor-element-539ffce\" data-id=\"539ffce\" data-element_type=\"column\" data-e-type=\"column\">\n\t\t\t<div class=\"elementor-widget-wrap elementor-element-populated\">\n\t\t\t\t\t\t<div class=\"elementor-element elementor-element-6f59431 elementor-hidden-tablet elementor-hidden-mobile elementor-invisible elementor-widget elementor-widget-image\" data-id=\"6f59431\" data-element_type=\"widget\" data-e-type=\"widget\" data-settings=\"{&quot;_animation&quot;:&quot;fadeInRight&quot;}\" data-widget_type=\"image.default\">\n\t\t\t\t<div class=\"elementor-widget-container\">\n\t\t\t\t\t\t\t\t\t\t\t\t\t\t\t<img fetchpriority=\"high\" decoding=\"async\" width=\"525\" height=\"906\" src=\"https:\/\/caffebo.ee\/wp-content\/uploads\/2021\/03\/Untitled-design-1.png\" class=\"attachment-large size-large wp-image-7553\" alt=\"\" srcset=\"https:\/\/caffebo.ee\/wp-content\/uploads\/2021\/03\/Untitled-design-1.png 534w, https:\/\/caffebo.ee\/wp-content\/uploads\/2021\/03\/Untitled-design-1-174x300.png 174w\" sizes=\"100vw\" \/>\t\t\t\t\t\t\t\t\t\t\t\t\t\t\t<\/div>\n\t\t\t\t<\/div>\n\t\t\t\t\t<\/div>\n\t\t<\/div>\n\t\t\t\t\t<\/div>\n\t\t<\/div>\n\t\t\t\t<section class=\"elementor-section elementor-top-section elementor-element elementor-element-d7f381e elementor-section-boxed elementor-section-height-default elementor-section-height-default\" data-id=\"d7f381e\" data-element_type=\"section\" data-e-type=\"section\">\n\t\t\t\t\t\t<div class=\"elementor-container elementor-column-gap-default\">\n\t\t\t\t\t<div class=\"elementor-column elementor-col-50 elementor-top-column elementor-element elementor-element-06bb10f\" data-id=\"06bb10f\" data-element_type=\"column\" data-e-type=\"column\">\n\t\t\t<div class=\"elementor-widget-wrap elementor-element-populated\">\n\t\t\t\t\t\t<div class=\"elementor-element elementor-element-20aabdc elementor-widget elementor-widget-image\" data-id=\"20aabdc\" data-element_type=\"widget\" data-e-type=\"widget\" data-widget_type=\"image.default\">\n\t\t\t\t<div class=\"elementor-widget-container\">\n\t\t\t\t\t\t\t\t\t\t\t\t<figure class=\"wp-caption\">\n\t\t\t\t\t\t\t\t\t\t<img decoding=\"async\" src=\"https:\/\/caffebo.ee\/wp-content\/uploads\/2022\/10\/IMG_6544-scaled.jpg\" title=\"\" alt=\"\" loading=\"lazy\" \/>\t\t\t\t\t\t\t\t\t\t\t<figcaption class=\"widget-image-caption wp-caption-text\">Rudolf Leimets, ma\u00eetre torr\u00e9facteur de Caffebo<\/figcaption>\n\t\t\t\t\t\t\t\t\t\t<\/figure>\n\t\t\t\t\t\t\t\t\t<\/div>\n\t\t\t\t<\/div>\n\t\t\t\t\t<\/div>\n\t\t<\/div>\n\t\t\t\t<div class=\"elementor-column elementor-col-50 elementor-top-column elementor-element elementor-element-33ab6ea\" data-id=\"33ab6ea\" data-element_type=\"column\" data-e-type=\"column\">\n\t\t\t<div class=\"elementor-widget-wrap elementor-element-populated\">\n\t\t\t\t\t\t<div class=\"elementor-element elementor-element-4b2d6dd elementor-widget elementor-widget-text-editor\" data-id=\"4b2d6dd\" data-element_type=\"widget\" data-e-type=\"widget\" data-widget_type=\"text-editor.default\">\n\t\t\t\t<div class=\"elementor-widget-container\">\n\t\t\t\t\t\t\t\t\t<p>Mon voyage dans le monde du caf\u00e9 a commenc\u00e9 en 2020. Le d\u00e9but de l&#8217;ann\u00e9e chez Caffebo a \u00e9t\u00e9 riche en torr\u00e9factions, en d\u00e9gustations et en d\u00e9veloppement de produits sous tous les angles et \u00e9l\u00e9ments. L&#8217;objectif quotidien est d&#8217;apporter un caf\u00e9 de haute qualit\u00e9, soigneusement torr\u00e9fi\u00e9, avec un ar\u00f4me agr\u00e9able, dans la tasse des habitants pour faciliter la conqu\u00eate du monde \ud83d\ude42<\/p>\n\t\t\t\t\t\t\t\t<\/div>\n\t\t\t\t<\/div>\n\t\t\t\t\t<\/div>\n\t\t<\/div>\n\t\t\t\t\t<\/div>\n\t\t<\/section>\n\t\t\t\t<section class=\"elementor-section elementor-top-section elementor-element elementor-element-db8fbe5 elementor-section-boxed elementor-section-height-default elementor-section-height-default\" data-id=\"db8fbe5\" data-element_type=\"section\" data-e-type=\"section\">\n\t\t\t\t\t\t<div class=\"elementor-container elementor-column-gap-default\">\n\t\t\t\t\t<div class=\"elementor-column elementor-col-50 elementor-top-column elementor-element elementor-element-68e781e\" data-id=\"68e781e\" data-element_type=\"column\" data-e-type=\"column\">\n\t\t\t<div class=\"elementor-widget-wrap elementor-element-populated\">\n\t\t\t\t\t\t<div class=\"elementor-element elementor-element-ce8487e elementor-widget elementor-widget-image\" data-id=\"ce8487e\" data-element_type=\"widget\" data-e-type=\"widget\" data-widget_type=\"image.default\">\n\t\t\t\t<div class=\"elementor-widget-container\">\n\t\t\t\t\t\t\t\t\t\t\t\t<figure class=\"wp-caption\">\n\t\t\t\t\t\t\t\t\t\t<img decoding=\"async\" src=\"https:\/\/caffebo.ee\/wp-content\/uploads\/2022\/10\/IMG_6537-scaled.jpg\" title=\"\" alt=\"\" loading=\"lazy\" \/>\t\t\t\t\t\t\t\t\t\t\t<figcaption class=\"widget-image-caption wp-caption-text\">Mart Roosmets, membre du conseil d'administration, Caffebo<\/figcaption>\n\t\t\t\t\t\t\t\t\t\t<\/figure>\n\t\t\t\t\t\t\t\t\t<\/div>\n\t\t\t\t<\/div>\n\t\t\t\t\t<\/div>\n\t\t<\/div>\n\t\t\t\t<div class=\"elementor-column elementor-col-50 elementor-top-column elementor-element elementor-element-cbe7c37\" data-id=\"cbe7c37\" data-element_type=\"column\" data-e-type=\"column\">\n\t\t\t<div class=\"elementor-widget-wrap elementor-element-populated\">\n\t\t\t\t\t\t<div class=\"elementor-element elementor-element-79285f1 elementor-widget elementor-widget-text-editor\" data-id=\"79285f1\" data-element_type=\"widget\" data-e-type=\"widget\" data-widget_type=\"text-editor.default\">\n\t\t\t\t<div class=\"elementor-widget-container\">\n\t\t\t\t\t\t\t\t\t<p style=\"font-weight: 400;\">Caffebo est un enfant sp\u00e9cial qui a \u00e9t\u00e9 tr\u00e8s bien accueilli&#8230; \ud83d\ude42<\/p>\n<p style=\"font-weight: 400;\">Dans le monde du caf\u00e9 depuis 2000, toutes ces ann\u00e9es de comp\u00e9tences, d&#8217;astuces et d&#8217;exp\u00e9rience ont \u00e9t\u00e9 mises au service de l&#8217;usine et des caf\u00e9s Caffebo !<\/p>\n<p style=\"font-weight: 400;\">Nous r\u00f4tissons avec plaisir !<\/p>\n\t\t\t\t\t\t\t\t<\/div>\n\t\t\t\t<\/div>\n\t\t\t\t\t<\/div>\n\t\t<\/div>\n\t\t\t\t\t<\/div>\n\t\t<\/section>\n\t\t\t\t<section class=\"elementor-section elementor-top-section elementor-element elementor-element-7723482 elementor-section-boxed elementor-section-height-default elementor-section-height-default\" data-id=\"7723482\" data-element_type=\"section\" data-e-type=\"section\">\n\t\t\t\t\t\t<div class=\"elementor-container elementor-column-gap-default\">\n\t\t\t\t\t<div class=\"elementor-column elementor-col-50 elementor-top-column elementor-element elementor-element-31541bb\" data-id=\"31541bb\" data-element_type=\"column\" data-e-type=\"column\">\n\t\t\t<div class=\"elementor-widget-wrap elementor-element-populated\">\n\t\t\t\t\t\t<div class=\"elementor-element elementor-element-34ab3f9 elementor-widget elementor-widget-image\" data-id=\"34ab3f9\" data-element_type=\"widget\" data-e-type=\"widget\" data-widget_type=\"image.default\">\n\t\t\t\t<div class=\"elementor-widget-container\">\n\t\t\t\t\t\t\t\t\t\t\t\t<figure class=\"wp-caption\">\n\t\t\t\t\t\t\t\t\t\t<img decoding=\"async\" width=\"246\" height=\"300\" src=\"https:\/\/caffebo.ee\/wp-content\/uploads\/2021\/04\/2-3-246x300.png\" class=\"attachment-medium size-medium wp-image-7616\" alt=\"\" srcset=\"https:\/\/caffebo.ee\/wp-content\/uploads\/2021\/04\/2-3-246x300.png 246w, https:\/\/caffebo.ee\/wp-content\/uploads\/2021\/04\/2-3.png 386w\" sizes=\"100vw\" \/>\t\t\t\t\t\t\t\t\t\t\t<figcaption class=\"widget-image-caption wp-caption-text\">\u00dcllar Ink, membre du conseil d'administration de Caffebo<\/figcaption>\n\t\t\t\t\t\t\t\t\t\t<\/figure>\n\t\t\t\t\t\t\t\t\t<\/div>\n\t\t\t\t<\/div>\n\t\t\t\t\t<\/div>\n\t\t<\/div>\n\t\t\t\t<div class=\"elementor-column elementor-col-50 elementor-top-column elementor-element elementor-element-d56a692\" data-id=\"d56a692\" data-element_type=\"column\" data-e-type=\"column\">\n\t\t\t<div class=\"elementor-widget-wrap elementor-element-populated\">\n\t\t\t\t\t\t<div class=\"elementor-element elementor-element-80bbea1 elementor-widget elementor-widget-text-editor\" data-id=\"80bbea1\" data-element_type=\"widget\" data-e-type=\"widget\" data-widget_type=\"text-editor.default\">\n\t\t\t\t<div class=\"elementor-widget-container\">\n\t\t\t\t\t\t\t\t\t<p style=\"font-weight: 400;\">Je suis dans le monde du caf\u00e9 depuis 2003, lorsque j&#8217;ai commenc\u00e9 comme technicien charg\u00e9 de r\u00e9parer et d&#8217;entretenir les machines \u00e0 caf\u00e9 afin que les clients puissent continuer \u00e0 d\u00e9guster le meilleur caf\u00e9 dans leur tasse.<\/p>\n<p style=\"font-weight: 400;\">Des ann\u00e9es avant la cr\u00e9ation de CaffeBo, les petits torr\u00e9facteurs ont \u00e9t\u00e9 initi\u00e9s au monde de la torr\u00e9faction et il est imm\u00e9diatement apparu que la prochaine \u00e9tape \u00e9tait d&#8217;ouvrir leur propre usine de torr\u00e9faction.<\/p>\n<p style=\"font-weight: 400;\">J&#8217;ai \u00e9t\u00e9 charg\u00e9 de veiller \u00e0 ce que l&#8217;usine fonctionne bien et soit correctement entretenue.<\/p>\n<p style=\"font-weight: 400;\">Gr\u00e2ce \u00e0 CaffeBo et \u00e0 notre longue exp\u00e9rience dans le monde du caf\u00e9, nous sommes en mesure de torr\u00e9fier le caf\u00e9 qui convient le mieux au buveur de caf\u00e9 estonien.<\/p>\n<p style=\"font-weight: 400;\">\n\t\t\t\t\t\t\t\t<\/div>\n\t\t\t\t<\/div>\n\t\t\t\t\t<\/div>\n\t\t<\/div>\n\t\t\t\t\t<\/div>\n\t\t<\/section>\n\t\t\t\t<section class=\"elementor-section elementor-top-section elementor-element elementor-element-004890b elementor-section-boxed elementor-section-height-default elementor-section-height-default\" data-id=\"004890b\" data-element_type=\"section\" data-e-type=\"section\">\n\t\t\t\t\t\t<div class=\"elementor-container elementor-column-gap-default\">\n\t\t\t\t\t<div class=\"elementor-column elementor-col-50 elementor-top-column elementor-element elementor-element-8bd5d6f\" data-id=\"8bd5d6f\" data-element_type=\"column\" data-e-type=\"column\">\n\t\t\t<div class=\"elementor-widget-wrap elementor-element-populated\">\n\t\t\t\t\t\t<div class=\"elementor-element elementor-element-00faac3 elementor-widget elementor-widget-image\" data-id=\"00faac3\" data-element_type=\"widget\" data-e-type=\"widget\" data-widget_type=\"image.default\">\n\t\t\t\t<div class=\"elementor-widget-container\">\n\t\t\t\t\t\t\t\t\t\t\t\t<figure class=\"wp-caption\">\n\t\t\t\t\t\t\t\t\t\t<img decoding=\"async\" width=\"225\" height=\"300\" src=\"https:\/\/caffebo.ee\/wp-content\/uploads\/2022\/12\/Untitled-design-3-225x300.png\" class=\"attachment-medium size-medium wp-image-7745\" alt=\"\" srcset=\"https:\/\/caffebo.ee\/wp-content\/uploads\/2022\/12\/Untitled-design-3-225x300.png 225w, https:\/\/caffebo.ee\/wp-content\/uploads\/2022\/12\/Untitled-design-3-768x1024.png 768w, https:\/\/caffebo.ee\/wp-content\/uploads\/2022\/12\/Untitled-design-3-1152x1536.png 1152w, https:\/\/caffebo.ee\/wp-content\/uploads\/2022\/12\/Untitled-design-3-1536x2048.png 1536w, https:\/\/caffebo.ee\/wp-content\/uploads\/2022\/12\/Untitled-design-3-600x800.png 600w, https:\/\/caffebo.ee\/wp-content\/uploads\/2022\/12\/Untitled-design-3.png 1920w\" sizes=\"100vw\" \/>\t\t\t\t\t\t\t\t\t\t\t<figcaption class=\"widget-image-caption wp-caption-text\">T\u00f5nis Juulik, membre du conseil d'administration de Caffebo<\/figcaption>\n\t\t\t\t\t\t\t\t\t\t<\/figure>\n\t\t\t\t\t\t\t\t\t<\/div>\n\t\t\t\t<\/div>\n\t\t\t\t\t<\/div>\n\t\t<\/div>\n\t\t\t\t<div class=\"elementor-column elementor-col-50 elementor-top-column elementor-element elementor-element-1bedf6e\" data-id=\"1bedf6e\" data-element_type=\"column\" data-e-type=\"column\">\n\t\t\t<div class=\"elementor-widget-wrap elementor-element-populated\">\n\t\t\t\t\t\t<div class=\"elementor-element elementor-element-0c800b9 elementor-widget elementor-widget-text-editor\" data-id=\"0c800b9\" data-element_type=\"widget\" data-e-type=\"widget\" data-widget_type=\"text-editor.default\">\n\t\t\t\t<div class=\"elementor-widget-container\">\n\t\t\t\t\t\t\t\t\t<p style=\"font-weight: 400;\">Mon voyage dans le monde du caf\u00e9 a commenc\u00e9 en 2010. \u00e0 Saaremaa. Au d\u00e9but, il n&#8217;y avait pas de connaissances ni d&#8217;exp\u00e9rience pr\u00e9alables dans le domaine, il y avait donc beaucoup d&#8217;auto-apprentissage et de d\u00e9couvertes dans le monde du caf\u00e9. 2014 a. l&#8217;id\u00e9e de cr\u00e9er une usine de torr\u00e9faction du caf\u00e9 a commenc\u00e9 \u00e0 germer. 2018 a. nous avons d\u00e9cid\u00e9 de suivre cette voie et en 2019. En juin, nous avons d\u00e9j\u00e0 re\u00e7u la premi\u00e8re production de notre propre usine \u00e0 Caffebo.<\/p>\n<p style=\"font-weight: 400;\">L&#8217;objectif de Caffebo est de devenir la plus grande usine \u00e0 caf\u00e9 des pays baltes !<\/p>\n\t\t\t\t\t\t\t\t<\/div>\n\t\t\t\t<\/div>\n\t\t\t\t\t<\/div>\n\t\t<\/div>\n\t\t\t\t\t<\/div>\n\t\t<\/section>\n\t\t\t\t<\/div>\n\t\t","protected":false},"excerpt":{"rendered":"<p>Who we are Marque Caffebo Caffebo est une usine de caf\u00e9 de style scandinave \u00e9tablie en Estonie, o\u00f9 des saveurs de caf\u00e9 locales sans pr\u00e9c\u00e9dent sont pr\u00e9par\u00e9es. Ce qui nous rend sp\u00e9ciaux, c&#8217;est que le paquet de caf\u00e9 que vous tenez dans votre main contient un bouquet unique de saveurs que vous ne pouvez d\u00e9couvrir [&hellip;]<\/p>\n","protected":false},"author":1,"featured_media":12532,"parent":0,"menu_order":0,"comment_status":"closed","ping_status":"closed","template":"","meta":{"iawp_total_views":13,"footnotes":""},"class_list":["post-12714","page","type-page","status-publish","has-post-thumbnail","hentry"],"yoast_head":"<!-- This site is optimized with the Yoast SEO plugin v27.4 - https:\/\/yoast.com\/product\/yoast-seo-wordpress\/ -->\n<title>PLUS - Caffebo.ee - Kohvi r\u00f6stimine<\/title>\n<meta name=\"robots\" content=\"index, follow, max-snippet:-1, max-image-preview:large, max-video-preview:-1\" \/>\n<link rel=\"canonical\" href=\"https:\/\/caffebo.ee\/fr\/plus\/\" \/>\n<meta property=\"og:locale\" content=\"en_US\" \/>\n<meta property=\"og:type\" content=\"article\" \/>\n<meta property=\"og:title\" content=\"PLUS - Caffebo.ee - Kohvi r\u00f6stimine\" \/>\n<meta property=\"og:description\" content=\"Who we are Marque Caffebo Caffebo est une usine de caf\u00e9 de style scandinave \u00e9tablie en Estonie, o\u00f9 des saveurs de caf\u00e9 locales sans pr\u00e9c\u00e9dent sont pr\u00e9par\u00e9es. Ce qui nous rend sp\u00e9ciaux, c&#8217;est que le paquet de caf\u00e9 que vous tenez dans votre main contient un bouquet unique de saveurs que vous ne pouvez d\u00e9couvrir [&hellip;]\" \/>\n<meta property=\"og:url\" content=\"https:\/\/caffebo.ee\/fr\/plus\/\" \/>\n<meta property=\"og:site_name\" content=\"Caffebo.ee - Kohvi r\u00f6stimine\" \/>\n<meta property=\"article:modified_time\" content=\"2023-02-02T14:24:24+00:00\" \/>\n<meta property=\"og:image\" content=\"https:\/\/caffebo.ee\/wp-content\/uploads\/2021\/03\/Untitled-design.png\" \/>\n\t<meta property=\"og:image:width\" content=\"1920\" \/>\n\t<meta property=\"og:image:height\" content=\"700\" \/>\n\t<meta property=\"og:image:type\" content=\"image\/png\" \/>\n<meta name=\"twitter:card\" content=\"summary_large_image\" \/>\n<meta name=\"twitter:label1\" content=\"Est. reading time\" \/>\n\t<meta name=\"twitter:data1\" content=\"3 minutes\" \/>\n<script type=\"application\/ld+json\" class=\"yoast-schema-graph\">{\"@context\":\"https:\\\/\\\/schema.org\",\"@graph\":[{\"@type\":\"WebPage\",\"@id\":\"https:\\\/\\\/caffebo.ee\\\/fr\\\/plus\\\/\",\"url\":\"https:\\\/\\\/caffebo.ee\\\/fr\\\/plus\\\/\",\"name\":\"PLUS - Caffebo.ee - Kohvi r\u00f6stimine\",\"isPartOf\":{\"@id\":\"https:\\\/\\\/caffebo.ee\\\/#website\"},\"primaryImageOfPage\":{\"@id\":\"https:\\\/\\\/caffebo.ee\\\/fr\\\/plus\\\/#primaryimage\"},\"image\":{\"@id\":\"https:\\\/\\\/caffebo.ee\\\/fr\\\/plus\\\/#primaryimage\"},\"thumbnailUrl\":\"https:\\\/\\\/caffebo.ee\\\/wp-content\\\/uploads\\\/2021\\\/03\\\/Untitled-design.png\",\"datePublished\":\"2020-06-05T06:47:48+00:00\",\"dateModified\":\"2023-02-02T14:24:24+00:00\",\"breadcrumb\":{\"@id\":\"https:\\\/\\\/caffebo.ee\\\/fr\\\/plus\\\/#breadcrumb\"},\"inLanguage\":\"en-US\",\"potentialAction\":[{\"@type\":\"ReadAction\",\"target\":[\"https:\\\/\\\/caffebo.ee\\\/fr\\\/plus\\\/\"]}]},{\"@type\":\"ImageObject\",\"inLanguage\":\"en-US\",\"@id\":\"https:\\\/\\\/caffebo.ee\\\/fr\\\/plus\\\/#primaryimage\",\"url\":\"https:\\\/\\\/caffebo.ee\\\/wp-content\\\/uploads\\\/2021\\\/03\\\/Untitled-design.png\",\"contentUrl\":\"https:\\\/\\\/caffebo.ee\\\/wp-content\\\/uploads\\\/2021\\\/03\\\/Untitled-design.png\",\"width\":1920,\"height\":700},{\"@type\":\"BreadcrumbList\",\"@id\":\"https:\\\/\\\/caffebo.ee\\\/fr\\\/plus\\\/#breadcrumb\",\"itemListElement\":[{\"@type\":\"ListItem\",\"position\":1,\"name\":\"Home\",\"item\":\"https:\\\/\\\/caffebo.ee\\\/\"},{\"@type\":\"ListItem\",\"position\":2,\"name\":\"PLUS\"}]},{\"@type\":\"WebSite\",\"@id\":\"https:\\\/\\\/caffebo.ee\\\/#website\",\"url\":\"https:\\\/\\\/caffebo.ee\\\/\",\"name\":\"Caffebo.ee - Kohvide r\u00f6stimine\",\"description\":\"Caffebo.ee - Kohvi r\u00f6stimine Eestis\",\"publisher\":{\"@id\":\"https:\\\/\\\/caffebo.ee\\\/#organization\"},\"potentialAction\":[{\"@type\":\"SearchAction\",\"target\":{\"@type\":\"EntryPoint\",\"urlTemplate\":\"https:\\\/\\\/caffebo.ee\\\/?s={search_term_string}\"},\"query-input\":{\"@type\":\"PropertyValueSpecification\",\"valueRequired\":true,\"valueName\":\"search_term_string\"}}],\"inLanguage\":\"en-US\"},{\"@type\":\"Organization\",\"@id\":\"https:\\\/\\\/caffebo.ee\\\/#organization\",\"name\":\"Caffebo O\u00dc\",\"url\":\"https:\\\/\\\/caffebo.ee\\\/\",\"logo\":{\"@type\":\"ImageObject\",\"inLanguage\":\"en-US\",\"@id\":\"https:\\\/\\\/caffebo.ee\\\/#\\\/schema\\\/logo\\\/image\\\/\",\"url\":\"https:\\\/\\\/caffebo.ee\\\/wp-content\\\/uploads\\\/2021\\\/03\\\/caffebo-logo-rgb-01-1.png\",\"contentUrl\":\"https:\\\/\\\/caffebo.ee\\\/wp-content\\\/uploads\\\/2021\\\/03\\\/caffebo-logo-rgb-01-1.png\",\"width\":500,\"height\":300,\"caption\":\"Caffebo O\u00dc\"},\"image\":{\"@id\":\"https:\\\/\\\/caffebo.ee\\\/#\\\/schema\\\/logo\\\/image\\\/\"}}]}<\/script>\n<!-- \/ Yoast SEO plugin. -->","yoast_head_json":{"title":"PLUS - Caffebo.ee - Kohvi r\u00f6stimine","robots":{"index":"index","follow":"follow","max-snippet":"max-snippet:-1","max-image-preview":"max-image-preview:large","max-video-preview":"max-video-preview:-1"},"canonical":"https:\/\/caffebo.ee\/fr\/plus\/","og_locale":"en_US","og_type":"article","og_title":"PLUS - Caffebo.ee - Kohvi r\u00f6stimine","og_description":"Who we are Marque Caffebo Caffebo est une usine de caf\u00e9 de style scandinave \u00e9tablie en Estonie, o\u00f9 des saveurs de caf\u00e9 locales sans pr\u00e9c\u00e9dent sont pr\u00e9par\u00e9es. Ce qui nous rend sp\u00e9ciaux, c&#8217;est que le paquet de caf\u00e9 que vous tenez dans votre main contient un bouquet unique de saveurs que vous ne pouvez d\u00e9couvrir [&hellip;]","og_url":"https:\/\/caffebo.ee\/fr\/plus\/","og_site_name":"Caffebo.ee - Kohvi r\u00f6stimine","article_modified_time":"2023-02-02T14:24:24+00:00","og_image":[{"width":1920,"height":700,"url":"https:\/\/caffebo.ee\/wp-content\/uploads\/2021\/03\/Untitled-design.png","type":"image\/png"}],"twitter_card":"summary_large_image","twitter_misc":{"Est. reading time":"3 minutes"},"schema":{"@context":"https:\/\/schema.org","@graph":[{"@type":"WebPage","@id":"https:\/\/caffebo.ee\/fr\/plus\/","url":"https:\/\/caffebo.ee\/fr\/plus\/","name":"PLUS - Caffebo.ee - Kohvi r\u00f6stimine","isPartOf":{"@id":"https:\/\/caffebo.ee\/#website"},"primaryImageOfPage":{"@id":"https:\/\/caffebo.ee\/fr\/plus\/#primaryimage"},"image":{"@id":"https:\/\/caffebo.ee\/fr\/plus\/#primaryimage"},"thumbnailUrl":"https:\/\/caffebo.ee\/wp-content\/uploads\/2021\/03\/Untitled-design.png","datePublished":"2020-06-05T06:47:48+00:00","dateModified":"2023-02-02T14:24:24+00:00","breadcrumb":{"@id":"https:\/\/caffebo.ee\/fr\/plus\/#breadcrumb"},"inLanguage":"en-US","potentialAction":[{"@type":"ReadAction","target":["https:\/\/caffebo.ee\/fr\/plus\/"]}]},{"@type":"ImageObject","inLanguage":"en-US","@id":"https:\/\/caffebo.ee\/fr\/plus\/#primaryimage","url":"https:\/\/caffebo.ee\/wp-content\/uploads\/2021\/03\/Untitled-design.png","contentUrl":"https:\/\/caffebo.ee\/wp-content\/uploads\/2021\/03\/Untitled-design.png","width":1920,"height":700},{"@type":"BreadcrumbList","@id":"https:\/\/caffebo.ee\/fr\/plus\/#breadcrumb","itemListElement":[{"@type":"ListItem","position":1,"name":"Home","item":"https:\/\/caffebo.ee\/"},{"@type":"ListItem","position":2,"name":"PLUS"}]},{"@type":"WebSite","@id":"https:\/\/caffebo.ee\/#website","url":"https:\/\/caffebo.ee\/","name":"Caffebo.ee - Kohvide r\u00f6stimine","description":"Caffebo.ee - Kohvi r\u00f6stimine Eestis","publisher":{"@id":"https:\/\/caffebo.ee\/#organization"},"potentialAction":[{"@type":"SearchAction","target":{"@type":"EntryPoint","urlTemplate":"https:\/\/caffebo.ee\/?s={search_term_string}"},"query-input":{"@type":"PropertyValueSpecification","valueRequired":true,"valueName":"search_term_string"}}],"inLanguage":"en-US"},{"@type":"Organization","@id":"https:\/\/caffebo.ee\/#organization","name":"Caffebo O\u00dc","url":"https:\/\/caffebo.ee\/","logo":{"@type":"ImageObject","inLanguage":"en-US","@id":"https:\/\/caffebo.ee\/#\/schema\/logo\/image\/","url":"https:\/\/caffebo.ee\/wp-content\/uploads\/2021\/03\/caffebo-logo-rgb-01-1.png","contentUrl":"https:\/\/caffebo.ee\/wp-content\/uploads\/2021\/03\/caffebo-logo-rgb-01-1.png","width":500,"height":300,"caption":"Caffebo O\u00dc"},"image":{"@id":"https:\/\/caffebo.ee\/#\/schema\/logo\/image\/"}}]}},"_links":{"self":[{"href":"https:\/\/caffebo.ee\/en\/wp-json\/wp\/v2\/pages\/12714","targetHints":{"allow":["GET"]}}],"collection":[{"href":"https:\/\/caffebo.ee\/en\/wp-json\/wp\/v2\/pages"}],"about":[{"href":"https:\/\/caffebo.ee\/en\/wp-json\/wp\/v2\/types\/page"}],"author":[{"embeddable":true,"href":"https:\/\/caffebo.ee\/en\/wp-json\/wp\/v2\/users\/1"}],"replies":[{"embeddable":true,"href":"https:\/\/caffebo.ee\/en\/wp-json\/wp\/v2\/comments?post=12714"}],"version-history":[{"count":7,"href":"https:\/\/caffebo.ee\/en\/wp-json\/wp\/v2\/pages\/12714\/revisions"}],"predecessor-version":[{"id":12755,"href":"https:\/\/caffebo.ee\/en\/wp-json\/wp\/v2\/pages\/12714\/revisions\/12755"}],"wp:featuredmedia":[{"embeddable":true,"href":"https:\/\/caffebo.ee\/en\/wp-json\/wp\/v2\/media\/12532"}],"wp:attachment":[{"href":"https:\/\/caffebo.ee\/en\/wp-json\/wp\/v2\/media?parent=12714"}],"curies":[{"name":"wp","href":"https:\/\/api.w.org\/{rel}","templated":true}]}}