{"id":3,"date":"2021-03-03T19:27:37","date_gmt":"2021-03-03T19:27:37","guid":{"rendered":"https:\/\/caffebo.ee\/?page_id=3"},"modified":"2021-04-21T11:29:43","modified_gmt":"2021-04-21T11:29:43","slug":"andmekaitsetingimused","status":"publish","type":"page","link":"https:\/\/caffebo.ee\/en\/andmekaitsetingimused\/","title":{"rendered":"Privaatsuspoliitika"},"content":{"rendered":"\n<p>Caffebo.ee on v\u00f5tnud endale kohustuse kaitsta klientide ja kasutajate privaatsust. Sellest l\u00e4htuvalt oleme koostanud k\u00e4esolevad privaatsuspoliitika p\u00f5him\u00f5tted, mis k\u00e4sitlevad kliendi andmete kogumist, kasutamist, avaldamist, edastamist ja talletamist. Meie tegevus internetis on koosk\u00f5las k\u00f5igi asjakohaste tegevuste ja vastavate Euroopa Liidu \u00f5igusaktide ja Eesti Vabariigi seadustega. Leia veidi aega ja tutvu meie privaatsusp\u00f5him\u00f5tetega.<\/p>\n\n\n\n<p><strong>Kogutud isikuandmete kasutamine<br><\/strong>Kogutud isikuandmeid kasutame ka kauba kohaletoimetamiseks ning kliendi ees v\u00f5etud kohustuste t\u00e4itmiseks.<br><strong>Isikuandmete kogumine ja kasutamine<br><\/strong>Isikuandmed on andmed, mida Caffebo.ee kogub \u00fcksikisikuga s\u00f5lmitud lepingu \u00a0t\u00e4itmisel v\u00f5i temaga \u00fchenduse v\u00f5tmiseks.<br>P\u00fcsikliendi isikuandmete kogumine v\u00f5ib toimuda allj\u00e4rgnevatel viisidel:<br>\u2022\u00a0kontaktandmete (sh sinu nimi, isikukood, postiaadress, telefoninumber, e-posti aadress, eelistatud kontakteerumisviis) esitamisel \u00a0meie veebisaidil.<br>\u2022\u00a0veebisaidi kasutamisel kliendi kontoinfost v\u00f5i k\u00fcpsiste (cookies) kaudu<br>\u2022\u00a0ostu v\u00f5i tellimuse sooritamisel meie e-poes isiku kontaktandmete v\u00f5i ostueelistusi puudutavate andmete \u00a0talletamisel \u00a0(Caffebo.ee v\u00f5ib paluda teatud veebilehe aladel vabatahtlikult esitada isikuandmeid ja personaalset informatsiooni. N\u00f5utavad isikuandmed v\u00f5ivad sisaldada nime, aadressi, postiindeksit, e-posti aadressi, telefoninumbrit ja teisi andmeid)<\/p>\n\n\n\n<p><strong>Muude andmete kogumine<br><\/strong>Kogume ka isikustamata andmeid \u2013 andmeid, mida ei saa otseselt \u00fche kindla isikuga siduda (sugu, vanus, keele eelistus, asukoht).<br>V\u00f5ime koguda ka andmeid \u00fcldistatud klienditegevuste kohta meie poodides ja veebisaidil. Need andmed koondatakse ja neid kasutatakse selleks, et saaksime klientidele edastada kasulikumat teavet ja saaksime teada, millised veebisaidi, toodete ja teenuste osad on k\u00f5ige huvipakkuvamad. Koondandmeid k\u00e4sitletakse selles privaatsuspoliitikas isikustamata andmetena.<\/p>\n\n\n\n<p><strong>&nbsp;Isikuandmete t\u00f6\u00f6tlemine<\/strong><br>Tarbija annab veebipoes andmeid sisestades ning vastava kinnitusega \u00f5iguse koguda ja t\u00f6\u00f6delda Tarbija isikuandmeid (nimi, kontakttelefon, paki k\u00e4ttetoimetamise ja\/v\u00f5i kodune aadress, e-postiaadress) ning edastada logistikapartnerile isikuandmeid kauba kohaletoimetamiseks.<\/p>\n\n\n\n<p>E-poel on \u00f5igus kasutada Tarbija elu- v\u00f5i asukoha aadressi reklaami ja muu informatsiooni edastamiseks Tarbijale.<br>Tarbijal on igal ajal \u00f5igus keelata oma isikuandmete kogumine ning kasutamine, v\u00e4lja arvatud juhul, kui see on vajalik lepingust tuleneva n\u00f5ude sissen\u00f5udmiseks v\u00f5i kauba kohaletoimetamiseks.<br>Elektrooniliste isikuandmete kasutamine otsepostituseks toimub ainult siis, kui Tarbija on selle jaoks andnud eraldi n\u00f5usoleku.<br>Kr\u00fcpteeritud andmeside pankadega ostude eest tasumisel tagab Tarbija personaalsete pangatunnuste turvalisuse ja neile puudub ka Veebipoel ligip\u00e4\u00e4s.<br><strong>Kogutud isikuandmete kasutamine<br><\/strong>Kogutud isikuandmete abil saame teavitada kliente Caffebo.ee tooteuudistest, kampaaniatest ja tulevastest s\u00fcndmustest. Klient, kes ei soovi olla meie uudiskirjaloendis v\u00f5i saada teavitusi teda huvitada v\u00f5ivatest toodetest, saab ennast adressaatide sihtr\u00fchmast igal ajal eemaldada. Kogutud isikuandmeid kasutame ka kauba kohaletoimetamiseks ning kliendi ees v\u00f5etud kohustuste t\u00e4itmiseks.<\/p>\n\n\n\n<p>Kliendi paremaks teenindamiseks v\u00f5ib Seljakotid.ee avaldada teavet \u00fcksikute kasutajate kohta kolmandale osapoolele, kes osutab Caffebo.ee-le\u00a0teenuseid ning on lepinguga kohustunud hoidma jagatud teavet konfidentsiaalsena. Kolmandaks osapooleks on n\u00e4iteks meie partner, kelle \u00fclesanneteks on e-poes m\u00fc\u00fcdavate kaupade transport.<br><strong>Isikuandmete kaitse<br><\/strong>Caffebo.ee rakendab k\u00f5iki ettevaatusabin\u00f5usid (sh administratiivsed, tehnilised ja f\u00fc\u00fcsilised meetmed) kliendi isikuandmete kaitsmiseks. Juurdep\u00e4\u00e4s andmete muutmiseks ja t\u00f6\u00f6tlemiseks on ainult selleks volitatud isikutel.<br><strong>Turvalisus<br><\/strong>K\u00f5iki Caffebo.ee e-poe k\u00fclastamise ja ostude sooritamise k\u00e4igus teatavaks saanud kliendi isikuandmeid k\u00e4sitletakse kui konfidentsiaalset infot. Kr\u00fcpteeritud andmesidekanal pankadega tagab ostu sooritaja isikuandmete ja pangarekvisiitide turvalisuse.<br><strong>Privaatsuspoliitika tingimused ja muudatused<br><\/strong>Meie veebisaiti kasutama asudes v\u00f5i p\u00fcsikliendi avalduse t\u00e4itmisel oled k\u00e4esolevate p\u00f5him\u00f5tete ja tingimustega tutvunud ning nendega n\u00f5ustunud. J\u00e4tame endale \u00f5iguse vajadusel privaatsuspoliitika \u00fcldtingimusi muuta, teavitades sellest k\u00f5iki p\u00fcsikliente.<br>K\u00f5igi privaatsuspoliitika v\u00f5i andmet\u00f6\u00f6tluse kohta tekkivate k\u00fcsimuste v\u00f5i muredega palume v\u00f5tta meiega \u00fchendust aadressil info@caffebo.ee. COFFEECUP O\u00dc on isikuandmete vastutav t\u00f6\u00f6tleja, COFFEECUP O\u00dc edastab maksete teostamiseks vajalikud isikuandmed volitatud t\u00f6\u00f6tleja Maksekeskus AS-le.<\/p>\n","protected":false},"excerpt":{"rendered":"<p>Caffebo.ee on v\u00f5tnud endale kohustuse kaitsta klientide ja kasutajate privaatsust. Sellest l\u00e4htuvalt oleme koostanud k\u00e4esolevad privaatsuspoliitika p\u00f5him\u00f5tted, mis k\u00e4sitlevad kliendi andmete kogumist, kasutamist, avaldamist, edastamist ja talletamist. Meie tegevus internetis on koosk\u00f5las k\u00f5igi asjakohaste tegevuste ja vastavate Euroopa Liidu \u00f5igusaktide ja Eesti Vabariigi seadustega. Leia veidi aega ja tutvu meie privaatsusp\u00f5him\u00f5tetega. Kogutud isikuandmete kasutamineKogutud isikuandmeid [&hellip;]<\/p>\n","protected":false},"author":1,"featured_media":0,"parent":0,"menu_order":0,"comment_status":"closed","ping_status":"open","template":"","meta":{"iawp_total_views":0,"footnotes":""},"class_list":["post-3","page","type-page","status-publish","hentry"],"yoast_head":"<!-- This site is optimized with the Yoast SEO plugin v27.4 - https:\/\/yoast.com\/product\/yoast-seo-wordpress\/ -->\n<title>Privaatsuspoliitika - Caffebo.ee - Kohvi r\u00f6stimine<\/title>\n<meta name=\"robots\" content=\"index, follow, max-snippet:-1, max-image-preview:large, max-video-preview:-1\" \/>\n<link rel=\"canonical\" href=\"https:\/\/caffebo.ee\/andmekaitsetingimused\/\" \/>\n<meta property=\"og:locale\" content=\"en_US\" \/>\n<meta property=\"og:type\" content=\"article\" \/>\n<meta property=\"og:title\" content=\"Privaatsuspoliitika - Caffebo.ee - Kohvi r\u00f6stimine\" \/>\n<meta property=\"og:description\" content=\"Caffebo.ee on v\u00f5tnud endale kohustuse kaitsta klientide ja kasutajate privaatsust. Sellest l\u00e4htuvalt oleme koostanud k\u00e4esolevad privaatsuspoliitika p\u00f5him\u00f5tted, mis k\u00e4sitlevad kliendi andmete kogumist, kasutamist, avaldamist, edastamist ja talletamist. Meie tegevus internetis on koosk\u00f5las k\u00f5igi asjakohaste tegevuste ja vastavate Euroopa Liidu \u00f5igusaktide ja Eesti Vabariigi seadustega. Leia veidi aega ja tutvu meie privaatsusp\u00f5him\u00f5tetega. Kogutud isikuandmete kasutamineKogutud isikuandmeid [&hellip;]\" \/>\n<meta property=\"og:url\" content=\"https:\/\/caffebo.ee\/andmekaitsetingimused\/\" \/>\n<meta property=\"og:site_name\" content=\"Caffebo.ee - Kohvi r\u00f6stimine\" \/>\n<meta property=\"article:modified_time\" content=\"2021-04-21T11:29:43+00:00\" \/>\n<meta name=\"twitter:card\" content=\"summary_large_image\" \/>\n<meta name=\"twitter:label1\" content=\"Est. reading time\" \/>\n\t<meta name=\"twitter:data1\" content=\"3 minutes\" \/>\n<script type=\"application\/ld+json\" class=\"yoast-schema-graph\">{\"@context\":\"https:\\\/\\\/schema.org\",\"@graph\":[{\"@type\":\"WebPage\",\"@id\":\"https:\\\/\\\/caffebo.ee\\\/andmekaitsetingimused\\\/\",\"url\":\"https:\\\/\\\/caffebo.ee\\\/andmekaitsetingimused\\\/\",\"name\":\"Privaatsuspoliitika - Caffebo.ee - Kohvi r\u00f6stimine\",\"isPartOf\":{\"@id\":\"https:\\\/\\\/caffebo.ee\\\/#website\"},\"datePublished\":\"2021-03-03T19:27:37+00:00\",\"dateModified\":\"2021-04-21T11:29:43+00:00\",\"breadcrumb\":{\"@id\":\"https:\\\/\\\/caffebo.ee\\\/andmekaitsetingimused\\\/#breadcrumb\"},\"inLanguage\":\"en-US\",\"potentialAction\":[{\"@type\":\"ReadAction\",\"target\":[\"https:\\\/\\\/caffebo.ee\\\/andmekaitsetingimused\\\/\"]}]},{\"@type\":\"BreadcrumbList\",\"@id\":\"https:\\\/\\\/caffebo.ee\\\/andmekaitsetingimused\\\/#breadcrumb\",\"itemListElement\":[{\"@type\":\"ListItem\",\"position\":1,\"name\":\"Home\",\"item\":\"https:\\\/\\\/caffebo.ee\\\/\"},{\"@type\":\"ListItem\",\"position\":2,\"name\":\"Privaatsuspoliitika\"}]},{\"@type\":\"WebSite\",\"@id\":\"https:\\\/\\\/caffebo.ee\\\/#website\",\"url\":\"https:\\\/\\\/caffebo.ee\\\/\",\"name\":\"Caffebo.ee - Kohvide r\u00f6stimine\",\"description\":\"Caffebo.ee - Kohvi r\u00f6stimine Eestis\",\"publisher\":{\"@id\":\"https:\\\/\\\/caffebo.ee\\\/#organization\"},\"potentialAction\":[{\"@type\":\"SearchAction\",\"target\":{\"@type\":\"EntryPoint\",\"urlTemplate\":\"https:\\\/\\\/caffebo.ee\\\/?s={search_term_string}\"},\"query-input\":{\"@type\":\"PropertyValueSpecification\",\"valueRequired\":true,\"valueName\":\"search_term_string\"}}],\"inLanguage\":\"en-US\"},{\"@type\":\"Organization\",\"@id\":\"https:\\\/\\\/caffebo.ee\\\/#organization\",\"name\":\"Caffebo O\u00dc\",\"url\":\"https:\\\/\\\/caffebo.ee\\\/\",\"logo\":{\"@type\":\"ImageObject\",\"inLanguage\":\"en-US\",\"@id\":\"https:\\\/\\\/caffebo.ee\\\/#\\\/schema\\\/logo\\\/image\\\/\",\"url\":\"https:\\\/\\\/caffebo.ee\\\/wp-content\\\/uploads\\\/2021\\\/03\\\/caffebo-logo-rgb-01-1.png\",\"contentUrl\":\"https:\\\/\\\/caffebo.ee\\\/wp-content\\\/uploads\\\/2021\\\/03\\\/caffebo-logo-rgb-01-1.png\",\"width\":500,\"height\":300,\"caption\":\"Caffebo O\u00dc\"},\"image\":{\"@id\":\"https:\\\/\\\/caffebo.ee\\\/#\\\/schema\\\/logo\\\/image\\\/\"}}]}<\/script>\n<!-- \/ Yoast SEO plugin. -->","yoast_head_json":{"title":"Privaatsuspoliitika - Caffebo.ee - Kohvi r\u00f6stimine","robots":{"index":"index","follow":"follow","max-snippet":"max-snippet:-1","max-image-preview":"max-image-preview:large","max-video-preview":"max-video-preview:-1"},"canonical":"https:\/\/caffebo.ee\/andmekaitsetingimused\/","og_locale":"en_US","og_type":"article","og_title":"Privaatsuspoliitika - Caffebo.ee - Kohvi r\u00f6stimine","og_description":"Caffebo.ee on v\u00f5tnud endale kohustuse kaitsta klientide ja kasutajate privaatsust. Sellest l\u00e4htuvalt oleme koostanud k\u00e4esolevad privaatsuspoliitika p\u00f5him\u00f5tted, mis k\u00e4sitlevad kliendi andmete kogumist, kasutamist, avaldamist, edastamist ja talletamist. Meie tegevus internetis on koosk\u00f5las k\u00f5igi asjakohaste tegevuste ja vastavate Euroopa Liidu \u00f5igusaktide ja Eesti Vabariigi seadustega. Leia veidi aega ja tutvu meie privaatsusp\u00f5him\u00f5tetega. Kogutud isikuandmete kasutamineKogutud isikuandmeid [&hellip;]","og_url":"https:\/\/caffebo.ee\/andmekaitsetingimused\/","og_site_name":"Caffebo.ee - Kohvi r\u00f6stimine","article_modified_time":"2021-04-21T11:29:43+00:00","twitter_card":"summary_large_image","twitter_misc":{"Est. reading time":"3 minutes"},"schema":{"@context":"https:\/\/schema.org","@graph":[{"@type":"WebPage","@id":"https:\/\/caffebo.ee\/andmekaitsetingimused\/","url":"https:\/\/caffebo.ee\/andmekaitsetingimused\/","name":"Privaatsuspoliitika - Caffebo.ee - Kohvi r\u00f6stimine","isPartOf":{"@id":"https:\/\/caffebo.ee\/#website"},"datePublished":"2021-03-03T19:27:37+00:00","dateModified":"2021-04-21T11:29:43+00:00","breadcrumb":{"@id":"https:\/\/caffebo.ee\/andmekaitsetingimused\/#breadcrumb"},"inLanguage":"en-US","potentialAction":[{"@type":"ReadAction","target":["https:\/\/caffebo.ee\/andmekaitsetingimused\/"]}]},{"@type":"BreadcrumbList","@id":"https:\/\/caffebo.ee\/andmekaitsetingimused\/#breadcrumb","itemListElement":[{"@type":"ListItem","position":1,"name":"Home","item":"https:\/\/caffebo.ee\/"},{"@type":"ListItem","position":2,"name":"Privaatsuspoliitika"}]},{"@type":"WebSite","@id":"https:\/\/caffebo.ee\/#website","url":"https:\/\/caffebo.ee\/","name":"Caffebo.ee - Kohvide r\u00f6stimine","description":"Caffebo.ee - Kohvi r\u00f6stimine Eestis","publisher":{"@id":"https:\/\/caffebo.ee\/#organization"},"potentialAction":[{"@type":"SearchAction","target":{"@type":"EntryPoint","urlTemplate":"https:\/\/caffebo.ee\/?s={search_term_string}"},"query-input":{"@type":"PropertyValueSpecification","valueRequired":true,"valueName":"search_term_string"}}],"inLanguage":"en-US"},{"@type":"Organization","@id":"https:\/\/caffebo.ee\/#organization","name":"Caffebo O\u00dc","url":"https:\/\/caffebo.ee\/","logo":{"@type":"ImageObject","inLanguage":"en-US","@id":"https:\/\/caffebo.ee\/#\/schema\/logo\/image\/","url":"https:\/\/caffebo.ee\/wp-content\/uploads\/2021\/03\/caffebo-logo-rgb-01-1.png","contentUrl":"https:\/\/caffebo.ee\/wp-content\/uploads\/2021\/03\/caffebo-logo-rgb-01-1.png","width":500,"height":300,"caption":"Caffebo O\u00dc"},"image":{"@id":"https:\/\/caffebo.ee\/#\/schema\/logo\/image\/"}}]}},"_links":{"self":[{"href":"https:\/\/caffebo.ee\/en\/wp-json\/wp\/v2\/pages\/3","targetHints":{"allow":["GET"]}}],"collection":[{"href":"https:\/\/caffebo.ee\/en\/wp-json\/wp\/v2\/pages"}],"about":[{"href":"https:\/\/caffebo.ee\/en\/wp-json\/wp\/v2\/types\/page"}],"author":[{"embeddable":true,"href":"https:\/\/caffebo.ee\/en\/wp-json\/wp\/v2\/users\/1"}],"replies":[{"embeddable":true,"href":"https:\/\/caffebo.ee\/en\/wp-json\/wp\/v2\/comments?post=3"}],"version-history":[{"count":4,"href":"https:\/\/caffebo.ee\/en\/wp-json\/wp\/v2\/pages\/3\/revisions"}],"predecessor-version":[{"id":5321,"href":"https:\/\/caffebo.ee\/en\/wp-json\/wp\/v2\/pages\/3\/revisions\/5321"}],"wp:attachment":[{"href":"https:\/\/caffebo.ee\/en\/wp-json\/wp\/v2\/media?parent=3"}],"curies":[{"name":"wp","href":"https:\/\/api.w.org\/{rel}","templated":true}]}}