{"id":673,"date":"2020-06-05T09:47:48","date_gmt":"2020-06-05T09:47:48","guid":{"rendered":"http:\/\/iqonic.design\/wp-themes\/foodsto_wp\/?page_id=673"},"modified":"2024-10-18T13:19:54","modified_gmt":"2024-10-18T10:19:54","slug":"meie-missioon","status":"publish","type":"page","link":"https:\/\/caffebo.ee\/en\/meie-missioon\/","title":{"rendered":"MEIST"},"content":{"rendered":"\t\t<div data-elementor-type=\"wp-page\" data-elementor-id=\"673\" class=\"elementor elementor-673\">\n\t\t\t\t\t\t<div class=\"elementor-section elementor-top-section elementor-element elementor-element-0ccd46e elementor-section-height-min-height elementor-section-boxed elementor-section-height-default elementor-section-items-middle\" data-id=\"0ccd46e\" data-element_type=\"section\" data-e-type=\"section\">\n\t\t\t\t\t\t<div class=\"elementor-container elementor-column-gap-extended\">\n\t\t\t\t\t<div class=\"elementor-column elementor-col-50 elementor-top-column elementor-element elementor-element-2f19278\" data-id=\"2f19278\" data-element_type=\"column\" data-e-type=\"column\">\n\t\t\t<div class=\"elementor-widget-wrap elementor-element-populated\">\n\t\t\t\t\t\t<div class=\"elementor-element elementor-element-4b23880 elementor-invisible elementor-widget elementor-widget-foodsto_section_title\" data-id=\"4b23880\" data-element_type=\"widget\" data-e-type=\"widget\" data-settings=\"{&quot;_animation&quot;:&quot;fadeInLeft&quot;}\" data-widget_type=\"foodsto_section_title.default\">\n\t\t\t\t<div class=\"elementor-widget-container\">\n\t\t\t\t\t\n<div class=\"iq-title-box\">\n\t\n\t<span class=\"iq-subtitle\">Who we are<\/span>\n\t<h2 class=\"iq-title\" >\n\t\tCaffebo\t<\/h2>\n\t\t\n\t\n\t<p class=\"iq-title-desc\">Caffebo on Eestisse rajatud Skandinaaviap\u00e4rane kohvitehas, kus valmivad enneolematud kohalikud kohvimaitsed. Eriliseks teeb meid see, et kohvipakk, mida k\u00e4es hoiad, sisaldab unikaalset maitsebuketti, mida saad tunda ainult Eestis. Kohalik tunne su tassis. Kohalik kultuur su k\u00e4eulatuses. \n<br>\nMe usume, et pole olemas \u00fcht ja ainsat maailma parimat kohvi, vaid on erinevad maitsed, mis sobivad t\u00e4iuslikult just teatud aja, koha v\u00f5i s\u00fcndmusega. Just seet\u00f5ttu ei l\u00e4hegi \u00fckski Caffebo partii valmimisse enne paljusid proovir\u00f6ste ja m\u00e4ngulisi maitsekatseid. Seep\u00e4rast on Caffebo oman\u00e4oline kohvitehas, kelle valik igas regioonis kirjeldab kohaliku kultuuri ja turu eelistusi.<br>\nCaffebo on Eesti suurim ja v\u00f5imsaim kohvir\u00f6stikoda.\nEelmisel aastal r\u00f6stiti meie tehases 300 000 kg kohviube, millest valmis hinnanguliselt \u00fcle 30 miljoni tassi kohvijooke.<\/p><\/div>\n\t\t\t\t<\/div>\n\t\t\t\t<\/div>\n\t\t\t\t\t<\/div>\n\t\t<\/div>\n\t\t\t\t<div class=\"elementor-column elementor-col-50 elementor-top-column elementor-element elementor-element-539ffce\" data-id=\"539ffce\" data-element_type=\"column\" data-e-type=\"column\">\n\t\t\t<div class=\"elementor-widget-wrap elementor-element-populated\">\n\t\t\t\t\t\t<div class=\"elementor-element elementor-element-6f59431 elementor-hidden-tablet elementor-hidden-mobile elementor-invisible elementor-widget elementor-widget-image\" data-id=\"6f59431\" data-element_type=\"widget\" data-e-type=\"widget\" data-settings=\"{&quot;_animation&quot;:&quot;fadeInRight&quot;}\" data-widget_type=\"image.default\">\n\t\t\t\t<div class=\"elementor-widget-container\">\n\t\t\t\t\t\t\t\t\t\t\t\t\t\t\t<img fetchpriority=\"high\" decoding=\"async\" width=\"525\" height=\"906\" src=\"https:\/\/caffebo.ee\/wp-content\/uploads\/2021\/03\/Untitled-design-1.png\" class=\"attachment-large size-large wp-image-5142\" alt=\"\" srcset=\"https:\/\/caffebo.ee\/wp-content\/uploads\/2021\/03\/Untitled-design-1.png 534w, https:\/\/caffebo.ee\/wp-content\/uploads\/2021\/03\/Untitled-design-1-174x300.png 174w\" sizes=\"100vw\" \/>\t\t\t\t\t\t\t\t\t\t\t\t\t\t\t<\/div>\n\t\t\t\t<\/div>\n\t\t\t\t\t<\/div>\n\t\t<\/div>\n\t\t\t\t\t<\/div>\n\t\t<\/div>\n\t\t\t\t<section class=\"elementor-section elementor-top-section elementor-element elementor-element-d7f381e elementor-section-boxed elementor-section-height-default elementor-section-height-default\" data-id=\"d7f381e\" data-element_type=\"section\" data-e-type=\"section\">\n\t\t\t\t\t\t<div class=\"elementor-container elementor-column-gap-default\">\n\t\t\t\t\t<div class=\"elementor-column elementor-col-50 elementor-top-column elementor-element elementor-element-06bb10f\" data-id=\"06bb10f\" data-element_type=\"column\" data-e-type=\"column\">\n\t\t\t<div class=\"elementor-widget-wrap elementor-element-populated\">\n\t\t\t\t\t\t<div class=\"elementor-element elementor-element-20aabdc elementor-widget elementor-widget-image\" data-id=\"20aabdc\" data-element_type=\"widget\" data-e-type=\"widget\" data-widget_type=\"image.default\">\n\t\t\t\t<div class=\"elementor-widget-container\">\n\t\t\t\t\t\t\t\t\t\t\t\t<figure class=\"wp-caption\">\n\t\t\t\t\t\t\t\t\t\t<img decoding=\"async\" width=\"246\" height=\"300\" src=\"https:\/\/caffebo.ee\/wp-content\/uploads\/2023\/03\/2-1-246x300.png\" class=\"attachment-medium size-medium wp-image-15707\" alt=\"\" srcset=\"https:\/\/caffebo.ee\/wp-content\/uploads\/2023\/03\/2-1-246x300.png 246w, https:\/\/caffebo.ee\/wp-content\/uploads\/2023\/03\/2-1.png 386w\" sizes=\"100vw\" \/>\t\t\t\t\t\t\t\t\t\t\t<figcaption class=\"widget-image-caption wp-caption-text\">Rudolf Leimets, Caffebo r\u00f6stmeister<\/figcaption>\n\t\t\t\t\t\t\t\t\t\t<\/figure>\n\t\t\t\t\t\t\t\t\t<\/div>\n\t\t\t\t<\/div>\n\t\t\t\t\t<\/div>\n\t\t<\/div>\n\t\t\t\t<div class=\"elementor-column elementor-col-50 elementor-top-column elementor-element elementor-element-33ab6ea\" data-id=\"33ab6ea\" data-element_type=\"column\" data-e-type=\"column\">\n\t\t\t<div class=\"elementor-widget-wrap elementor-element-populated\">\n\t\t\t\t\t\t<div class=\"elementor-element elementor-element-4b2d6dd elementor-widget elementor-widget-text-editor\" data-id=\"4b2d6dd\" data-element_type=\"widget\" data-e-type=\"widget\" data-widget_type=\"text-editor.default\">\n\t\t\t\t<div class=\"elementor-widget-container\">\n\t\t\t\t\t\t\t\t\t<p>Minu teekond kohvimaalimas algas 2020. aasta alguses Caffebo&#8217;s, mis on olnud t\u00e4is hulgaliselt r\u00f6stimist, degusteerimist ja tootearendust iga nurga ja elemendi pealt. Igap\u00e4evane eesm\u00e4rk on tuua kodumaalaste tassi k\u00f5rgkvaliteetselt ja hoolikalt r\u00f6stitud m\u00f5nusa aroomiga kohvi, et maailma vallutamine kergem oleks. \ud83d\ude42<\/p><p>\u00a0<\/p>\t\t\t\t\t\t\t\t<\/div>\n\t\t\t\t<\/div>\n\t\t\t\t\t<\/div>\n\t\t<\/div>\n\t\t\t\t\t<\/div>\n\t\t<\/section>\n\t\t\t\t<section class=\"elementor-section elementor-top-section elementor-element elementor-element-db8fbe5 elementor-section-boxed elementor-section-height-default elementor-section-height-default\" data-id=\"db8fbe5\" data-element_type=\"section\" data-e-type=\"section\">\n\t\t\t\t\t\t<div class=\"elementor-container elementor-column-gap-default\">\n\t\t\t\t\t<div class=\"elementor-column elementor-col-50 elementor-top-column elementor-element elementor-element-68e781e\" data-id=\"68e781e\" data-element_type=\"column\" data-e-type=\"column\">\n\t\t\t<div class=\"elementor-widget-wrap elementor-element-populated\">\n\t\t\t\t\t\t<div class=\"elementor-element elementor-element-ce8487e elementor-widget elementor-widget-image\" data-id=\"ce8487e\" data-element_type=\"widget\" data-e-type=\"widget\" data-widget_type=\"image.default\">\n\t\t\t\t<div class=\"elementor-widget-container\">\n\t\t\t\t\t\t\t\t\t\t\t\t<figure class=\"wp-caption\">\n\t\t\t\t\t\t\t\t\t\t<img decoding=\"async\" width=\"246\" height=\"300\" src=\"https:\/\/caffebo.ee\/wp-content\/uploads\/2023\/03\/3-1-246x300.png\" class=\"attachment-medium size-medium wp-image-15683\" alt=\"\" srcset=\"https:\/\/caffebo.ee\/wp-content\/uploads\/2023\/03\/3-1-246x300.png 246w, https:\/\/caffebo.ee\/wp-content\/uploads\/2023\/03\/3-1.png 386w\" sizes=\"100vw\" \/>\t\t\t\t\t\t\t\t\t\t\t<figcaption class=\"widget-image-caption wp-caption-text\">Mart Roosmets, Caffebo juhatuse liige<\/figcaption>\n\t\t\t\t\t\t\t\t\t\t<\/figure>\n\t\t\t\t\t\t\t\t\t<\/div>\n\t\t\t\t<\/div>\n\t\t\t\t\t<\/div>\n\t\t<\/div>\n\t\t\t\t<div class=\"elementor-column elementor-col-50 elementor-top-column elementor-element elementor-element-cbe7c37\" data-id=\"cbe7c37\" data-element_type=\"column\" data-e-type=\"column\">\n\t\t\t<div class=\"elementor-widget-wrap elementor-element-populated\">\n\t\t\t\t\t\t<div class=\"elementor-element elementor-element-79285f1 elementor-widget elementor-widget-text-editor\" data-id=\"79285f1\" data-element_type=\"widget\" data-e-type=\"widget\" data-widget_type=\"text-editor.default\">\n\t\t\t\t<div class=\"elementor-widget-container\">\n\t\t\t\t\t\t\t\t\t<p style=\"font-weight: 400;\">Caffebo on eriline laps, kes oli v\u00e4ga oodatud&#8230; \ud83d\ude42<\/p><p style=\"font-weight: 400;\">Olles kohvimaailmas aastast 2000, siis k\u00f5ik need aastate jooksul saadud oskused, nipid ja kogemus on pandud Caffebo tehasesse ning kohvidesse!<\/p><p style=\"font-weight: 400;\">R\u00f6stime r\u00f5\u00f5muga!<\/p>\t\t\t\t\t\t\t\t<\/div>\n\t\t\t\t<\/div>\n\t\t\t\t\t<\/div>\n\t\t<\/div>\n\t\t\t\t\t<\/div>\n\t\t<\/section>\n\t\t\t\t<section class=\"elementor-section elementor-top-section elementor-element elementor-element-7723482 elementor-section-boxed elementor-section-height-default elementor-section-height-default\" data-id=\"7723482\" data-element_type=\"section\" data-e-type=\"section\">\n\t\t\t\t\t\t<div class=\"elementor-container elementor-column-gap-default\">\n\t\t\t\t\t<div class=\"elementor-column elementor-col-50 elementor-top-column elementor-element elementor-element-31541bb\" data-id=\"31541bb\" data-element_type=\"column\" data-e-type=\"column\">\n\t\t\t<div class=\"elementor-widget-wrap elementor-element-populated\">\n\t\t\t\t\t\t<div class=\"elementor-element elementor-element-34ab3f9 elementor-widget elementor-widget-image\" data-id=\"34ab3f9\" data-element_type=\"widget\" data-e-type=\"widget\" data-widget_type=\"image.default\">\n\t\t\t\t<div class=\"elementor-widget-container\">\n\t\t\t\t\t\t\t\t\t\t\t\t<figure class=\"wp-caption\">\n\t\t\t\t\t\t\t\t\t\t<img loading=\"lazy\" decoding=\"async\" width=\"246\" height=\"300\" src=\"https:\/\/caffebo.ee\/wp-content\/uploads\/2023\/03\/1-1-246x300.png\" class=\"attachment-medium size-medium wp-image-15719\" alt=\"\" srcset=\"https:\/\/caffebo.ee\/wp-content\/uploads\/2023\/03\/1-1-246x300.png 246w, https:\/\/caffebo.ee\/wp-content\/uploads\/2023\/03\/1-1.png 386w\" sizes=\"100vw\" \/>\t\t\t\t\t\t\t\t\t\t\t<figcaption class=\"widget-image-caption wp-caption-text\">\u00dcllar Ink, Caffebo juhatuse liige<\/figcaption>\n\t\t\t\t\t\t\t\t\t\t<\/figure>\n\t\t\t\t\t\t\t\t\t<\/div>\n\t\t\t\t<\/div>\n\t\t\t\t\t<\/div>\n\t\t<\/div>\n\t\t\t\t<div class=\"elementor-column elementor-col-50 elementor-top-column elementor-element elementor-element-d56a692\" data-id=\"d56a692\" data-element_type=\"column\" data-e-type=\"column\">\n\t\t\t<div class=\"elementor-widget-wrap elementor-element-populated\">\n\t\t\t\t\t\t<div class=\"elementor-element elementor-element-80bbea1 elementor-widget elementor-widget-text-editor\" data-id=\"80bbea1\" data-element_type=\"widget\" data-e-type=\"widget\" data-widget_type=\"text-editor.default\">\n\t\t\t\t<div class=\"elementor-widget-container\">\n\t\t\t\t\t\t\t\t\t<p style=\"font-weight: 400;\">Kohvimaailmas olen tegutsenud juba aastast 2003, toona sai alustatud tehnikuna kohvimasinaid remontides ja hooldades, et kliendid saaksid ikka parimat kohvi oma tassis nautida.<\/p><p style=\"font-weight: 400;\">Juba aastaid enne Caffebo asutamist ja t\u014dsiselt r\u00f6stimise maailma sukeldumist sai v\u00e4iksematel r\u00f6stimismasinatel selle maailmaga tutvust tehtud ja koheselt sai selgeks, et j\u00e4rgmiseks etapiks on avada oma r\u00f6stimistehas.<\/p><p style=\"font-weight: 400;\">Minu \u00fclesandeks on saanud tagada tehase laitmatu t\u00f6\u00f6 ja \u00f5ige hooldus.<\/p><p style=\"font-weight: 400;\">T\u00e4nu Caffebole ja enda pikale kogemusele kohvimaailmas suudame ja saame t\u00e4na r\u00f6stida just sellist kohvi, mis on k\u014dige sobilikum Eesti kohvijoojale.<\/p><p style=\"font-weight: 400;\">\u00a0<\/p>\t\t\t\t\t\t\t\t<\/div>\n\t\t\t\t<\/div>\n\t\t\t\t\t<\/div>\n\t\t<\/div>\n\t\t\t\t\t<\/div>\n\t\t<\/section>\n\t\t\t\t<section class=\"elementor-section elementor-top-section elementor-element elementor-element-004890b elementor-section-boxed elementor-section-height-default elementor-section-height-default\" data-id=\"004890b\" data-element_type=\"section\" data-e-type=\"section\">\n\t\t\t\t\t\t<div class=\"elementor-container elementor-column-gap-default\">\n\t\t\t\t\t<div class=\"elementor-column elementor-col-50 elementor-top-column elementor-element elementor-element-8bd5d6f\" data-id=\"8bd5d6f\" data-element_type=\"column\" data-e-type=\"column\">\n\t\t\t<div class=\"elementor-widget-wrap elementor-element-populated\">\n\t\t\t\t\t\t<div class=\"elementor-element elementor-element-00faac3 elementor-widget elementor-widget-image\" data-id=\"00faac3\" data-element_type=\"widget\" data-e-type=\"widget\" data-widget_type=\"image.default\">\n\t\t\t\t<div class=\"elementor-widget-container\">\n\t\t\t\t\t\t\t\t\t\t\t\t<figure class=\"wp-caption\">\n\t\t\t\t\t\t\t\t\t\t<img loading=\"lazy\" decoding=\"async\" width=\"246\" height=\"300\" src=\"https:\/\/caffebo.ee\/wp-content\/uploads\/2023\/03\/4-1-246x300.png\" class=\"attachment-medium size-medium wp-image-15695\" alt=\"\" srcset=\"https:\/\/caffebo.ee\/wp-content\/uploads\/2023\/03\/4-1-246x300.png 246w, https:\/\/caffebo.ee\/wp-content\/uploads\/2023\/03\/4-1.png 386w\" sizes=\"100vw\" \/>\t\t\t\t\t\t\t\t\t\t\t<figcaption class=\"widget-image-caption wp-caption-text\">T\u00f5nis Juulik, Caffebo juhatuse liige<\/figcaption>\n\t\t\t\t\t\t\t\t\t\t<\/figure>\n\t\t\t\t\t\t\t\t\t<\/div>\n\t\t\t\t<\/div>\n\t\t\t\t\t<\/div>\n\t\t<\/div>\n\t\t\t\t<div class=\"elementor-column elementor-col-50 elementor-top-column elementor-element elementor-element-1bedf6e\" data-id=\"1bedf6e\" data-element_type=\"column\" data-e-type=\"column\">\n\t\t\t<div class=\"elementor-widget-wrap elementor-element-populated\">\n\t\t\t\t\t\t<div class=\"elementor-element elementor-element-0c800b9 elementor-widget elementor-widget-text-editor\" data-id=\"0c800b9\" data-element_type=\"widget\" data-e-type=\"widget\" data-widget_type=\"text-editor.default\">\n\t\t\t\t<div class=\"elementor-widget-container\">\n\t\t\t\t\t\t\t\t\t<p style=\"font-weight: 400;\">Minu teekond kohvimaailma algas 2010. aastal Saaremaal. Algusaegadel puudusid eelnevad teadmised ja kogemused valdkonnast, seega alguses oli v\u00e4ga palju ise\u00f5ppimist ja avastamist kohvimaailmas. 2014. aastal hakkas peas idanema idee kohvir\u00f6stimise tehas p\u00fcsti panna. Aastal 2018 otsustasime seda teed minna ja 2019. aasta juunis saime juba esimese toodangu meie enda tehasest Caffebo.<\/p><p style=\"font-weight: 400;\">Caffebo eesm\u00e4rk on saada suurimaks kohvitehaseks Baltikumis!<\/p>\t\t\t\t\t\t\t\t<\/div>\n\t\t\t\t<\/div>\n\t\t\t\t\t<\/div>\n\t\t<\/div>\n\t\t\t\t\t<\/div>\n\t\t<\/section>\n\t\t\t\t<\/div>\n\t\t","protected":false},"excerpt":{"rendered":"<p>Who we are Caffebo Caffebo on Eestisse rajatud Skandinaaviap\u00e4rane kohvitehas, kus valmivad enneolematud kohalikud kohvimaitsed. Eriliseks teeb meid see, et kohvipakk, mida k\u00e4es hoiad, sisaldab unikaalset maitsebuketti, mida saad tunda ainult Eestis. Kohalik tunne su tassis. Kohalik kultuur su k\u00e4eulatuses. Me usume, et pole olemas \u00fcht ja ainsat maailma parimat kohvi, vaid on erinevad maitsed, [&hellip;]<\/p>\n","protected":false},"author":1,"featured_media":5128,"parent":0,"menu_order":0,"comment_status":"closed","ping_status":"closed","template":"","meta":{"iawp_total_views":1482,"footnotes":""},"class_list":["post-673","page","type-page","status-publish","has-post-thumbnail","hentry"],"yoast_head":"<!-- This site is optimized with the Yoast SEO plugin v27.4 - https:\/\/yoast.com\/product\/yoast-seo-wordpress\/ -->\n<title>MEIST - Caffebo.ee - Kohvi r\u00f6stimine<\/title>\n<meta name=\"robots\" content=\"index, follow, max-snippet:-1, max-image-preview:large, max-video-preview:-1\" \/>\n<link rel=\"canonical\" href=\"https:\/\/caffebo.ee\/meie-missioon\/\" \/>\n<meta property=\"og:locale\" content=\"en_US\" \/>\n<meta property=\"og:type\" content=\"article\" \/>\n<meta property=\"og:title\" content=\"MEIST - Caffebo.ee - Kohvi r\u00f6stimine\" \/>\n<meta property=\"og:description\" content=\"Who we are Caffebo Caffebo on Eestisse rajatud Skandinaaviap\u00e4rane kohvitehas, kus valmivad enneolematud kohalikud kohvimaitsed. Eriliseks teeb meid see, et kohvipakk, mida k\u00e4es hoiad, sisaldab unikaalset maitsebuketti, mida saad tunda ainult Eestis. Kohalik tunne su tassis. Kohalik kultuur su k\u00e4eulatuses. Me usume, et pole olemas \u00fcht ja ainsat maailma parimat kohvi, vaid on erinevad maitsed, [&hellip;]\" \/>\n<meta property=\"og:url\" content=\"https:\/\/caffebo.ee\/meie-missioon\/\" \/>\n<meta property=\"og:site_name\" content=\"Caffebo.ee - Kohvi r\u00f6stimine\" \/>\n<meta property=\"article:modified_time\" content=\"2024-10-18T10:19:54+00:00\" \/>\n<meta property=\"og:image\" content=\"https:\/\/caffebo.ee\/wp-content\/uploads\/2021\/03\/Untitled-design.png\" \/>\n\t<meta property=\"og:image:width\" content=\"1920\" \/>\n\t<meta property=\"og:image:height\" content=\"700\" \/>\n\t<meta property=\"og:image:type\" content=\"image\/png\" \/>\n<meta name=\"twitter:card\" content=\"summary_large_image\" \/>\n<meta name=\"twitter:label1\" content=\"Est. reading time\" \/>\n\t<meta name=\"twitter:data1\" content=\"3 minutes\" \/>\n<script type=\"application\/ld+json\" class=\"yoast-schema-graph\">{\"@context\":\"https:\\\/\\\/schema.org\",\"@graph\":[{\"@type\":\"WebPage\",\"@id\":\"https:\\\/\\\/caffebo.ee\\\/meie-missioon\\\/\",\"url\":\"https:\\\/\\\/caffebo.ee\\\/meie-missioon\\\/\",\"name\":\"MEIST - Caffebo.ee - Kohvi r\u00f6stimine\",\"isPartOf\":{\"@id\":\"https:\\\/\\\/caffebo.ee\\\/#website\"},\"primaryImageOfPage\":{\"@id\":\"https:\\\/\\\/caffebo.ee\\\/meie-missioon\\\/#primaryimage\"},\"image\":{\"@id\":\"https:\\\/\\\/caffebo.ee\\\/meie-missioon\\\/#primaryimage\"},\"thumbnailUrl\":\"https:\\\/\\\/caffebo.ee\\\/wp-content\\\/uploads\\\/2021\\\/03\\\/Untitled-design.png\",\"datePublished\":\"2020-06-05T09:47:48+00:00\",\"dateModified\":\"2024-10-18T10:19:54+00:00\",\"breadcrumb\":{\"@id\":\"https:\\\/\\\/caffebo.ee\\\/meie-missioon\\\/#breadcrumb\"},\"inLanguage\":\"en-US\",\"potentialAction\":[{\"@type\":\"ReadAction\",\"target\":[\"https:\\\/\\\/caffebo.ee\\\/meie-missioon\\\/\"]}]},{\"@type\":\"ImageObject\",\"inLanguage\":\"en-US\",\"@id\":\"https:\\\/\\\/caffebo.ee\\\/meie-missioon\\\/#primaryimage\",\"url\":\"https:\\\/\\\/caffebo.ee\\\/wp-content\\\/uploads\\\/2021\\\/03\\\/Untitled-design.png\",\"contentUrl\":\"https:\\\/\\\/caffebo.ee\\\/wp-content\\\/uploads\\\/2021\\\/03\\\/Untitled-design.png\",\"width\":1920,\"height\":700},{\"@type\":\"BreadcrumbList\",\"@id\":\"https:\\\/\\\/caffebo.ee\\\/meie-missioon\\\/#breadcrumb\",\"itemListElement\":[{\"@type\":\"ListItem\",\"position\":1,\"name\":\"Home\",\"item\":\"https:\\\/\\\/caffebo.ee\\\/\"},{\"@type\":\"ListItem\",\"position\":2,\"name\":\"MEIST\"}]},{\"@type\":\"WebSite\",\"@id\":\"https:\\\/\\\/caffebo.ee\\\/#website\",\"url\":\"https:\\\/\\\/caffebo.ee\\\/\",\"name\":\"Caffebo.ee - Kohvide r\u00f6stimine\",\"description\":\"Caffebo.ee - Kohvi r\u00f6stimine Eestis\",\"publisher\":{\"@id\":\"https:\\\/\\\/caffebo.ee\\\/#organization\"},\"potentialAction\":[{\"@type\":\"SearchAction\",\"target\":{\"@type\":\"EntryPoint\",\"urlTemplate\":\"https:\\\/\\\/caffebo.ee\\\/?s={search_term_string}\"},\"query-input\":{\"@type\":\"PropertyValueSpecification\",\"valueRequired\":true,\"valueName\":\"search_term_string\"}}],\"inLanguage\":\"en-US\"},{\"@type\":\"Organization\",\"@id\":\"https:\\\/\\\/caffebo.ee\\\/#organization\",\"name\":\"Caffebo O\u00dc\",\"url\":\"https:\\\/\\\/caffebo.ee\\\/\",\"logo\":{\"@type\":\"ImageObject\",\"inLanguage\":\"en-US\",\"@id\":\"https:\\\/\\\/caffebo.ee\\\/#\\\/schema\\\/logo\\\/image\\\/\",\"url\":\"https:\\\/\\\/caffebo.ee\\\/wp-content\\\/uploads\\\/2021\\\/03\\\/caffebo-logo-rgb-01-1.png\",\"contentUrl\":\"https:\\\/\\\/caffebo.ee\\\/wp-content\\\/uploads\\\/2021\\\/03\\\/caffebo-logo-rgb-01-1.png\",\"width\":500,\"height\":300,\"caption\":\"Caffebo O\u00dc\"},\"image\":{\"@id\":\"https:\\\/\\\/caffebo.ee\\\/#\\\/schema\\\/logo\\\/image\\\/\"}}]}<\/script>\n<!-- \/ Yoast SEO plugin. -->","yoast_head_json":{"title":"MEIST - Caffebo.ee - Kohvi r\u00f6stimine","robots":{"index":"index","follow":"follow","max-snippet":"max-snippet:-1","max-image-preview":"max-image-preview:large","max-video-preview":"max-video-preview:-1"},"canonical":"https:\/\/caffebo.ee\/meie-missioon\/","og_locale":"en_US","og_type":"article","og_title":"MEIST - Caffebo.ee - Kohvi r\u00f6stimine","og_description":"Who we are Caffebo Caffebo on Eestisse rajatud Skandinaaviap\u00e4rane kohvitehas, kus valmivad enneolematud kohalikud kohvimaitsed. Eriliseks teeb meid see, et kohvipakk, mida k\u00e4es hoiad, sisaldab unikaalset maitsebuketti, mida saad tunda ainult Eestis. Kohalik tunne su tassis. Kohalik kultuur su k\u00e4eulatuses. Me usume, et pole olemas \u00fcht ja ainsat maailma parimat kohvi, vaid on erinevad maitsed, [&hellip;]","og_url":"https:\/\/caffebo.ee\/meie-missioon\/","og_site_name":"Caffebo.ee - Kohvi r\u00f6stimine","article_modified_time":"2024-10-18T10:19:54+00:00","og_image":[{"width":1920,"height":700,"url":"https:\/\/caffebo.ee\/wp-content\/uploads\/2021\/03\/Untitled-design.png","type":"image\/png"}],"twitter_card":"summary_large_image","twitter_misc":{"Est. reading time":"3 minutes"},"schema":{"@context":"https:\/\/schema.org","@graph":[{"@type":"WebPage","@id":"https:\/\/caffebo.ee\/meie-missioon\/","url":"https:\/\/caffebo.ee\/meie-missioon\/","name":"MEIST - Caffebo.ee - Kohvi r\u00f6stimine","isPartOf":{"@id":"https:\/\/caffebo.ee\/#website"},"primaryImageOfPage":{"@id":"https:\/\/caffebo.ee\/meie-missioon\/#primaryimage"},"image":{"@id":"https:\/\/caffebo.ee\/meie-missioon\/#primaryimage"},"thumbnailUrl":"https:\/\/caffebo.ee\/wp-content\/uploads\/2021\/03\/Untitled-design.png","datePublished":"2020-06-05T09:47:48+00:00","dateModified":"2024-10-18T10:19:54+00:00","breadcrumb":{"@id":"https:\/\/caffebo.ee\/meie-missioon\/#breadcrumb"},"inLanguage":"en-US","potentialAction":[{"@type":"ReadAction","target":["https:\/\/caffebo.ee\/meie-missioon\/"]}]},{"@type":"ImageObject","inLanguage":"en-US","@id":"https:\/\/caffebo.ee\/meie-missioon\/#primaryimage","url":"https:\/\/caffebo.ee\/wp-content\/uploads\/2021\/03\/Untitled-design.png","contentUrl":"https:\/\/caffebo.ee\/wp-content\/uploads\/2021\/03\/Untitled-design.png","width":1920,"height":700},{"@type":"BreadcrumbList","@id":"https:\/\/caffebo.ee\/meie-missioon\/#breadcrumb","itemListElement":[{"@type":"ListItem","position":1,"name":"Home","item":"https:\/\/caffebo.ee\/"},{"@type":"ListItem","position":2,"name":"MEIST"}]},{"@type":"WebSite","@id":"https:\/\/caffebo.ee\/#website","url":"https:\/\/caffebo.ee\/","name":"Caffebo.ee - Kohvide r\u00f6stimine","description":"Caffebo.ee - Kohvi r\u00f6stimine Eestis","publisher":{"@id":"https:\/\/caffebo.ee\/#organization"},"potentialAction":[{"@type":"SearchAction","target":{"@type":"EntryPoint","urlTemplate":"https:\/\/caffebo.ee\/?s={search_term_string}"},"query-input":{"@type":"PropertyValueSpecification","valueRequired":true,"valueName":"search_term_string"}}],"inLanguage":"en-US"},{"@type":"Organization","@id":"https:\/\/caffebo.ee\/#organization","name":"Caffebo O\u00dc","url":"https:\/\/caffebo.ee\/","logo":{"@type":"ImageObject","inLanguage":"en-US","@id":"https:\/\/caffebo.ee\/#\/schema\/logo\/image\/","url":"https:\/\/caffebo.ee\/wp-content\/uploads\/2021\/03\/caffebo-logo-rgb-01-1.png","contentUrl":"https:\/\/caffebo.ee\/wp-content\/uploads\/2021\/03\/caffebo-logo-rgb-01-1.png","width":500,"height":300,"caption":"Caffebo O\u00dc"},"image":{"@id":"https:\/\/caffebo.ee\/#\/schema\/logo\/image\/"}}]}},"_links":{"self":[{"href":"https:\/\/caffebo.ee\/en\/wp-json\/wp\/v2\/pages\/673","targetHints":{"allow":["GET"]}}],"collection":[{"href":"https:\/\/caffebo.ee\/en\/wp-json\/wp\/v2\/pages"}],"about":[{"href":"https:\/\/caffebo.ee\/en\/wp-json\/wp\/v2\/types\/page"}],"author":[{"embeddable":true,"href":"https:\/\/caffebo.ee\/en\/wp-json\/wp\/v2\/users\/1"}],"replies":[{"embeddable":true,"href":"https:\/\/caffebo.ee\/en\/wp-json\/wp\/v2\/comments?post=673"}],"version-history":[{"count":128,"href":"https:\/\/caffebo.ee\/en\/wp-json\/wp\/v2\/pages\/673\/revisions"}],"predecessor-version":[{"id":17096,"href":"https:\/\/caffebo.ee\/en\/wp-json\/wp\/v2\/pages\/673\/revisions\/17096"}],"wp:featuredmedia":[{"embeddable":true,"href":"https:\/\/caffebo.ee\/en\/wp-json\/wp\/v2\/media\/5128"}],"wp:attachment":[{"href":"https:\/\/caffebo.ee\/en\/wp-json\/wp\/v2\/media?parent=673"}],"curies":[{"name":"wp","href":"https:\/\/api.w.org\/{rel}","templated":true}]}}