{"id":9024,"date":"2020-06-05T09:47:48","date_gmt":"2020-06-05T06:47:48","guid":{"rendered":"https:\/\/caffebo.ee\/mehr\/"},"modified":"2023-01-05T18:37:08","modified_gmt":"2023-01-05T18:37:08","slug":"mehr","status":"publish","type":"page","link":"https:\/\/caffebo.ee\/en\/mehr\/","title":{"rendered":"UNSERE MARKE"},"content":{"rendered":"\t\t<div data-elementor-type=\"wp-page\" data-elementor-id=\"9024\" class=\"elementor elementor-9024 elementor-673\">\n\t\t\t\t\t\t<div class=\"elementor-section elementor-top-section elementor-element elementor-element-0ccd46e elementor-section-content-middle elementor-section-boxed elementor-section-height-default elementor-section-height-default\" data-id=\"0ccd46e\" data-element_type=\"section\" data-e-type=\"section\">\n\t\t\t\t\t\t<div class=\"elementor-container elementor-column-gap-default\">\n\t\t\t\t\t<div class=\"elementor-column elementor-col-50 elementor-top-column elementor-element elementor-element-2f19278\" data-id=\"2f19278\" data-element_type=\"column\" data-e-type=\"column\">\n\t\t\t<div class=\"elementor-widget-wrap elementor-element-populated\">\n\t\t\t\t\t\t<div class=\"elementor-element elementor-element-4b23880 elementor-invisible elementor-widget elementor-widget-foodsto_section_title\" data-id=\"4b23880\" data-element_type=\"widget\" data-e-type=\"widget\" data-settings=\"{&quot;_animation&quot;:&quot;fadeInLeft&quot;}\" data-widget_type=\"foodsto_section_title.default\">\n\t\t\t\t<div class=\"elementor-widget-container\">\n\t\t\t\t\t\n<div class=\"iq-title-box\">\n\t\n\t<span class=\"iq-subtitle\">Who we are<\/span>\n\t<h2 class=\"iq-title\" >\n\t\tUNSERE MARKE\t<\/h2>\n\t\t\n\t\n\t<p class=\"iq-title-desc\">Caffebo ist eine in Estland gegr\u00fcndete Kaffeefabrik im skandinavischen Stil, in der beispiellose lokale Kaffeearomen zubereitet werden. Was uns besonders macht, ist, dass die Kaffeepackung, die Sie in der Hand halten, ein einzigartiges Bouquet von Aromen enth\u00e4lt, die Sie nur in Estland erleben k\u00f6nnen. Lokales Feeling in Ihrer Tasse. Lokale Kultur an Ihren Fingerspitzen. Wir, Kaffeeprofis mit jahrzehntelanger Erfahrung, glauben, dass es nicht den einen besten Kaffee der Welt gibt, sondern verschiedene Geschmacksrichtungen, die perfekt zu einer bestimmten Zeit, einem bestimmten Ort oder einer bestimmten Veranstaltung passen. Deshalb geht keine Charge Caffebo vor vielen Testr\u00f6stungen und spielerischen Geschmackstests in die Produktion. Daher ist Caffebo eine einzigartige Kaffeemanufaktur, deren Auswahl in jeder Region die Vorlieben der lokalen Kultur beschreibt.<\/p><\/div>\n\t\t\t\t<\/div>\n\t\t\t\t<\/div>\n\t\t\t\t\t<\/div>\n\t\t<\/div>\n\t\t\t\t<div class=\"elementor-column elementor-col-50 elementor-top-column elementor-element elementor-element-539ffce\" data-id=\"539ffce\" data-element_type=\"column\" data-e-type=\"column\">\n\t\t\t<div class=\"elementor-widget-wrap elementor-element-populated\">\n\t\t\t\t\t\t<div class=\"elementor-element elementor-element-6f59431 elementor-hidden-tablet elementor-hidden-mobile elementor-invisible elementor-widget elementor-widget-image\" data-id=\"6f59431\" data-element_type=\"widget\" data-e-type=\"widget\" data-settings=\"{&quot;_animation&quot;:&quot;fadeInRight&quot;}\" data-widget_type=\"image.default\">\n\t\t\t\t<div class=\"elementor-widget-container\">\n\t\t\t\t\t\t\t\t\t\t\t\t\t\t\t<img fetchpriority=\"high\" decoding=\"async\" width=\"525\" height=\"906\" src=\"https:\/\/caffebo.ee\/wp-content\/uploads\/2021\/03\/Untitled-design-1.png\" class=\"attachment-large size-large wp-image-7553\" alt=\"\" srcset=\"https:\/\/caffebo.ee\/wp-content\/uploads\/2021\/03\/Untitled-design-1.png 534w, https:\/\/caffebo.ee\/wp-content\/uploads\/2021\/03\/Untitled-design-1-174x300.png 174w\" sizes=\"100vw\" \/>\t\t\t\t\t\t\t\t\t\t\t\t\t\t\t<\/div>\n\t\t\t\t<\/div>\n\t\t\t\t\t<\/div>\n\t\t<\/div>\n\t\t\t\t\t<\/div>\n\t\t<\/div>\n\t\t\t\t<section class=\"elementor-section elementor-top-section elementor-element elementor-element-d7f381e elementor-section-boxed elementor-section-height-default elementor-section-height-default\" data-id=\"d7f381e\" data-element_type=\"section\" data-e-type=\"section\">\n\t\t\t\t\t\t<div class=\"elementor-container elementor-column-gap-default\">\n\t\t\t\t\t<div class=\"elementor-column elementor-col-50 elementor-top-column elementor-element elementor-element-06bb10f\" data-id=\"06bb10f\" data-element_type=\"column\" data-e-type=\"column\">\n\t\t\t<div class=\"elementor-widget-wrap elementor-element-populated\">\n\t\t\t\t\t\t<div class=\"elementor-element elementor-element-20aabdc elementor-widget elementor-widget-image\" data-id=\"20aabdc\" data-element_type=\"widget\" data-e-type=\"widget\" data-widget_type=\"image.default\">\n\t\t\t\t<div class=\"elementor-widget-container\">\n\t\t\t\t\t\t\t\t\t\t\t\t<figure class=\"wp-caption\">\n\t\t\t\t\t\t\t\t\t\t<img decoding=\"async\" width=\"225\" height=\"300\" src=\"https:\/\/caffebo.ee\/wp-content\/uploads\/2022\/10\/IMG_6544-225x300.jpg\" class=\"attachment-medium size-medium wp-image-7727\" alt=\"\" srcset=\"https:\/\/caffebo.ee\/wp-content\/uploads\/2022\/10\/IMG_6544-225x300.jpg 225w, https:\/\/caffebo.ee\/wp-content\/uploads\/2022\/10\/IMG_6544-768x1024.jpg 768w, https:\/\/caffebo.ee\/wp-content\/uploads\/2022\/10\/IMG_6544-1152x1536.jpg 1152w, https:\/\/caffebo.ee\/wp-content\/uploads\/2022\/10\/IMG_6544-1536x2048.jpg 1536w, https:\/\/caffebo.ee\/wp-content\/uploads\/2022\/10\/IMG_6544-600x800.jpg 600w, https:\/\/caffebo.ee\/wp-content\/uploads\/2022\/10\/IMG_6544-scaled.jpg 1920w\" sizes=\"100vw\" \/>\t\t\t\t\t\t\t\t\t\t\t<figcaption class=\"widget-image-caption wp-caption-text\">Rudolf Leimets, Caffebo-R\u00f6stmeister<\/figcaption>\n\t\t\t\t\t\t\t\t\t\t<\/figure>\n\t\t\t\t\t\t\t\t\t<\/div>\n\t\t\t\t<\/div>\n\t\t\t\t\t<\/div>\n\t\t<\/div>\n\t\t\t\t<div class=\"elementor-column elementor-col-50 elementor-top-column elementor-element elementor-element-33ab6ea\" data-id=\"33ab6ea\" data-element_type=\"column\" data-e-type=\"column\">\n\t\t\t<div class=\"elementor-widget-wrap elementor-element-populated\">\n\t\t\t\t\t\t<div class=\"elementor-element elementor-element-4b2d6dd elementor-widget elementor-widget-text-editor\" data-id=\"4b2d6dd\" data-element_type=\"widget\" data-e-type=\"widget\" data-widget_type=\"text-editor.default\">\n\t\t\t\t<div class=\"elementor-widget-container\">\n\t\t\t\t\t\t\t\t\t<p>Meine Reise in die Kaffeewelt begann im Jahr 2020. Zu Beginn des Jahres bei Caffebo, das ganz im Zeichen von R\u00f6stung, Verkostung und Produktentwicklung aus allen Blickwinkeln und Elementen gestanden hat. Das t\u00e4gliche Ziel ist es, qualitativ hochwertigen, sorgf\u00e4ltig ger\u00f6steten Kaffee mit einem angenehmen Aroma in die Tasse der Einheimischen zu bringen, um die Eroberung der Welt zu erleichtern \ud83d\ude42<\/p>\n\t\t\t\t\t\t\t\t<\/div>\n\t\t\t\t<\/div>\n\t\t\t\t\t<\/div>\n\t\t<\/div>\n\t\t\t\t\t<\/div>\n\t\t<\/section>\n\t\t\t\t<section class=\"elementor-section elementor-top-section elementor-element elementor-element-db8fbe5 elementor-section-boxed elementor-section-height-default elementor-section-height-default\" data-id=\"db8fbe5\" data-element_type=\"section\" data-e-type=\"section\">\n\t\t\t\t\t\t<div class=\"elementor-container elementor-column-gap-default\">\n\t\t\t\t\t<div class=\"elementor-column elementor-col-50 elementor-top-column elementor-element elementor-element-68e781e\" data-id=\"68e781e\" data-element_type=\"column\" data-e-type=\"column\">\n\t\t\t<div class=\"elementor-widget-wrap elementor-element-populated\">\n\t\t\t\t\t\t<div class=\"elementor-element elementor-element-ce8487e elementor-widget elementor-widget-image\" data-id=\"ce8487e\" data-element_type=\"widget\" data-e-type=\"widget\" data-widget_type=\"image.default\">\n\t\t\t\t<div class=\"elementor-widget-container\">\n\t\t\t\t\t\t\t\t\t\t\t\t<figure class=\"wp-caption\">\n\t\t\t\t\t\t\t\t\t\t<img decoding=\"async\" width=\"225\" height=\"300\" src=\"https:\/\/caffebo.ee\/wp-content\/uploads\/2022\/10\/IMG_6537-225x300.jpg\" class=\"attachment-medium size-medium wp-image-7721\" alt=\"\" srcset=\"https:\/\/caffebo.ee\/wp-content\/uploads\/2022\/10\/IMG_6537-225x300.jpg 225w, https:\/\/caffebo.ee\/wp-content\/uploads\/2022\/10\/IMG_6537-768x1024.jpg 768w, https:\/\/caffebo.ee\/wp-content\/uploads\/2022\/10\/IMG_6537-1152x1536.jpg 1152w, https:\/\/caffebo.ee\/wp-content\/uploads\/2022\/10\/IMG_6537-1536x2048.jpg 1536w, https:\/\/caffebo.ee\/wp-content\/uploads\/2022\/10\/IMG_6537-600x800.jpg 600w, https:\/\/caffebo.ee\/wp-content\/uploads\/2022\/10\/IMG_6537-scaled.jpg 1920w\" sizes=\"100vw\" \/>\t\t\t\t\t\t\t\t\t\t\t<figcaption class=\"widget-image-caption wp-caption-text\">Mart Roosmets, Mitglied des Verwaltungsrats, Caffebo<\/figcaption>\n\t\t\t\t\t\t\t\t\t\t<\/figure>\n\t\t\t\t\t\t\t\t\t<\/div>\n\t\t\t\t<\/div>\n\t\t\t\t\t<\/div>\n\t\t<\/div>\n\t\t\t\t<div class=\"elementor-column elementor-col-50 elementor-top-column elementor-element elementor-element-cbe7c37\" data-id=\"cbe7c37\" data-element_type=\"column\" data-e-type=\"column\">\n\t\t\t<div class=\"elementor-widget-wrap elementor-element-populated\">\n\t\t\t\t\t\t<div class=\"elementor-element elementor-element-79285f1 elementor-widget elementor-widget-text-editor\" data-id=\"79285f1\" data-element_type=\"widget\" data-e-type=\"widget\" data-widget_type=\"text-editor.default\">\n\t\t\t\t<div class=\"elementor-widget-container\">\n\t\t\t\t\t\t\t\t\t<p style=\"font-weight: 400;\">Caffebo ist ein besonderes Kind, das sehr willkommen war&#8230; \ud83d\ude42<\/p>\n<p style=\"font-weight: 400;\">Da wir seit 2000 in der Kaffeewelt t\u00e4tig sind, sind all diese Jahre an F\u00e4higkeiten, Tricks und Erfahrungen in die Caffebo-Fabrik und die Kaffees eingeflossen!<\/p>\n<p style=\"font-weight: 400;\">Wir r\u00f6sten mit Vergn\u00fcgen!<\/p>\n\t\t\t\t\t\t\t\t<\/div>\n\t\t\t\t<\/div>\n\t\t\t\t\t<\/div>\n\t\t<\/div>\n\t\t\t\t\t<\/div>\n\t\t<\/section>\n\t\t\t\t<section class=\"elementor-section elementor-top-section elementor-element elementor-element-7723482 elementor-section-boxed elementor-section-height-default elementor-section-height-default\" data-id=\"7723482\" data-element_type=\"section\" data-e-type=\"section\">\n\t\t\t\t\t\t<div class=\"elementor-container elementor-column-gap-default\">\n\t\t\t\t\t<div class=\"elementor-column elementor-col-50 elementor-top-column elementor-element elementor-element-31541bb\" data-id=\"31541bb\" data-element_type=\"column\" data-e-type=\"column\">\n\t\t\t<div class=\"elementor-widget-wrap elementor-element-populated\">\n\t\t\t\t\t\t<div class=\"elementor-element elementor-element-34ab3f9 elementor-widget elementor-widget-image\" data-id=\"34ab3f9\" data-element_type=\"widget\" data-e-type=\"widget\" data-widget_type=\"image.default\">\n\t\t\t\t<div class=\"elementor-widget-container\">\n\t\t\t\t\t\t\t\t\t\t\t\t<figure class=\"wp-caption\">\n\t\t\t\t\t\t\t\t\t\t<img loading=\"lazy\" decoding=\"async\" width=\"246\" height=\"300\" src=\"https:\/\/caffebo.ee\/wp-content\/uploads\/2021\/04\/2-3-246x300.png\" class=\"attachment-medium size-medium wp-image-7616\" alt=\"\" srcset=\"https:\/\/caffebo.ee\/wp-content\/uploads\/2021\/04\/2-3-246x300.png 246w, https:\/\/caffebo.ee\/wp-content\/uploads\/2021\/04\/2-3.png 386w\" sizes=\"100vw\" \/>\t\t\t\t\t\t\t\t\t\t\t<figcaption class=\"widget-image-caption wp-caption-text\">\u00dcllar Ink, Vorstandsmitglied von Caffebo<\/figcaption>\n\t\t\t\t\t\t\t\t\t\t<\/figure>\n\t\t\t\t\t\t\t\t\t<\/div>\n\t\t\t\t<\/div>\n\t\t\t\t\t<\/div>\n\t\t<\/div>\n\t\t\t\t<div class=\"elementor-column elementor-col-50 elementor-top-column elementor-element elementor-element-d56a692\" data-id=\"d56a692\" data-element_type=\"column\" data-e-type=\"column\">\n\t\t\t<div class=\"elementor-widget-wrap elementor-element-populated\">\n\t\t\t\t\t\t<div class=\"elementor-element elementor-element-80bbea1 elementor-widget elementor-widget-text-editor\" data-id=\"80bbea1\" data-element_type=\"widget\" data-e-type=\"widget\" data-widget_type=\"text-editor.default\">\n\t\t\t\t<div class=\"elementor-widget-container\">\n\t\t\t\t\t\t\t\t\t<p style=\"font-weight: 400;\">Ich bin seit 2003 in der Kaffeewelt t\u00e4tig. Damals begann ich als Techniker mit der Reparatur und Wartung von Kaffeemaschinen, damit die Kunden auch weiterhin den besten Kaffee in ihrer Tasse genie\u00dfen k\u00f6nnen.<\/p>\n<p style=\"font-weight: 400;\">Jahre bevor CaffeBo gegr\u00fcndet wurde und in die Welt des R\u00f6stens eintauchte, wurden die kleineren R\u00f6stereien in die Welt des R\u00f6stens eingef\u00fchrt, und es war sofort klar, dass der n\u00e4chste Schritt die Er\u00f6ffnung einer eigenen R\u00f6sterei sein w\u00fcrde.<\/p>\n<p style=\"font-weight: 400;\">Meine Aufgabe ist es, daf\u00fcr zu sorgen, dass die Anlage reibungslos l\u00e4uft und ordnungsgem\u00e4\u00df gewartet wird.<\/p>\n<p style=\"font-weight: 400;\">Dank CaffeBo und unserer eigenen langj\u00e4hrigen Erfahrung in der Kaffeewelt sind wir in der Lage, den Kaffee zu r\u00f6sten, der f\u00fcr den estnischen Kaffeetrinker am besten geeignet ist.<\/p>\n<p style=\"font-weight: 400;\">\n\t\t\t\t\t\t\t\t<\/div>\n\t\t\t\t<\/div>\n\t\t\t\t\t<\/div>\n\t\t<\/div>\n\t\t\t\t\t<\/div>\n\t\t<\/section>\n\t\t\t\t<section class=\"elementor-section elementor-top-section elementor-element elementor-element-004890b elementor-section-boxed elementor-section-height-default elementor-section-height-default\" data-id=\"004890b\" data-element_type=\"section\" data-e-type=\"section\">\n\t\t\t\t\t\t<div class=\"elementor-container elementor-column-gap-default\">\n\t\t\t\t\t<div class=\"elementor-column elementor-col-50 elementor-top-column elementor-element elementor-element-8bd5d6f\" data-id=\"8bd5d6f\" data-element_type=\"column\" data-e-type=\"column\">\n\t\t\t<div class=\"elementor-widget-wrap elementor-element-populated\">\n\t\t\t\t\t\t<div class=\"elementor-element elementor-element-00faac3 elementor-widget elementor-widget-image\" data-id=\"00faac3\" data-element_type=\"widget\" data-e-type=\"widget\" data-widget_type=\"image.default\">\n\t\t\t\t<div class=\"elementor-widget-container\">\n\t\t\t\t\t\t\t\t\t\t\t\t<figure class=\"wp-caption\">\n\t\t\t\t\t\t\t\t\t\t<img loading=\"lazy\" decoding=\"async\" width=\"225\" height=\"300\" src=\"https:\/\/caffebo.ee\/wp-content\/uploads\/2022\/12\/Untitled-design-3-225x300.png\" class=\"attachment-medium size-medium wp-image-7745\" alt=\"\" srcset=\"https:\/\/caffebo.ee\/wp-content\/uploads\/2022\/12\/Untitled-design-3-225x300.png 225w, https:\/\/caffebo.ee\/wp-content\/uploads\/2022\/12\/Untitled-design-3-768x1024.png 768w, https:\/\/caffebo.ee\/wp-content\/uploads\/2022\/12\/Untitled-design-3-1152x1536.png 1152w, https:\/\/caffebo.ee\/wp-content\/uploads\/2022\/12\/Untitled-design-3-1536x2048.png 1536w, https:\/\/caffebo.ee\/wp-content\/uploads\/2022\/12\/Untitled-design-3-600x800.png 600w, https:\/\/caffebo.ee\/wp-content\/uploads\/2022\/12\/Untitled-design-3.png 1920w\" sizes=\"100vw\" \/>\t\t\t\t\t\t\t\t\t\t\t<figcaption class=\"widget-image-caption wp-caption-text\">T\u00f5nis Juulik, Vorstandsmitglied von Caffebo<\/figcaption>\n\t\t\t\t\t\t\t\t\t\t<\/figure>\n\t\t\t\t\t\t\t\t\t<\/div>\n\t\t\t\t<\/div>\n\t\t\t\t\t<\/div>\n\t\t<\/div>\n\t\t\t\t<div class=\"elementor-column elementor-col-50 elementor-top-column elementor-element elementor-element-1bedf6e\" data-id=\"1bedf6e\" data-element_type=\"column\" data-e-type=\"column\">\n\t\t\t<div class=\"elementor-widget-wrap elementor-element-populated\">\n\t\t\t\t\t\t<div class=\"elementor-element elementor-element-0c800b9 elementor-widget elementor-widget-text-editor\" data-id=\"0c800b9\" data-element_type=\"widget\" data-e-type=\"widget\" data-widget_type=\"text-editor.default\">\n\t\t\t\t<div class=\"elementor-widget-container\">\n\t\t\t\t\t\t\t\t\t<p style=\"font-weight: 400;\">Meine Reise in die Welt des Kaffees begann im Jahr 2010. in Saaremaa. In den Anf\u00e4ngen gab es noch keine Vorkenntnisse und Erfahrungen in diesem Bereich, so dass die Welt des Kaffees weitgehend selbst erlernt und entdeckt werden musste. 2014 a. keimte die Idee auf, eine Kaffeer\u00f6sterei zu gr\u00fcnden. 2018 a. haben wir beschlossen, diesen Weg zu gehen, und zwar im Jahr 2019. Im Juni haben wir bereits die erste Produktion aus unserer eigenen Caffebo-Fabrik erhalten.<\/p>\n<p style=\"font-weight: 400;\">Das Ziel von Caffebo ist es, die gr\u00f6\u00dfte Kaffeefabrik im Baltikum zu werden!<\/p>\n\t\t\t\t\t\t\t\t<\/div>\n\t\t\t\t<\/div>\n\t\t\t\t\t<\/div>\n\t\t<\/div>\n\t\t\t\t\t<\/div>\n\t\t<\/section>\n\t\t\t\t<\/div>\n\t\t","protected":false},"excerpt":{"rendered":"<p>Who we are UNSERE MARKE Caffebo ist eine in Estland gegr\u00fcndete Kaffeefabrik im skandinavischen Stil, in der beispiellose lokale Kaffeearomen zubereitet werden. Was uns besonders macht, ist, dass die Kaffeepackung, die Sie in der Hand halten, ein einzigartiges Bouquet von Aromen enth\u00e4lt, die Sie nur in Estland erleben k\u00f6nnen. Lokales Feeling in Ihrer Tasse. Lokale [&hellip;]<\/p>\n","protected":false},"author":1,"featured_media":8909,"parent":0,"menu_order":0,"comment_status":"closed","ping_status":"closed","template":"","meta":{"iawp_total_views":34,"footnotes":""},"class_list":["post-9024","page","type-page","status-publish","has-post-thumbnail","hentry"],"yoast_head":"<!-- This site is optimized with the Yoast SEO plugin v27.4 - https:\/\/yoast.com\/product\/yoast-seo-wordpress\/ -->\n<title>UNSERE MARKE - Caffebo.ee - Kohvi r\u00f6stimine<\/title>\n<meta name=\"robots\" content=\"index, follow, max-snippet:-1, max-image-preview:large, max-video-preview:-1\" \/>\n<link rel=\"canonical\" href=\"https:\/\/caffebo.ee\/de\/mehr\/\" \/>\n<meta property=\"og:locale\" content=\"en_US\" \/>\n<meta property=\"og:type\" content=\"article\" \/>\n<meta property=\"og:title\" content=\"UNSERE MARKE - Caffebo.ee - Kohvi r\u00f6stimine\" \/>\n<meta property=\"og:description\" content=\"Who we are UNSERE MARKE Caffebo ist eine in Estland gegr\u00fcndete Kaffeefabrik im skandinavischen Stil, in der beispiellose lokale Kaffeearomen zubereitet werden. Was uns besonders macht, ist, dass die Kaffeepackung, die Sie in der Hand halten, ein einzigartiges Bouquet von Aromen enth\u00e4lt, die Sie nur in Estland erleben k\u00f6nnen. Lokales Feeling in Ihrer Tasse. Lokale [&hellip;]\" \/>\n<meta property=\"og:url\" content=\"https:\/\/caffebo.ee\/de\/mehr\/\" \/>\n<meta property=\"og:site_name\" content=\"Caffebo.ee - Kohvi r\u00f6stimine\" \/>\n<meta property=\"article:modified_time\" content=\"2023-01-05T18:37:08+00:00\" \/>\n<meta property=\"og:image\" content=\"https:\/\/caffebo.ee\/wp-content\/uploads\/2021\/03\/Untitled-design.png\" \/>\n\t<meta property=\"og:image:width\" content=\"1920\" \/>\n\t<meta property=\"og:image:height\" content=\"700\" \/>\n\t<meta property=\"og:image:type\" content=\"image\/png\" \/>\n<meta name=\"twitter:card\" content=\"summary_large_image\" \/>\n<meta name=\"twitter:label1\" content=\"Est. reading time\" \/>\n\t<meta name=\"twitter:data1\" content=\"2 minutes\" \/>\n<script type=\"application\/ld+json\" class=\"yoast-schema-graph\">{\"@context\":\"https:\\\/\\\/schema.org\",\"@graph\":[{\"@type\":\"WebPage\",\"@id\":\"https:\\\/\\\/caffebo.ee\\\/de\\\/mehr\\\/\",\"url\":\"https:\\\/\\\/caffebo.ee\\\/de\\\/mehr\\\/\",\"name\":\"UNSERE MARKE - Caffebo.ee - Kohvi r\u00f6stimine\",\"isPartOf\":{\"@id\":\"https:\\\/\\\/caffebo.ee\\\/#website\"},\"primaryImageOfPage\":{\"@id\":\"https:\\\/\\\/caffebo.ee\\\/de\\\/mehr\\\/#primaryimage\"},\"image\":{\"@id\":\"https:\\\/\\\/caffebo.ee\\\/de\\\/mehr\\\/#primaryimage\"},\"thumbnailUrl\":\"https:\\\/\\\/caffebo.ee\\\/wp-content\\\/uploads\\\/2021\\\/03\\\/Untitled-design.png\",\"datePublished\":\"2020-06-05T06:47:48+00:00\",\"dateModified\":\"2023-01-05T18:37:08+00:00\",\"breadcrumb\":{\"@id\":\"https:\\\/\\\/caffebo.ee\\\/de\\\/mehr\\\/#breadcrumb\"},\"inLanguage\":\"en-US\",\"potentialAction\":[{\"@type\":\"ReadAction\",\"target\":[\"https:\\\/\\\/caffebo.ee\\\/de\\\/mehr\\\/\"]}]},{\"@type\":\"ImageObject\",\"inLanguage\":\"en-US\",\"@id\":\"https:\\\/\\\/caffebo.ee\\\/de\\\/mehr\\\/#primaryimage\",\"url\":\"https:\\\/\\\/caffebo.ee\\\/wp-content\\\/uploads\\\/2021\\\/03\\\/Untitled-design.png\",\"contentUrl\":\"https:\\\/\\\/caffebo.ee\\\/wp-content\\\/uploads\\\/2021\\\/03\\\/Untitled-design.png\",\"width\":1920,\"height\":700},{\"@type\":\"BreadcrumbList\",\"@id\":\"https:\\\/\\\/caffebo.ee\\\/de\\\/mehr\\\/#breadcrumb\",\"itemListElement\":[{\"@type\":\"ListItem\",\"position\":1,\"name\":\"Home\",\"item\":\"https:\\\/\\\/caffebo.ee\\\/\"},{\"@type\":\"ListItem\",\"position\":2,\"name\":\"UNSERE MARKE\"}]},{\"@type\":\"WebSite\",\"@id\":\"https:\\\/\\\/caffebo.ee\\\/#website\",\"url\":\"https:\\\/\\\/caffebo.ee\\\/\",\"name\":\"Caffebo.ee - Kohvide r\u00f6stimine\",\"description\":\"Caffebo.ee - Kohvi r\u00f6stimine Eestis\",\"publisher\":{\"@id\":\"https:\\\/\\\/caffebo.ee\\\/#organization\"},\"potentialAction\":[{\"@type\":\"SearchAction\",\"target\":{\"@type\":\"EntryPoint\",\"urlTemplate\":\"https:\\\/\\\/caffebo.ee\\\/?s={search_term_string}\"},\"query-input\":{\"@type\":\"PropertyValueSpecification\",\"valueRequired\":true,\"valueName\":\"search_term_string\"}}],\"inLanguage\":\"en-US\"},{\"@type\":\"Organization\",\"@id\":\"https:\\\/\\\/caffebo.ee\\\/#organization\",\"name\":\"Caffebo O\u00dc\",\"url\":\"https:\\\/\\\/caffebo.ee\\\/\",\"logo\":{\"@type\":\"ImageObject\",\"inLanguage\":\"en-US\",\"@id\":\"https:\\\/\\\/caffebo.ee\\\/#\\\/schema\\\/logo\\\/image\\\/\",\"url\":\"https:\\\/\\\/caffebo.ee\\\/wp-content\\\/uploads\\\/2021\\\/03\\\/caffebo-logo-rgb-01-1.png\",\"contentUrl\":\"https:\\\/\\\/caffebo.ee\\\/wp-content\\\/uploads\\\/2021\\\/03\\\/caffebo-logo-rgb-01-1.png\",\"width\":500,\"height\":300,\"caption\":\"Caffebo O\u00dc\"},\"image\":{\"@id\":\"https:\\\/\\\/caffebo.ee\\\/#\\\/schema\\\/logo\\\/image\\\/\"}}]}<\/script>\n<!-- \/ Yoast SEO plugin. -->","yoast_head_json":{"title":"UNSERE MARKE - Caffebo.ee - Kohvi r\u00f6stimine","robots":{"index":"index","follow":"follow","max-snippet":"max-snippet:-1","max-image-preview":"max-image-preview:large","max-video-preview":"max-video-preview:-1"},"canonical":"https:\/\/caffebo.ee\/de\/mehr\/","og_locale":"en_US","og_type":"article","og_title":"UNSERE MARKE - Caffebo.ee - Kohvi r\u00f6stimine","og_description":"Who we are UNSERE MARKE Caffebo ist eine in Estland gegr\u00fcndete Kaffeefabrik im skandinavischen Stil, in der beispiellose lokale Kaffeearomen zubereitet werden. Was uns besonders macht, ist, dass die Kaffeepackung, die Sie in der Hand halten, ein einzigartiges Bouquet von Aromen enth\u00e4lt, die Sie nur in Estland erleben k\u00f6nnen. Lokales Feeling in Ihrer Tasse. Lokale [&hellip;]","og_url":"https:\/\/caffebo.ee\/de\/mehr\/","og_site_name":"Caffebo.ee - Kohvi r\u00f6stimine","article_modified_time":"2023-01-05T18:37:08+00:00","og_image":[{"width":1920,"height":700,"url":"https:\/\/caffebo.ee\/wp-content\/uploads\/2021\/03\/Untitled-design.png","type":"image\/png"}],"twitter_card":"summary_large_image","twitter_misc":{"Est. reading time":"2 minutes"},"schema":{"@context":"https:\/\/schema.org","@graph":[{"@type":"WebPage","@id":"https:\/\/caffebo.ee\/de\/mehr\/","url":"https:\/\/caffebo.ee\/de\/mehr\/","name":"UNSERE MARKE - Caffebo.ee - Kohvi r\u00f6stimine","isPartOf":{"@id":"https:\/\/caffebo.ee\/#website"},"primaryImageOfPage":{"@id":"https:\/\/caffebo.ee\/de\/mehr\/#primaryimage"},"image":{"@id":"https:\/\/caffebo.ee\/de\/mehr\/#primaryimage"},"thumbnailUrl":"https:\/\/caffebo.ee\/wp-content\/uploads\/2021\/03\/Untitled-design.png","datePublished":"2020-06-05T06:47:48+00:00","dateModified":"2023-01-05T18:37:08+00:00","breadcrumb":{"@id":"https:\/\/caffebo.ee\/de\/mehr\/#breadcrumb"},"inLanguage":"en-US","potentialAction":[{"@type":"ReadAction","target":["https:\/\/caffebo.ee\/de\/mehr\/"]}]},{"@type":"ImageObject","inLanguage":"en-US","@id":"https:\/\/caffebo.ee\/de\/mehr\/#primaryimage","url":"https:\/\/caffebo.ee\/wp-content\/uploads\/2021\/03\/Untitled-design.png","contentUrl":"https:\/\/caffebo.ee\/wp-content\/uploads\/2021\/03\/Untitled-design.png","width":1920,"height":700},{"@type":"BreadcrumbList","@id":"https:\/\/caffebo.ee\/de\/mehr\/#breadcrumb","itemListElement":[{"@type":"ListItem","position":1,"name":"Home","item":"https:\/\/caffebo.ee\/"},{"@type":"ListItem","position":2,"name":"UNSERE MARKE"}]},{"@type":"WebSite","@id":"https:\/\/caffebo.ee\/#website","url":"https:\/\/caffebo.ee\/","name":"Caffebo.ee - Kohvide r\u00f6stimine","description":"Caffebo.ee - Kohvi r\u00f6stimine Eestis","publisher":{"@id":"https:\/\/caffebo.ee\/#organization"},"potentialAction":[{"@type":"SearchAction","target":{"@type":"EntryPoint","urlTemplate":"https:\/\/caffebo.ee\/?s={search_term_string}"},"query-input":{"@type":"PropertyValueSpecification","valueRequired":true,"valueName":"search_term_string"}}],"inLanguage":"en-US"},{"@type":"Organization","@id":"https:\/\/caffebo.ee\/#organization","name":"Caffebo O\u00dc","url":"https:\/\/caffebo.ee\/","logo":{"@type":"ImageObject","inLanguage":"en-US","@id":"https:\/\/caffebo.ee\/#\/schema\/logo\/image\/","url":"https:\/\/caffebo.ee\/wp-content\/uploads\/2021\/03\/caffebo-logo-rgb-01-1.png","contentUrl":"https:\/\/caffebo.ee\/wp-content\/uploads\/2021\/03\/caffebo-logo-rgb-01-1.png","width":500,"height":300,"caption":"Caffebo O\u00dc"},"image":{"@id":"https:\/\/caffebo.ee\/#\/schema\/logo\/image\/"}}]}},"_links":{"self":[{"href":"https:\/\/caffebo.ee\/en\/wp-json\/wp\/v2\/pages\/9024","targetHints":{"allow":["GET"]}}],"collection":[{"href":"https:\/\/caffebo.ee\/en\/wp-json\/wp\/v2\/pages"}],"about":[{"href":"https:\/\/caffebo.ee\/en\/wp-json\/wp\/v2\/types\/page"}],"author":[{"embeddable":true,"href":"https:\/\/caffebo.ee\/en\/wp-json\/wp\/v2\/users\/1"}],"replies":[{"embeddable":true,"href":"https:\/\/caffebo.ee\/en\/wp-json\/wp\/v2\/comments?post=9024"}],"version-history":[{"count":8,"href":"https:\/\/caffebo.ee\/en\/wp-json\/wp\/v2\/pages\/9024\/revisions"}],"predecessor-version":[{"id":9033,"href":"https:\/\/caffebo.ee\/en\/wp-json\/wp\/v2\/pages\/9024\/revisions\/9033"}],"wp:featuredmedia":[{"embeddable":true,"href":"https:\/\/caffebo.ee\/en\/wp-json\/wp\/v2\/media\/8909"}],"wp:attachment":[{"href":"https:\/\/caffebo.ee\/en\/wp-json\/wp\/v2\/media?parent=9024"}],"curies":[{"name":"wp","href":"https:\/\/api.w.org\/{rel}","templated":true}]}}