{"id":11208,"date":"2020-06-02T12:28:23","date_gmt":"2020-06-02T09:28:23","guid":{"rendered":"https:\/\/caffebo.ee\/pagina-de-inicio\/"},"modified":"2023-02-01T06:40:07","modified_gmt":"2023-02-01T06:40:07","slug":"pagina-de-inicio","status":"publish","type":"page","link":"https:\/\/caffebo.ee\/es\/","title":{"rendered":"P\u00e1gina de inicio"},"content":{"rendered":"\t\t<div data-elementor-type=\"wp-page\" data-elementor-id=\"11208\" class=\"elementor elementor-11208 elementor-4669\">\n\t\t\t\t\t\t<div class=\"elementor-section elementor-top-section elementor-element elementor-element-66aabf5 elementor-section-stretched elementor-section-full_width elementor-section-height-default elementor-section-height-default\" data-id=\"66aabf5\" data-element_type=\"section\" data-e-type=\"section\" data-settings=\"{&quot;stretch_section&quot;:&quot;section-stretched&quot;,&quot;background_background&quot;:&quot;classic&quot;}\">\n\t\t\t\t\t\t<div class=\"elementor-container elementor-column-gap-default\">\n\t\t\t\t\t<div class=\"elementor-column elementor-col-100 elementor-top-column elementor-element elementor-element-0946e6b\" data-id=\"0946e6b\" data-element_type=\"column\" data-e-type=\"column\" data-settings=\"{&quot;background_background&quot;:&quot;classic&quot;}\">\n\t\t\t<div class=\"elementor-widget-wrap elementor-element-populated\">\n\t\t\t\t\t\t<div class=\"elementor-element elementor-element-68f6fa9 elementor-widget elementor-widget-shortcode\" data-id=\"68f6fa9\" data-element_type=\"widget\" data-e-type=\"widget\" data-widget_type=\"shortcode.default\">\n\t\t\t\t<div class=\"elementor-widget-container\">\n\t\t\t\t\t\t\t<div class=\"elementor-shortcode\"><div id=\"metaslider-id-5281\" style=\"width: 100%;\" class=\"ml-slider-3-108-0 metaslider metaslider-flex metaslider-5281 ml-slider ms-theme-default nav-hidden\" role=\"region\" aria-label=\"ESILEHE PILDID\" data-height=\"750\" data-width=\"1920\">\n    <div id=\"metaslider_container_5281\">\n        <div id=\"metaslider_5281\">\n            <ul class='slides'>\n            <\/ul>\n        <\/div>\n        \n    <\/div>\n<\/div><\/div>\n\t\t\t\t\t\t<\/div>\n\t\t\t\t<\/div>\n\t\t\t\t\t<\/div>\n\t\t<\/div>\n\t\t\t\t\t<\/div>\n\t\t<\/div>\n\t\t\t\t<div class=\"elementor-section elementor-top-section elementor-element elementor-element-56b3bb7 elementor-section-stretched elementor-section-content-middle elementor-section-boxed elementor-section-height-default elementor-section-height-default\" data-id=\"56b3bb7\" data-element_type=\"section\" data-e-type=\"section\" data-settings=\"{&quot;stretch_section&quot;:&quot;section-stretched&quot;}\">\n\t\t\t\t\t\t<div class=\"elementor-container elementor-column-gap-default\">\n\t\t\t\t\t<div class=\"elementor-column elementor-col-33 elementor-top-column elementor-element elementor-element-ad6750d\" data-id=\"ad6750d\" data-element_type=\"column\" data-e-type=\"column\" data-settings=\"{&quot;animation&quot;:&quot;none&quot;}\">\n\t\t\t<div class=\"elementor-widget-wrap elementor-element-populated\">\n\t\t\t\t\t\t<div class=\"elementor-element elementor-element-7bcc5bc elementor-widget elementor-widget-foodsto_section_title\" data-id=\"7bcc5bc\" data-element_type=\"widget\" data-e-type=\"widget\" data-settings=\"{&quot;_animation&quot;:&quot;none&quot;}\" data-widget_type=\"foodsto_section_title.default\">\n\t\t\t\t<div class=\"elementor-widget-container\">\n\t\t\t\t\t\n<div class=\"iq-title-box\">\n\t\n\t\n\t<h2 class=\"iq-title\" >\n\t\tCaf\u00e9s Caffebo\t<\/h2>\n\t\t\n\t<div class=\"iq-title-divider\"><\/div>\n\t<p class=\"iq-title-desc\">Caffebo es una f\u00e1brica de caf\u00e9 de estilo escandinavo establecida en Estonia, donde se preparan sabores de caf\u00e9 locales sin precedentes. Como profesionales del caf\u00e9 con d\u00e9cadas de experiencia, creemos que no existe el mejor caf\u00e9 del mundo, sino diferentes sabores que son perfectos para un determinado momento, lugar o evento.<\/p><\/div>\n\t\t\t\t<\/div>\n\t\t\t\t<\/div>\n\t\t\t\t<div class=\"elementor-element elementor-element-7a8a107 elementor-widget elementor-widget-iq_button\" data-id=\"7a8a107\" data-element_type=\"widget\" data-e-type=\"widget\" data-widget_type=\"iq_button.default\">\n\t\t\t\t<div class=\"elementor-widget-container\">\n\t\t\t\t\t        <div class=\"iq-btn-container\" >\n            <a class=\"iq-button has-icon btn-icon-right iq-btn-style2\" href=\"https:\/\/caffebo.ee\/meie-missioon\/\" >\n                <div class=\"d-flex align-items-center\">\n                    <span class=\"mr-2 iq-button-effact\">Lee mas<\/span><i aria-hidden=\"true\" class=\"fas fa-long-arrow-alt-right\"><\/i>                <\/div> \n            <\/a>\n        <\/div> \t\t\t\t<\/div>\n\t\t\t\t<\/div>\n\t\t\t\t\t<\/div>\n\t\t<\/div>\n\t\t\t\t<div class=\"elementor-column elementor-col-33 elementor-top-column elementor-element elementor-element-de07e04 elementor-invisible\" data-id=\"de07e04\" data-element_type=\"column\" data-e-type=\"column\" data-settings=\"{&quot;animation&quot;:&quot;fadeInRight&quot;}\">\n\t\t\t<div class=\"elementor-widget-wrap elementor-element-populated\">\n\t\t\t\t\t\t<div class=\"elementor-element elementor-element-80d5638 elementor-widget elementor-widget-image\" data-id=\"80d5638\" data-element_type=\"widget\" data-e-type=\"widget\" data-widget_type=\"image.default\">\n\t\t\t\t<div class=\"elementor-widget-container\">\n\t\t\t\t\t\t\t\t\t\t\t\t\t\t\t\t<a href=\"https:\/\/caffebo.ee\/wp-content\/uploads\/2021\/03\/1-copy.png\" data-elementor-open-lightbox=\"yes\" data-elementor-lightbox-title=\"1 copy\" data-e-action-hash=\"#elementor-action%3Aaction%3Dlightbox%26settings%3DeyJpZCI6MTA4MTIsInVybCI6Imh0dHBzOlwvXC9jYWZmZWJvLmVlXC93cC1jb250ZW50XC91cGxvYWRzXC8yMDIxXC8wM1wvMS1jb3B5LnBuZyJ9\">\n\t\t\t\t\t\t\t<img fetchpriority=\"high\" decoding=\"async\" width=\"386\" height=\"470\" src=\"https:\/\/caffebo.ee\/wp-content\/uploads\/2021\/03\/1-copy.png\" class=\"elementor-animation-shrink attachment-full size-full wp-image-10812\" alt=\"\" srcset=\"https:\/\/caffebo.ee\/wp-content\/uploads\/2021\/03\/1-copy.png 386w, https:\/\/caffebo.ee\/wp-content\/uploads\/2021\/03\/1-copy-246x300.png 246w\" sizes=\"100vw\" \/>\t\t\t\t\t\t\t\t<\/a>\n\t\t\t\t\t\t\t\t\t\t\t\t\t\t\t<\/div>\n\t\t\t\t<\/div>\n\t\t\t\t\t<\/div>\n\t\t<\/div>\n\t\t\t\t<div class=\"elementor-column elementor-col-33 elementor-top-column elementor-element elementor-element-cebab52 elementor-invisible\" data-id=\"cebab52\" data-element_type=\"column\" data-e-type=\"column\" data-settings=\"{&quot;animation&quot;:&quot;fadeInRight&quot;}\">\n\t\t\t<div class=\"elementor-widget-wrap elementor-element-populated\">\n\t\t\t\t\t\t<div class=\"elementor-element elementor-element-83abb89 elementor-widget elementor-widget-image\" data-id=\"83abb89\" data-element_type=\"widget\" data-e-type=\"widget\" data-widget_type=\"image.default\">\n\t\t\t\t<div class=\"elementor-widget-container\">\n\t\t\t\t\t\t\t\t\t\t\t\t\t\t\t\t<a href=\"https:\/\/caffebo.ee\/wp-content\/uploads\/2021\/04\/Untitled-design-2.png\" data-elementor-open-lightbox=\"yes\" data-elementor-lightbox-title=\"Untitled design-2\" data-e-action-hash=\"#elementor-action%3Aaction%3Dlightbox%26settings%3DeyJpZCI6MTA4MjcsInVybCI6Imh0dHBzOlwvXC9jYWZmZWJvLmVlXC93cC1jb250ZW50XC91cGxvYWRzXC8yMDIxXC8wNFwvVW50aXRsZWQtZGVzaWduLTIucG5nIn0%3D\">\n\t\t\t\t\t\t\t<img decoding=\"async\" width=\"386\" height=\"470\" src=\"https:\/\/caffebo.ee\/wp-content\/uploads\/2021\/04\/Untitled-design-2.png\" class=\"elementor-animation-shrink attachment-full size-full wp-image-10827\" alt=\"\" srcset=\"https:\/\/caffebo.ee\/wp-content\/uploads\/2021\/04\/Untitled-design-2.png 386w, https:\/\/caffebo.ee\/wp-content\/uploads\/2021\/04\/Untitled-design-2-246x300.png 246w\" sizes=\"100vw\" \/>\t\t\t\t\t\t\t\t<\/a>\n\t\t\t\t\t\t\t\t\t\t\t\t\t\t\t<\/div>\n\t\t\t\t<\/div>\n\t\t\t\t\t<\/div>\n\t\t<\/div>\n\t\t\t\t\t<\/div>\n\t\t<\/div>\n\t\t\t\t<section class=\"elementor-section elementor-top-section elementor-element elementor-element-0a4104e elementor-section-boxed elementor-section-height-default elementor-section-height-default\" data-id=\"0a4104e\" data-element_type=\"section\" data-e-type=\"section\">\n\t\t\t\t\t\t<div class=\"elementor-container elementor-column-gap-default\">\n\t\t\t\t\t<div class=\"elementor-column elementor-col-100 elementor-top-column elementor-element elementor-element-c82c699\" data-id=\"c82c699\" data-element_type=\"column\" data-e-type=\"column\">\n\t\t\t<div class=\"elementor-widget-wrap elementor-element-populated\">\n\t\t\t\t\t\t<div class=\"elementor-element elementor-element-ac76c4e animated-slow elementor-widget elementor-widget-heading\" data-id=\"ac76c4e\" data-element_type=\"widget\" data-e-type=\"widget\" data-settings=\"{&quot;_animation&quot;:&quot;none&quot;,&quot;_animation_delay&quot;:100}\" data-widget_type=\"heading.default\">\n\t\t\t\t<div class=\"elementor-widget-container\">\n\t\t\t\t\t<h2 class=\"elementor-heading-title elementor-size-default\">Descubra en qu\u00e9 consiste Caffebo.<\/h2>\t\t\t\t<\/div>\n\t\t\t\t<\/div>\n\t\t\t\t\t<\/div>\n\t\t<\/div>\n\t\t\t\t\t<\/div>\n\t\t<\/section>\n\t\t\t\t<section class=\"elementor-section elementor-top-section elementor-element elementor-element-edc4990 elementor-section-boxed elementor-section-height-default elementor-section-height-default\" data-id=\"edc4990\" data-element_type=\"section\" data-e-type=\"section\">\n\t\t\t\t\t\t<div class=\"elementor-container elementor-column-gap-default\">\n\t\t\t\t\t<div class=\"elementor-column elementor-col-100 elementor-top-column elementor-element elementor-element-3d3903c\" data-id=\"3d3903c\" data-element_type=\"column\" data-e-type=\"column\" data-settings=\"{&quot;animation&quot;:&quot;none&quot;}\">\n\t\t\t<div class=\"elementor-widget-wrap elementor-element-populated\">\n\t\t\t\t\t\t<div class=\"elementor-element elementor-element-d4a12a6 animated-slow elementor-widget elementor-widget-video\" data-id=\"d4a12a6\" data-element_type=\"widget\" data-e-type=\"widget\" data-settings=\"{&quot;video_type&quot;:&quot;hosted&quot;,&quot;_animation&quot;:&quot;none&quot;,&quot;_animation_delay&quot;:100,&quot;start&quot;:0,&quot;loop&quot;:&quot;yes&quot;,&quot;show_image_overlay&quot;:&quot;yes&quot;,&quot;image_overlay&quot;:{&quot;url&quot;:&quot;https:\\\/\\\/caffebo.ee\\\/wp-content\\\/uploads\\\/2021\\\/04\\\/IMG_7176-scaled.jpg&quot;,&quot;id&quot;:5277,&quot;size&quot;:&quot;&quot;},&quot;controls&quot;:&quot;yes&quot;}\" data-widget_type=\"video.default\">\n\t\t\t\t<div class=\"elementor-widget-container\">\n\t\t\t\t\t\t\t<div class=\"e-hosted-video elementor-wrapper elementor-open-inline\">\n\t\t\t\t\t<video class=\"elementor-video\" src=\"https:\/\/caffebo.ee\/wp-content\/uploads\/2021\/05\/Caffebo_tutvustus_1.mp4\" loop=\"\" controls=\"\" preload=\"metadata\" controlsList=\"nodownload\" poster=\"https:\/\/caffebo.ee\/wp-content\/uploads\/2021\/04\/IMG_7176-scaled.jpg\"><\/video>\n\t\t\t\t\t\t<div class=\"elementor-custom-embed-image-overlay\" style=\"background-image: url();\">\n\t\t\t\t\t\t\t\t\t\t\t\t\t\t\t\t<div class=\"elementor-custom-embed-play\" role=\"button\" aria-label=\"Reproducir v\u00eddeo\" tabindex=\"0\">\n\t\t\t\t\t\t\t<i aria-hidden=\"true\" class=\"eicon-play\"><\/i>\t\t\t\t\t\t<\/div>\n\t\t\t\t\t\t\t\t\t<\/div>\n\t\t\t\t\t<\/div>\n\t\t\t\t\t\t<\/div>\n\t\t\t\t<\/div>\n\t\t\t\t\t<\/div>\n\t\t<\/div>\n\t\t\t\t\t<\/div>\n\t\t<\/section>\n\t\t\t\t<div class=\"elementor-section elementor-top-section elementor-element elementor-element-6778f98 elementor-section-full_width elementor-section-stretched elementor-hidden-tablet elementor-hidden-phone elementor-section-height-default elementor-section-height-default\" data-id=\"6778f98\" data-element_type=\"section\" data-e-type=\"section\" data-settings=\"{&quot;stretch_section&quot;:&quot;section-stretched&quot;}\">\n\t\t\t\t\t\t<div class=\"elementor-container elementor-column-gap-default\">\n\t\t\t\t\t<div class=\"elementor-column elementor-col-100 elementor-top-column elementor-element elementor-element-43b130a\" data-id=\"43b130a\" data-element_type=\"column\" data-e-type=\"column\">\n\t\t\t<div class=\"elementor-widget-wrap elementor-element-populated\">\n\t\t\t\t\t\t<div class=\"elementor-element elementor-element-d3e523f elementor-widget__width-initial elementor-absolute elementor-invisible elementor-widget elementor-widget-image\" data-id=\"d3e523f\" data-element_type=\"widget\" data-e-type=\"widget\" data-settings=\"{&quot;_animation&quot;:&quot;fadeInLeft&quot;,&quot;_position&quot;:&quot;absolute&quot;}\" data-widget_type=\"image.default\">\n\t\t\t\t<div class=\"elementor-widget-container\">\n\t\t\t\t\t\t\t\t\t\t\t\t\t\t\t<img decoding=\"async\" src=\"https:\/\/caffebo.ee\/wp-content\/uploads\/2021\/01\/leaf2-e1609846212243.png\" title=\"leaf2\" alt=\"leaf2\" loading=\"lazy\" \/>\t\t\t\t\t\t\t\t\t\t\t\t\t\t\t<\/div>\n\t\t\t\t<\/div>\n\t\t\t\t<div class=\"elementor-element elementor-element-b7f05be elementor-widget__width-initial elementor-absolute elementor-invisible elementor-widget elementor-widget-image\" data-id=\"b7f05be\" data-element_type=\"widget\" data-e-type=\"widget\" data-settings=\"{&quot;_animation&quot;:&quot;fadeInRight&quot;,&quot;_position&quot;:&quot;absolute&quot;}\" data-widget_type=\"image.default\">\n\t\t\t\t<div class=\"elementor-widget-container\">\n\t\t\t\t\t\t\t\t\t\t\t\t\t\t\t<img decoding=\"async\" src=\"https:\/\/caffebo.ee\/wp-content\/uploads\/2021\/01\/leaf3-1.png\" title=\"leaf3\" alt=\"leaf3\" loading=\"lazy\" \/>\t\t\t\t\t\t\t\t\t\t\t\t\t\t\t<\/div>\n\t\t\t\t<\/div>\n\t\t\t\t\t<\/div>\n\t\t<\/div>\n\t\t\t\t\t<\/div>\n\t\t<\/div>\n\t\t\t\t<\/div>\n\t\t","protected":false},"excerpt":{"rendered":"<p>Caf\u00e9s Caffebo Caffebo es una f\u00e1brica de caf\u00e9 de estilo escandinavo establecida en Estonia, donde se preparan sabores de caf\u00e9 locales sin precedentes. Como profesionales del caf\u00e9 con d\u00e9cadas de experiencia, creemos que no existe el mejor caf\u00e9 del mundo, sino diferentes sabores que son perfectos para un determinado momento, lugar o evento. Lee mas [&hellip;]<\/p>\n","protected":false},"author":1,"featured_media":0,"parent":0,"menu_order":0,"comment_status":"closed","ping_status":"closed","template":"","meta":{"iawp_total_views":22,"footnotes":""},"class_list":["post-11208","page","type-page","status-publish","hentry"],"yoast_head":"<!-- This site is optimized with the Yoast SEO plugin v27.4 - https:\/\/yoast.com\/product\/yoast-seo-wordpress\/ -->\n<title>P\u00e1gina de inicio - Caffebo.ee - Kohvi r\u00f6stimine<\/title>\n<meta name=\"robots\" content=\"index, follow, max-snippet:-1, max-image-preview:large, max-video-preview:-1\" \/>\n<link rel=\"canonical\" href=\"https:\/\/caffebo.ee\/es\/pagina-de-inicio\/\" \/>\n<meta property=\"og:locale\" content=\"es_ES\" \/>\n<meta property=\"og:type\" content=\"article\" \/>\n<meta property=\"og:title\" content=\"P\u00e1gina de inicio - Caffebo.ee - Kohvi r\u00f6stimine\" \/>\n<meta property=\"og:description\" content=\"Caf\u00e9s Caffebo Caffebo es una f\u00e1brica de caf\u00e9 de estilo escandinavo establecida en Estonia, donde se preparan sabores de caf\u00e9 locales sin precedentes. Como profesionales del caf\u00e9 con d\u00e9cadas de experiencia, creemos que no existe el mejor caf\u00e9 del mundo, sino diferentes sabores que son perfectos para un determinado momento, lugar o evento. Lee mas [&hellip;]\" \/>\n<meta property=\"og:url\" content=\"https:\/\/caffebo.ee\/es\/pagina-de-inicio\/\" \/>\n<meta property=\"og:site_name\" content=\"Caffebo.ee - Kohvi r\u00f6stimine\" \/>\n<meta property=\"article:modified_time\" content=\"2023-02-01T06:40:07+00:00\" \/>\n<meta property=\"og:image\" content=\"https:\/\/caffebo.ee\/wp-content\/uploads\/2021\/03\/1-copy.png\" \/>\n<meta name=\"twitter:card\" content=\"summary_large_image\" \/>\n<script type=\"application\/ld+json\" class=\"yoast-schema-graph\">{\"@context\":\"https:\\\/\\\/schema.org\",\"@graph\":[{\"@type\":\"WebPage\",\"@id\":\"https:\\\/\\\/caffebo.ee\\\/es\\\/pagina-de-inicio\\\/\",\"url\":\"https:\\\/\\\/caffebo.ee\\\/es\\\/pagina-de-inicio\\\/\",\"name\":\"P\u00e1gina de inicio - Caffebo.ee - Kohvi r\u00f6stimine\",\"isPartOf\":{\"@id\":\"https:\\\/\\\/caffebo.ee\\\/#website\"},\"primaryImageOfPage\":{\"@id\":\"https:\\\/\\\/caffebo.ee\\\/es\\\/pagina-de-inicio\\\/#primaryimage\"},\"image\":{\"@id\":\"https:\\\/\\\/caffebo.ee\\\/es\\\/pagina-de-inicio\\\/#primaryimage\"},\"thumbnailUrl\":\"https:\\\/\\\/caffebo.ee\\\/wp-content\\\/uploads\\\/2021\\\/03\\\/1-copy.png\",\"datePublished\":\"2020-06-02T09:28:23+00:00\",\"dateModified\":\"2023-02-01T06:40:07+00:00\",\"breadcrumb\":{\"@id\":\"https:\\\/\\\/caffebo.ee\\\/es\\\/pagina-de-inicio\\\/#breadcrumb\"},\"inLanguage\":\"es\",\"potentialAction\":[{\"@type\":\"ReadAction\",\"target\":[\"https:\\\/\\\/caffebo.ee\\\/es\\\/pagina-de-inicio\\\/\"]}]},{\"@type\":\"ImageObject\",\"inLanguage\":\"es\",\"@id\":\"https:\\\/\\\/caffebo.ee\\\/es\\\/pagina-de-inicio\\\/#primaryimage\",\"url\":\"https:\\\/\\\/caffebo.ee\\\/wp-content\\\/uploads\\\/2021\\\/03\\\/1-copy.png\",\"contentUrl\":\"https:\\\/\\\/caffebo.ee\\\/wp-content\\\/uploads\\\/2021\\\/03\\\/1-copy.png\"},{\"@type\":\"BreadcrumbList\",\"@id\":\"https:\\\/\\\/caffebo.ee\\\/es\\\/pagina-de-inicio\\\/#breadcrumb\",\"itemListElement\":[{\"@type\":\"ListItem\",\"position\":1,\"name\":\"Home\",\"item\":\"https:\\\/\\\/caffebo.ee\\\/es\\\/pagina-de-inicio\\\/\"},{\"@type\":\"ListItem\",\"position\":2,\"name\":\"P\u00e1gina de inicio\"}]},{\"@type\":\"WebSite\",\"@id\":\"https:\\\/\\\/caffebo.ee\\\/#website\",\"url\":\"https:\\\/\\\/caffebo.ee\\\/\",\"name\":\"Caffebo.ee - Kohvide r\u00f6stimine\",\"description\":\"Caffebo.ee - Kohvi r\u00f6stimine Eestis\",\"publisher\":{\"@id\":\"https:\\\/\\\/caffebo.ee\\\/#organization\"},\"potentialAction\":[{\"@type\":\"SearchAction\",\"target\":{\"@type\":\"EntryPoint\",\"urlTemplate\":\"https:\\\/\\\/caffebo.ee\\\/?s={search_term_string}\"},\"query-input\":{\"@type\":\"PropertyValueSpecification\",\"valueRequired\":true,\"valueName\":\"search_term_string\"}}],\"inLanguage\":\"es\"},{\"@type\":\"Organization\",\"@id\":\"https:\\\/\\\/caffebo.ee\\\/#organization\",\"name\":\"Caffebo O\u00dc\",\"url\":\"https:\\\/\\\/caffebo.ee\\\/\",\"logo\":{\"@type\":\"ImageObject\",\"inLanguage\":\"es\",\"@id\":\"https:\\\/\\\/caffebo.ee\\\/#\\\/schema\\\/logo\\\/image\\\/\",\"url\":\"https:\\\/\\\/caffebo.ee\\\/wp-content\\\/uploads\\\/2021\\\/03\\\/caffebo-logo-rgb-01-1.png\",\"contentUrl\":\"https:\\\/\\\/caffebo.ee\\\/wp-content\\\/uploads\\\/2021\\\/03\\\/caffebo-logo-rgb-01-1.png\",\"width\":500,\"height\":300,\"caption\":\"Caffebo O\u00dc\"},\"image\":{\"@id\":\"https:\\\/\\\/caffebo.ee\\\/#\\\/schema\\\/logo\\\/image\\\/\"}}]}<\/script>\n<!-- \/ Yoast SEO plugin. -->","yoast_head_json":{"title":"P\u00e1gina de inicio - Caffebo.ee - Kohvi r\u00f6stimine","robots":{"index":"index","follow":"follow","max-snippet":"max-snippet:-1","max-image-preview":"max-image-preview:large","max-video-preview":"max-video-preview:-1"},"canonical":"https:\/\/caffebo.ee\/es\/pagina-de-inicio\/","og_locale":"es_ES","og_type":"article","og_title":"P\u00e1gina de inicio - Caffebo.ee - Kohvi r\u00f6stimine","og_description":"Caf\u00e9s Caffebo Caffebo es una f\u00e1brica de caf\u00e9 de estilo escandinavo establecida en Estonia, donde se preparan sabores de caf\u00e9 locales sin precedentes. Como profesionales del caf\u00e9 con d\u00e9cadas de experiencia, creemos que no existe el mejor caf\u00e9 del mundo, sino diferentes sabores que son perfectos para un determinado momento, lugar o evento. Lee mas [&hellip;]","og_url":"https:\/\/caffebo.ee\/es\/pagina-de-inicio\/","og_site_name":"Caffebo.ee - Kohvi r\u00f6stimine","article_modified_time":"2023-02-01T06:40:07+00:00","og_image":[{"url":"https:\/\/caffebo.ee\/wp-content\/uploads\/2021\/03\/1-copy.png","type":"","width":"","height":""}],"twitter_card":"summary_large_image","schema":{"@context":"https:\/\/schema.org","@graph":[{"@type":"WebPage","@id":"https:\/\/caffebo.ee\/es\/pagina-de-inicio\/","url":"https:\/\/caffebo.ee\/es\/pagina-de-inicio\/","name":"P\u00e1gina de inicio - Caffebo.ee - Kohvi r\u00f6stimine","isPartOf":{"@id":"https:\/\/caffebo.ee\/#website"},"primaryImageOfPage":{"@id":"https:\/\/caffebo.ee\/es\/pagina-de-inicio\/#primaryimage"},"image":{"@id":"https:\/\/caffebo.ee\/es\/pagina-de-inicio\/#primaryimage"},"thumbnailUrl":"https:\/\/caffebo.ee\/wp-content\/uploads\/2021\/03\/1-copy.png","datePublished":"2020-06-02T09:28:23+00:00","dateModified":"2023-02-01T06:40:07+00:00","breadcrumb":{"@id":"https:\/\/caffebo.ee\/es\/pagina-de-inicio\/#breadcrumb"},"inLanguage":"es","potentialAction":[{"@type":"ReadAction","target":["https:\/\/caffebo.ee\/es\/pagina-de-inicio\/"]}]},{"@type":"ImageObject","inLanguage":"es","@id":"https:\/\/caffebo.ee\/es\/pagina-de-inicio\/#primaryimage","url":"https:\/\/caffebo.ee\/wp-content\/uploads\/2021\/03\/1-copy.png","contentUrl":"https:\/\/caffebo.ee\/wp-content\/uploads\/2021\/03\/1-copy.png"},{"@type":"BreadcrumbList","@id":"https:\/\/caffebo.ee\/es\/pagina-de-inicio\/#breadcrumb","itemListElement":[{"@type":"ListItem","position":1,"name":"Home","item":"https:\/\/caffebo.ee\/es\/pagina-de-inicio\/"},{"@type":"ListItem","position":2,"name":"P\u00e1gina de inicio"}]},{"@type":"WebSite","@id":"https:\/\/caffebo.ee\/#website","url":"https:\/\/caffebo.ee\/","name":"Caffebo.ee - Kohvide r\u00f6stimine","description":"Caffebo.ee - Kohvi r\u00f6stimine Eestis","publisher":{"@id":"https:\/\/caffebo.ee\/#organization"},"potentialAction":[{"@type":"SearchAction","target":{"@type":"EntryPoint","urlTemplate":"https:\/\/caffebo.ee\/?s={search_term_string}"},"query-input":{"@type":"PropertyValueSpecification","valueRequired":true,"valueName":"search_term_string"}}],"inLanguage":"es"},{"@type":"Organization","@id":"https:\/\/caffebo.ee\/#organization","name":"Caffebo O\u00dc","url":"https:\/\/caffebo.ee\/","logo":{"@type":"ImageObject","inLanguage":"es","@id":"https:\/\/caffebo.ee\/#\/schema\/logo\/image\/","url":"https:\/\/caffebo.ee\/wp-content\/uploads\/2021\/03\/caffebo-logo-rgb-01-1.png","contentUrl":"https:\/\/caffebo.ee\/wp-content\/uploads\/2021\/03\/caffebo-logo-rgb-01-1.png","width":500,"height":300,"caption":"Caffebo O\u00dc"},"image":{"@id":"https:\/\/caffebo.ee\/#\/schema\/logo\/image\/"}}]}},"_links":{"self":[{"href":"https:\/\/caffebo.ee\/es\/wp-json\/wp\/v2\/pages\/11208","targetHints":{"allow":["GET"]}}],"collection":[{"href":"https:\/\/caffebo.ee\/es\/wp-json\/wp\/v2\/pages"}],"about":[{"href":"https:\/\/caffebo.ee\/es\/wp-json\/wp\/v2\/types\/page"}],"author":[{"embeddable":true,"href":"https:\/\/caffebo.ee\/es\/wp-json\/wp\/v2\/users\/1"}],"replies":[{"embeddable":true,"href":"https:\/\/caffebo.ee\/es\/wp-json\/wp\/v2\/comments?post=11208"}],"version-history":[{"count":11,"href":"https:\/\/caffebo.ee\/es\/wp-json\/wp\/v2\/pages\/11208\/revisions"}],"predecessor-version":[{"id":11365,"href":"https:\/\/caffebo.ee\/es\/wp-json\/wp\/v2\/pages\/11208\/revisions\/11365"}],"wp:attachment":[{"href":"https:\/\/caffebo.ee\/es\/wp-json\/wp\/v2\/media?parent=11208"}],"curies":[{"name":"wp","href":"https:\/\/api.w.org\/{rel}","templated":true}]}}