{"id":5534,"date":"2022-08-11T06:34:28","date_gmt":"2022-08-11T06:34:28","guid":{"rendered":"https:\/\/caffebo.ee\/?page_id=5534"},"modified":"2026-04-28T16:44:50","modified_gmt":"2026-04-28T13:44:50","slug":"private-label-2","status":"publish","type":"page","link":"https:\/\/caffebo.ee\/fi\/private-label-2\/","title":{"rendered":"PRIVATE LABEL"},"content":{"rendered":"\t\t<div data-elementor-type=\"wp-page\" data-elementor-id=\"5534\" class=\"elementor elementor-5534\">\n\t\t\t\t\t\t<section class=\"elementor-section elementor-top-section elementor-element elementor-element-23c7273 elementor-section-boxed elementor-section-height-default elementor-section-height-default\" data-id=\"23c7273\" data-element_type=\"section\" data-e-type=\"section\">\n\t\t\t\t\t\t<div class=\"elementor-container elementor-column-gap-default\">\n\t\t\t\t\t<div class=\"elementor-column elementor-col-25 elementor-top-column elementor-element elementor-element-0bd70e7\" data-id=\"0bd70e7\" data-element_type=\"column\" data-e-type=\"column\">\n\t\t\t<div class=\"elementor-widget-wrap elementor-element-populated\">\n\t\t\t\t\t\t<div class=\"elementor-element elementor-element-cf95b57 elementor-widget elementor-widget-image\" data-id=\"cf95b57\" data-element_type=\"widget\" data-e-type=\"widget\" data-widget_type=\"image.default\">\n\t\t\t\t<div class=\"elementor-widget-container\">\n\t\t\t\t\t\t\t\t\t\t\t\t\t\t\t<img decoding=\"async\" src=\"https:\/\/caffebo.ee\/wp-content\/uploads\/elementor\/thumbs\/CAFFEBO_2025_03_18-29-scaled-rmo9wm2qogrytg7rftbbl5fyxovor92rtc9rhol4nw.jpg\" title=\"CAFFEBO_2025_03_18-29\" alt=\"CAFFEBO_2025_03_18-29\" loading=\"lazy\" \/>\t\t\t\t\t\t\t\t\t\t\t\t\t\t\t<\/div>\n\t\t\t\t<\/div>\n\t\t\t\t\t<\/div>\n\t\t<\/div>\n\t\t\t\t<div class=\"elementor-column elementor-col-25 elementor-top-column elementor-element elementor-element-8b4896e\" data-id=\"8b4896e\" data-element_type=\"column\" data-e-type=\"column\">\n\t\t\t<div class=\"elementor-widget-wrap elementor-element-populated\">\n\t\t\t\t\t\t<div class=\"elementor-element elementor-element-96ec914 elementor-widget__width-initial elementor-widget elementor-widget-image\" data-id=\"96ec914\" data-element_type=\"widget\" data-e-type=\"widget\" data-widget_type=\"image.default\">\n\t\t\t\t<div class=\"elementor-widget-container\">\n\t\t\t\t\t\t\t\t\t\t\t\t\t\t\t<img decoding=\"async\" src=\"https:\/\/caffebo.ee\/wp-content\/uploads\/elementor\/thumbs\/CAFFEBO_2025_03_18-18-scaled-rmo9ucas5vo0rdijpbys282v962r5l24i3iiqlydp8.jpg\" title=\"CAFFEBO_2025_03_18-18\" alt=\"CAFFEBO_2025_03_18-18\" loading=\"lazy\" \/>\t\t\t\t\t\t\t\t\t\t\t\t\t\t\t<\/div>\n\t\t\t\t<\/div>\n\t\t\t\t\t<\/div>\n\t\t<\/div>\n\t\t\t\t<div class=\"elementor-column elementor-col-25 elementor-top-column elementor-element elementor-element-c56da0c\" data-id=\"c56da0c\" data-element_type=\"column\" data-e-type=\"column\">\n\t\t\t<div class=\"elementor-widget-wrap elementor-element-populated\">\n\t\t\t\t\t\t<div class=\"elementor-element elementor-element-058b97c elementor-widget elementor-widget-image\" data-id=\"058b97c\" data-element_type=\"widget\" data-e-type=\"widget\" data-widget_type=\"image.default\">\n\t\t\t\t<div class=\"elementor-widget-container\">\n\t\t\t\t\t\t\t\t\t\t\t\t\t\t\t<img decoding=\"async\" src=\"https:\/\/caffebo.ee\/wp-content\/uploads\/elementor\/thumbs\/CAFFEBO_2025_03_18-28-scaled-rmo9wibdx4mtj0d81rotb6e4k5e7wgnugtntkkqpcs.jpg\" title=\"CAFFEBO_2025_03_18-28\" alt=\"CAFFEBO_2025_03_18-28\" loading=\"lazy\" \/>\t\t\t\t\t\t\t\t\t\t\t\t\t\t\t<\/div>\n\t\t\t\t<\/div>\n\t\t\t\t\t<\/div>\n\t\t<\/div>\n\t\t\t\t<div class=\"elementor-column elementor-col-25 elementor-top-column elementor-element elementor-element-b437dcc\" data-id=\"b437dcc\" data-element_type=\"column\" data-e-type=\"column\">\n\t\t\t<div class=\"elementor-widget-wrap elementor-element-populated\">\n\t\t\t\t\t\t<div class=\"elementor-element elementor-element-5b96c88 elementor-widget elementor-widget-image\" data-id=\"5b96c88\" data-element_type=\"widget\" data-e-type=\"widget\" data-widget_type=\"image.default\">\n\t\t\t\t<div class=\"elementor-widget-container\">\n\t\t\t\t\t\t\t\t\t\t\t\t\t\t\t<img decoding=\"async\" src=\"https:\/\/caffebo.ee\/wp-content\/uploads\/elementor\/thumbs\/CAFFEBO_2025_03_18-14-scaled-rmo9vq4883k7upi6mfi08diaql97hjjwcy3969wijg.jpg\" title=\"CAFFEBO_2025_03_18-14\" alt=\"CAFFEBO_2025_03_18-14\" loading=\"lazy\" \/>\t\t\t\t\t\t\t\t\t\t\t\t\t\t\t<\/div>\n\t\t\t\t<\/div>\n\t\t\t\t\t<\/div>\n\t\t<\/div>\n\t\t\t\t\t<\/div>\n\t\t<\/section>\n\t\t\t\t<div class=\"elementor-section elementor-top-section elementor-element elementor-element-7399f9e0 elementor-section-stretched elementor-section-content-middle elementor-section-boxed elementor-section-height-default elementor-section-height-default\" data-id=\"7399f9e0\" data-element_type=\"section\" data-e-type=\"section\" data-settings=\"{&quot;stretch_section&quot;:&quot;section-stretched&quot;}\">\n\t\t\t\t\t\t<div class=\"elementor-container elementor-column-gap-default\">\n\t\t\t\t\t<div class=\"elementor-column elementor-col-33 elementor-top-column elementor-element elementor-element-7680eef1 elementor-invisible\" data-id=\"7680eef1\" data-element_type=\"column\" data-e-type=\"column\" data-settings=\"{&quot;animation&quot;:&quot;fadeInLeft&quot;}\">\n\t\t\t<div class=\"elementor-widget-wrap elementor-element-populated\">\n\t\t\t\t\t\t<div class=\"elementor-element elementor-element-7c1b3d elementor-widget elementor-widget-foodsto_section_title\" data-id=\"7c1b3d\" data-element_type=\"widget\" data-e-type=\"widget\" data-widget_type=\"foodsto_section_title.default\">\n\t\t\t\t<div class=\"elementor-widget-container\">\n\t\t\t\t\t\n<div class=\"iq-title-box\">\n\t\n\t<span class=\"iq-subtitle\">Meie missioon<\/span>\n\t<h3 class=\"iq-title\" >\n\t\tPRIVAATM\u00c4RGI KOHVID\t<\/h3>\n\t\t\n\t<div class=\"iq-title-divider\"><\/div>\n\t<p class=\"iq-title-desc\">Caffebo kohvitehase v\u00f5imsus on muljetavaldav ning teostame ka mitmeid Private Label ehk privaatm\u00e4rgi kohvisid klientidele nii Eestis kui mujal riikides, alustades v\u00e4iksematest partiidest Eesti firmadele firmakingitusteks kuni suurtemate kohvikukettide majakohvide ja suurklientideni (tanklad jne) v\u00e4lja. \n<br>\n<br>Oma kohvi soovi korral palun v\u00f5ta meiega \u00fchendust, et saaksime aru Sinu soovidest ning pakume just Sulle sobiva lahenduse nii retseptile, pakendile kui ka tootele!<\/p><\/div>\n\t\t\t\t<\/div>\n\t\t\t\t<\/div>\n\t\t\t\t\t<\/div>\n\t\t<\/div>\n\t\t\t\t<div class=\"elementor-column elementor-col-33 elementor-top-column elementor-element elementor-element-52599162 elementor-invisible\" data-id=\"52599162\" data-element_type=\"column\" data-e-type=\"column\" data-settings=\"{&quot;animation&quot;:&quot;fadeInRight&quot;}\">\n\t\t\t<div class=\"elementor-widget-wrap elementor-element-populated\">\n\t\t\t\t\t\t<div class=\"elementor-element elementor-element-7c1dc84b hover_img_effect elementor-widget elementor-widget-image\" data-id=\"7c1dc84b\" data-element_type=\"widget\" data-e-type=\"widget\" data-widget_type=\"image.default\">\n\t\t\t\t<div class=\"elementor-widget-container\">\n\t\t\t\t\t\t\t\t\t\t\t\t\t\t\t\t<a href=\"https:\/\/caffebo.ee\/wp-content\/uploads\/2026\/04\/CAFFEBO_2025_03_18-37-scaled.jpg\" data-elementor-open-lightbox=\"yes\" data-elementor-lightbox-title=\"CAFFEBO_2025_03_18-37\" data-e-action-hash=\"#elementor-action%3Aaction%3Dlightbox%26settings%3DeyJpZCI6MTgwNTAsInVybCI6Imh0dHBzOlwvXC9jYWZmZWJvLmVlXC93cC1jb250ZW50XC91cGxvYWRzXC8yMDI2XC8wNFwvQ0FGRkVCT18yMDI1XzAzXzE4LTM3LXNjYWxlZC5qcGcifQ%3D%3D\">\n\t\t\t\t\t\t\t<img decoding=\"async\" src=\"https:\/\/caffebo.ee\/wp-content\/uploads\/elementor\/thumbs\/CAFFEBO_2025_03_18-37-scaled-rmo9v5funle50ndl0nencsqggsdyav9dxjon3y6iro.jpg\" title=\"CAFFEBO_2025_03_18-37\" alt=\"CAFFEBO_2025_03_18-37\" class=\"elementor-animation-shrink\" loading=\"lazy\" \/>\t\t\t\t\t\t\t\t<\/a>\n\t\t\t\t\t\t\t\t\t\t\t\t\t\t\t<\/div>\n\t\t\t\t<\/div>\n\t\t\t\t\t<\/div>\n\t\t<\/div>\n\t\t\t\t<div class=\"elementor-column elementor-col-33 elementor-top-column elementor-element elementor-element-537ca2a4 elementor-invisible\" data-id=\"537ca2a4\" data-element_type=\"column\" data-e-type=\"column\" data-settings=\"{&quot;animation&quot;:&quot;fadeInRight&quot;}\">\n\t\t\t<div class=\"elementor-widget-wrap elementor-element-populated\">\n\t\t\t\t\t\t<div class=\"elementor-element elementor-element-2cb6250e hover_img_effect elementor-widget elementor-widget-image\" data-id=\"2cb6250e\" data-element_type=\"widget\" data-e-type=\"widget\" data-widget_type=\"image.default\">\n\t\t\t\t<div class=\"elementor-widget-container\">\n\t\t\t\t\t\t\t\t\t\t\t\t\t\t\t\t<a href=\"https:\/\/caffebo.ee\/wp-content\/uploads\/2023\/10\/Untitled-design.png\" data-elementor-open-lightbox=\"yes\" data-elementor-lightbox-title=\"Untitled design\" data-e-action-hash=\"#elementor-action%3Aaction%3Dlightbox%26settings%3DeyJpZCI6MTY3NTcsInVybCI6Imh0dHBzOlwvXC9jYWZmZWJvLmVlXC93cC1jb250ZW50XC91cGxvYWRzXC8yMDIzXC8xMFwvVW50aXRsZWQtZGVzaWduLnBuZyJ9\">\n\t\t\t\t\t\t\t<img fetchpriority=\"high\" decoding=\"async\" width=\"386\" height=\"470\" src=\"https:\/\/caffebo.ee\/wp-content\/uploads\/2023\/10\/Untitled-design.png\" class=\"elementor-animation-shrink attachment-full size-full wp-image-16757\" alt=\"\" srcset=\"https:\/\/caffebo.ee\/wp-content\/uploads\/2023\/10\/Untitled-design.png 386w, https:\/\/caffebo.ee\/wp-content\/uploads\/2023\/10\/Untitled-design-246x300.png 246w\" sizes=\"100vw\" \/>\t\t\t\t\t\t\t\t<\/a>\n\t\t\t\t\t\t\t\t\t\t\t\t\t\t\t<\/div>\n\t\t\t\t<\/div>\n\t\t\t\t\t<\/div>\n\t\t<\/div>\n\t\t\t\t\t<\/div>\n\t\t<\/div>\n\t\t\t\t<section class=\"elementor-section elementor-top-section elementor-element elementor-element-4fc51b3 elementor-section-boxed elementor-section-height-default elementor-section-height-default\" data-id=\"4fc51b3\" data-element_type=\"section\" data-e-type=\"section\">\n\t\t\t\t\t\t<div class=\"elementor-container elementor-column-gap-default\">\n\t\t\t\t\t<div class=\"elementor-column elementor-col-100 elementor-top-column elementor-element elementor-element-6021026\" data-id=\"6021026\" data-element_type=\"column\" data-e-type=\"column\">\n\t\t\t<div class=\"elementor-widget-wrap elementor-element-populated\">\n\t\t\t\t\t\t<div class=\"elementor-element elementor-element-bde5d32 elementor-widget elementor-widget-image\" data-id=\"bde5d32\" data-element_type=\"widget\" data-e-type=\"widget\" data-widget_type=\"image.default\">\n\t\t\t\t<div class=\"elementor-widget-container\">\n\t\t\t\t\t\t\t\t\t\t\t\t\t\t\t<img decoding=\"async\" width=\"525\" height=\"300\" src=\"https:\/\/caffebo.ee\/wp-content\/uploads\/2024\/01\/private-label-1024x585.png\" class=\"attachment-large size-large wp-image-16984\" alt=\"\" srcset=\"https:\/\/caffebo.ee\/wp-content\/uploads\/2024\/01\/private-label-1024x585.png 1024w, https:\/\/caffebo.ee\/wp-content\/uploads\/2024\/01\/private-label-300x171.png 300w, https:\/\/caffebo.ee\/wp-content\/uploads\/2024\/01\/private-label-768x439.png 768w, https:\/\/caffebo.ee\/wp-content\/uploads\/2024\/01\/private-label-600x343.png 600w, https:\/\/caffebo.ee\/wp-content\/uploads\/2024\/01\/private-label.png 1050w\" sizes=\"100vw\" \/>\t\t\t\t\t\t\t\t\t\t\t\t\t\t\t<\/div>\n\t\t\t\t<\/div>\n\t\t\t\t\t<\/div>\n\t\t<\/div>\n\t\t\t\t\t<\/div>\n\t\t<\/section>\n\t\t\t\t<\/div>\n\t\t","protected":false},"excerpt":{"rendered":"<p>Meie missioon PRIVAATM\u00c4RGI KOHVID Caffebo kohvitehase v\u00f5imsus on muljetavaldav ning teostame ka mitmeid Private Label ehk privaatm\u00e4rgi kohvisid klientidele nii Eestis kui mujal riikides, alustades v\u00e4iksematest partiidest Eesti firmadele firmakingitusteks kuni suurtemate kohvikukettide majakohvide ja suurklientideni (tanklad jne) v\u00e4lja. Oma kohvi soovi korral palun v\u00f5ta meiega \u00fchendust, et saaksime aru Sinu soovidest ning pakume just [&hellip;]<\/p>\n","protected":false},"author":11,"featured_media":0,"parent":0,"menu_order":0,"comment_status":"closed","ping_status":"closed","template":"","meta":{"iawp_total_views":805,"footnotes":""},"class_list":["post-5534","page","type-page","status-publish","hentry"],"yoast_head":"<!-- This site is optimized with the Yoast SEO plugin v27.4 - https:\/\/yoast.com\/product\/yoast-seo-wordpress\/ -->\n<title>PRIVATE LABEL - Caffebo.ee - Kohvi r\u00f6stimine<\/title>\n<meta name=\"description\" content=\"Caffebo keskendub privaatm\u00e4rgi kohvide tootmisele klientidele nii Eestis kui ka rahvusvahelisel tasandil.\" \/>\n<meta name=\"robots\" content=\"index, follow, max-snippet:-1, max-image-preview:large, max-video-preview:-1\" \/>\n<link rel=\"canonical\" href=\"https:\/\/caffebo.ee\/private-label-2\/\" \/>\n<meta property=\"og:locale\" content=\"fi_FI\" \/>\n<meta property=\"og:type\" content=\"article\" \/>\n<meta property=\"og:title\" content=\"PRIVATE LABEL - Caffebo.ee - Kohvi r\u00f6stimine\" \/>\n<meta property=\"og:description\" content=\"Caffebo keskendub privaatm\u00e4rgi kohvide tootmisele klientidele nii Eestis kui ka rahvusvahelisel tasandil.\" \/>\n<meta property=\"og:url\" content=\"https:\/\/caffebo.ee\/private-label-2\/\" \/>\n<meta property=\"og:site_name\" content=\"Caffebo.ee - Kohvi r\u00f6stimine\" \/>\n<meta property=\"article:modified_time\" content=\"2026-04-28T13:44:50+00:00\" \/>\n<meta property=\"og:image\" content=\"https:\/\/caffebo.ee\/wp-content\/uploads\/elementor\/thumbs\/CAFFEBO_2025_03_18-29-scaled-rmo9wm2qogrytg7rftbbl5fyxovor92rtc9rhol4nw.jpg\" \/>\n<meta name=\"twitter:card\" content=\"summary_large_image\" \/>\n<meta name=\"twitter:label1\" content=\"Arvioitu lukuaika\" \/>\n\t<meta name=\"twitter:data1\" content=\"2 minuuttia\" \/>\n<script type=\"application\/ld+json\" class=\"yoast-schema-graph\">{\"@context\":\"https:\\\/\\\/schema.org\",\"@graph\":[{\"@type\":\"WebPage\",\"@id\":\"https:\\\/\\\/caffebo.ee\\\/private-label-2\\\/\",\"url\":\"https:\\\/\\\/caffebo.ee\\\/private-label-2\\\/\",\"name\":\"PRIVATE LABEL - Caffebo.ee - Kohvi r\u00f6stimine\",\"isPartOf\":{\"@id\":\"https:\\\/\\\/caffebo.ee\\\/#website\"},\"primaryImageOfPage\":{\"@id\":\"https:\\\/\\\/caffebo.ee\\\/private-label-2\\\/#primaryimage\"},\"image\":{\"@id\":\"https:\\\/\\\/caffebo.ee\\\/private-label-2\\\/#primaryimage\"},\"thumbnailUrl\":\"https:\\\/\\\/caffebo.ee\\\/wp-content\\\/uploads\\\/elementor\\\/thumbs\\\/CAFFEBO_2025_03_18-29-scaled-rmo9wm2qogrytg7rftbbl5fyxovor92rtc9rhol4nw.jpg\",\"datePublished\":\"2022-08-11T06:34:28+00:00\",\"dateModified\":\"2026-04-28T13:44:50+00:00\",\"description\":\"Caffebo keskendub privaatm\u00e4rgi kohvide tootmisele klientidele nii Eestis kui ka rahvusvahelisel tasandil.\",\"breadcrumb\":{\"@id\":\"https:\\\/\\\/caffebo.ee\\\/private-label-2\\\/#breadcrumb\"},\"inLanguage\":\"fi\",\"potentialAction\":[{\"@type\":\"ReadAction\",\"target\":[\"https:\\\/\\\/caffebo.ee\\\/private-label-2\\\/\"]}]},{\"@type\":\"ImageObject\",\"inLanguage\":\"fi\",\"@id\":\"https:\\\/\\\/caffebo.ee\\\/private-label-2\\\/#primaryimage\",\"url\":\"https:\\\/\\\/caffebo.ee\\\/wp-content\\\/uploads\\\/elementor\\\/thumbs\\\/CAFFEBO_2025_03_18-29-scaled-rmo9wm2qogrytg7rftbbl5fyxovor92rtc9rhol4nw.jpg\",\"contentUrl\":\"https:\\\/\\\/caffebo.ee\\\/wp-content\\\/uploads\\\/elementor\\\/thumbs\\\/CAFFEBO_2025_03_18-29-scaled-rmo9wm2qogrytg7rftbbl5fyxovor92rtc9rhol4nw.jpg\"},{\"@type\":\"BreadcrumbList\",\"@id\":\"https:\\\/\\\/caffebo.ee\\\/private-label-2\\\/#breadcrumb\",\"itemListElement\":[{\"@type\":\"ListItem\",\"position\":1,\"name\":\"Home\",\"item\":\"https:\\\/\\\/caffebo.ee\\\/fi\\\/kotisivu\\\/\"},{\"@type\":\"ListItem\",\"position\":2,\"name\":\"PRIVATE LABEL\"}]},{\"@type\":\"WebSite\",\"@id\":\"https:\\\/\\\/caffebo.ee\\\/#website\",\"url\":\"https:\\\/\\\/caffebo.ee\\\/\",\"name\":\"Caffebo.ee - Kohvide r\u00f6stimine\",\"description\":\"Caffebo.ee - Kohvi r\u00f6stimine Eestis\",\"publisher\":{\"@id\":\"https:\\\/\\\/caffebo.ee\\\/#organization\"},\"potentialAction\":[{\"@type\":\"SearchAction\",\"target\":{\"@type\":\"EntryPoint\",\"urlTemplate\":\"https:\\\/\\\/caffebo.ee\\\/?s={search_term_string}\"},\"query-input\":{\"@type\":\"PropertyValueSpecification\",\"valueRequired\":true,\"valueName\":\"search_term_string\"}}],\"inLanguage\":\"fi\"},{\"@type\":\"Organization\",\"@id\":\"https:\\\/\\\/caffebo.ee\\\/#organization\",\"name\":\"Caffebo O\u00dc\",\"url\":\"https:\\\/\\\/caffebo.ee\\\/\",\"logo\":{\"@type\":\"ImageObject\",\"inLanguage\":\"fi\",\"@id\":\"https:\\\/\\\/caffebo.ee\\\/#\\\/schema\\\/logo\\\/image\\\/\",\"url\":\"https:\\\/\\\/caffebo.ee\\\/wp-content\\\/uploads\\\/2021\\\/03\\\/caffebo-logo-rgb-01-1.png\",\"contentUrl\":\"https:\\\/\\\/caffebo.ee\\\/wp-content\\\/uploads\\\/2021\\\/03\\\/caffebo-logo-rgb-01-1.png\",\"width\":500,\"height\":300,\"caption\":\"Caffebo O\u00dc\"},\"image\":{\"@id\":\"https:\\\/\\\/caffebo.ee\\\/#\\\/schema\\\/logo\\\/image\\\/\"}}]}<\/script>\n<!-- \/ Yoast SEO plugin. -->","yoast_head_json":{"title":"PRIVATE LABEL - Caffebo.ee - Kohvi r\u00f6stimine","description":"Caffebo keskendub privaatm\u00e4rgi kohvide tootmisele klientidele nii Eestis kui ka rahvusvahelisel tasandil.","robots":{"index":"index","follow":"follow","max-snippet":"max-snippet:-1","max-image-preview":"max-image-preview:large","max-video-preview":"max-video-preview:-1"},"canonical":"https:\/\/caffebo.ee\/private-label-2\/","og_locale":"fi_FI","og_type":"article","og_title":"PRIVATE LABEL - Caffebo.ee - Kohvi r\u00f6stimine","og_description":"Caffebo keskendub privaatm\u00e4rgi kohvide tootmisele klientidele nii Eestis kui ka rahvusvahelisel tasandil.","og_url":"https:\/\/caffebo.ee\/private-label-2\/","og_site_name":"Caffebo.ee - Kohvi r\u00f6stimine","article_modified_time":"2026-04-28T13:44:50+00:00","og_image":[{"url":"https:\/\/caffebo.ee\/wp-content\/uploads\/elementor\/thumbs\/CAFFEBO_2025_03_18-29-scaled-rmo9wm2qogrytg7rftbbl5fyxovor92rtc9rhol4nw.jpg","type":"","width":"","height":""}],"twitter_card":"summary_large_image","twitter_misc":{"Arvioitu lukuaika":"2 minuuttia"},"schema":{"@context":"https:\/\/schema.org","@graph":[{"@type":"WebPage","@id":"https:\/\/caffebo.ee\/private-label-2\/","url":"https:\/\/caffebo.ee\/private-label-2\/","name":"PRIVATE LABEL - Caffebo.ee - Kohvi r\u00f6stimine","isPartOf":{"@id":"https:\/\/caffebo.ee\/#website"},"primaryImageOfPage":{"@id":"https:\/\/caffebo.ee\/private-label-2\/#primaryimage"},"image":{"@id":"https:\/\/caffebo.ee\/private-label-2\/#primaryimage"},"thumbnailUrl":"https:\/\/caffebo.ee\/wp-content\/uploads\/elementor\/thumbs\/CAFFEBO_2025_03_18-29-scaled-rmo9wm2qogrytg7rftbbl5fyxovor92rtc9rhol4nw.jpg","datePublished":"2022-08-11T06:34:28+00:00","dateModified":"2026-04-28T13:44:50+00:00","description":"Caffebo keskendub privaatm\u00e4rgi kohvide tootmisele klientidele nii Eestis kui ka rahvusvahelisel tasandil.","breadcrumb":{"@id":"https:\/\/caffebo.ee\/private-label-2\/#breadcrumb"},"inLanguage":"fi","potentialAction":[{"@type":"ReadAction","target":["https:\/\/caffebo.ee\/private-label-2\/"]}]},{"@type":"ImageObject","inLanguage":"fi","@id":"https:\/\/caffebo.ee\/private-label-2\/#primaryimage","url":"https:\/\/caffebo.ee\/wp-content\/uploads\/elementor\/thumbs\/CAFFEBO_2025_03_18-29-scaled-rmo9wm2qogrytg7rftbbl5fyxovor92rtc9rhol4nw.jpg","contentUrl":"https:\/\/caffebo.ee\/wp-content\/uploads\/elementor\/thumbs\/CAFFEBO_2025_03_18-29-scaled-rmo9wm2qogrytg7rftbbl5fyxovor92rtc9rhol4nw.jpg"},{"@type":"BreadcrumbList","@id":"https:\/\/caffebo.ee\/private-label-2\/#breadcrumb","itemListElement":[{"@type":"ListItem","position":1,"name":"Home","item":"https:\/\/caffebo.ee\/fi\/kotisivu\/"},{"@type":"ListItem","position":2,"name":"PRIVATE LABEL"}]},{"@type":"WebSite","@id":"https:\/\/caffebo.ee\/#website","url":"https:\/\/caffebo.ee\/","name":"Caffebo.ee - Kohvide r\u00f6stimine","description":"Caffebo.ee - Kohvi r\u00f6stimine Eestis","publisher":{"@id":"https:\/\/caffebo.ee\/#organization"},"potentialAction":[{"@type":"SearchAction","target":{"@type":"EntryPoint","urlTemplate":"https:\/\/caffebo.ee\/?s={search_term_string}"},"query-input":{"@type":"PropertyValueSpecification","valueRequired":true,"valueName":"search_term_string"}}],"inLanguage":"fi"},{"@type":"Organization","@id":"https:\/\/caffebo.ee\/#organization","name":"Caffebo O\u00dc","url":"https:\/\/caffebo.ee\/","logo":{"@type":"ImageObject","inLanguage":"fi","@id":"https:\/\/caffebo.ee\/#\/schema\/logo\/image\/","url":"https:\/\/caffebo.ee\/wp-content\/uploads\/2021\/03\/caffebo-logo-rgb-01-1.png","contentUrl":"https:\/\/caffebo.ee\/wp-content\/uploads\/2021\/03\/caffebo-logo-rgb-01-1.png","width":500,"height":300,"caption":"Caffebo O\u00dc"},"image":{"@id":"https:\/\/caffebo.ee\/#\/schema\/logo\/image\/"}}]}},"_links":{"self":[{"href":"https:\/\/caffebo.ee\/fi\/wp-json\/wp\/v2\/pages\/5534","targetHints":{"allow":["GET"]}}],"collection":[{"href":"https:\/\/caffebo.ee\/fi\/wp-json\/wp\/v2\/pages"}],"about":[{"href":"https:\/\/caffebo.ee\/fi\/wp-json\/wp\/v2\/types\/page"}],"author":[{"embeddable":true,"href":"https:\/\/caffebo.ee\/fi\/wp-json\/wp\/v2\/users\/11"}],"replies":[{"embeddable":true,"href":"https:\/\/caffebo.ee\/fi\/wp-json\/wp\/v2\/comments?post=5534"}],"version-history":[{"count":56,"href":"https:\/\/caffebo.ee\/fi\/wp-json\/wp\/v2\/pages\/5534\/revisions"}],"predecessor-version":[{"id":18315,"href":"https:\/\/caffebo.ee\/fi\/wp-json\/wp\/v2\/pages\/5534\/revisions\/18315"}],"wp:attachment":[{"href":"https:\/\/caffebo.ee\/fi\/wp-json\/wp\/v2\/media?parent=5534"}],"curies":[{"name":"wp","href":"https:\/\/api.w.org\/{rel}","templated":true}]}}