{"id":4669,"date":"2020-06-02T12:28:23","date_gmt":"2020-06-02T12:28:23","guid":{"rendered":"http:\/\/iqonic.design\/wp-themes\/foodsto_wp\/?page_id=389"},"modified":"2026-01-02T14:05:46","modified_gmt":"2026-01-02T11:05:46","slug":"home-3-2","status":"publish","type":"page","link":"https:\/\/caffebo.ee\/lt\/","title":{"rendered":"Esileht"},"content":{"rendered":"\t\t<div data-elementor-type=\"wp-page\" data-elementor-id=\"4669\" class=\"elementor elementor-4669\">\n\t\t\t\t\t\t<div class=\"elementor-section elementor-top-section elementor-element elementor-element-66aabf5 elementor-section-stretched elementor-section-full_width elementor-section-height-default elementor-section-height-default\" data-id=\"66aabf5\" data-element_type=\"section\" data-e-type=\"section\" data-settings=\"{&quot;stretch_section&quot;:&quot;section-stretched&quot;,&quot;background_background&quot;:&quot;classic&quot;}\">\n\t\t\t\t\t\t<div class=\"elementor-container elementor-column-gap-default\">\n\t\t\t\t\t<div class=\"elementor-column elementor-col-100 elementor-top-column elementor-element elementor-element-0946e6b\" data-id=\"0946e6b\" data-element_type=\"column\" data-e-type=\"column\" data-settings=\"{&quot;background_background&quot;:&quot;classic&quot;}\">\n\t\t\t<div class=\"elementor-widget-wrap elementor-element-populated\">\n\t\t\t\t\t\t<div class=\"elementor-element elementor-element-68f6fa9 elementor-widget elementor-widget-shortcode\" data-id=\"68f6fa9\" data-element_type=\"widget\" data-e-type=\"widget\" data-widget_type=\"shortcode.default\">\n\t\t\t\t<div class=\"elementor-widget-container\">\n\t\t\t\t\t\t\t<div class=\"elementor-shortcode\"><div id=\"metaslider-id-5281\" style=\"width: 100%;\" class=\"ml-slider-3-108-0 metaslider metaslider-flex metaslider-5281 ml-slider ms-theme-default nav-hidden\" role=\"region\" aria-label=\"ESILEHE PILDID\" data-height=\"750\" data-width=\"1920\">\n    <div id=\"metaslider_container_5281\">\n        <div id=\"metaslider_5281\">\n            <ul class='slides'>\n            <\/ul>\n        <\/div>\n        \n    <\/div>\n<\/div><\/div>\n\t\t\t\t\t\t<\/div>\n\t\t\t\t<\/div>\n\t\t\t\t\t<\/div>\n\t\t<\/div>\n\t\t\t\t\t<\/div>\n\t\t<\/div>\n\t\t\t\t<div class=\"elementor-section elementor-top-section elementor-element elementor-element-56b3bb7 elementor-section-stretched elementor-section-content-middle elementor-section-boxed elementor-section-height-default elementor-section-height-default\" data-id=\"56b3bb7\" data-element_type=\"section\" data-e-type=\"section\" data-settings=\"{&quot;stretch_section&quot;:&quot;section-stretched&quot;}\">\n\t\t\t\t\t\t<div class=\"elementor-container elementor-column-gap-default\">\n\t\t\t\t\t<div class=\"elementor-column elementor-col-33 elementor-top-column elementor-element elementor-element-ad6750d\" data-id=\"ad6750d\" data-element_type=\"column\" data-e-type=\"column\" data-settings=\"{&quot;animation&quot;:&quot;none&quot;}\">\n\t\t\t<div class=\"elementor-widget-wrap elementor-element-populated\">\n\t\t\t\t\t\t<div class=\"elementor-element elementor-element-7bcc5bc elementor-widget elementor-widget-foodsto_section_title\" data-id=\"7bcc5bc\" data-element_type=\"widget\" data-e-type=\"widget\" data-settings=\"{&quot;_animation&quot;:&quot;none&quot;}\" data-widget_type=\"foodsto_section_title.default\">\n\t\t\t\t<div class=\"elementor-widget-container\">\n\t\t\t\t\t\n<div class=\"iq-title-box\">\n\t\n\t\n\t<h2 class=\"iq-title\" >\n\t\tCaffebo \t<\/h2>\n\t\t\n\t<div class=\"iq-title-divider\"><\/div>\n\t<p class=\"iq-title-desc\">Caffebo on Eestisse rajatud Skandinaaviap\u00e4rane kohvitehas, kus valmivad enneolematud kohalikud kohvimaitsed.\nMeie, aastak\u00fcmnete pikkuse kogemusega kohviprofid, usume, et pole olemas \u00fcht ja ainsat maailma parimat kohvi, vaid on erinevad maitsed, mis sobivad t\u00e4iuslikult just teatud aja, koha v\u00f5i s\u00fcndmusega.<\/p><\/div>\n\t\t\t\t<\/div>\n\t\t\t\t<\/div>\n\t\t\t\t<div class=\"elementor-element elementor-element-7a8a107 elementor-widget elementor-widget-iq_button\" data-id=\"7a8a107\" data-element_type=\"widget\" data-e-type=\"widget\" data-widget_type=\"iq_button.default\">\n\t\t\t\t<div class=\"elementor-widget-container\">\n\t\t\t\t\t        <div class=\"iq-btn-container\" >\n            <a class=\"iq-button has-icon btn-icon-right iq-btn-style2\" href=\"https:\/\/caffebo.ee\/meie-missioon\/\" >\n                <div class=\"d-flex align-items-center\">\n                    <span class=\"mr-2 iq-button-effact\">Loe lisaks<\/span><i aria-hidden=\"true\" class=\"fas fa-long-arrow-alt-right\"><\/i>                <\/div> \n            <\/a>\n        <\/div> \t\t\t\t<\/div>\n\t\t\t\t<\/div>\n\t\t\t\t\t<\/div>\n\t\t<\/div>\n\t\t\t\t<div class=\"elementor-column elementor-col-33 elementor-top-column elementor-element elementor-element-de07e04 elementor-invisible\" data-id=\"de07e04\" data-element_type=\"column\" data-e-type=\"column\" data-settings=\"{&quot;animation&quot;:&quot;fadeInRight&quot;}\">\n\t\t\t<div class=\"elementor-widget-wrap elementor-element-populated\">\n\t\t\t\t\t\t<div class=\"elementor-element elementor-element-80d5638 elementor-widget elementor-widget-image\" data-id=\"80d5638\" data-element_type=\"widget\" data-e-type=\"widget\" data-widget_type=\"image.default\">\n\t\t\t\t<div class=\"elementor-widget-container\">\n\t\t\t\t\t\t\t\t\t\t\t\t\t\t\t\t<a href=\"https:\/\/caffebo.ee\/wp-content\/uploads\/2026\/01\/CAFFEBO_2025_03_18-39-scaled.png\" data-elementor-open-lightbox=\"yes\" data-elementor-lightbox-title=\"CAFFEBO_2025_03_18-39\" data-e-action-hash=\"#elementor-action%3Aaction%3Dlightbox%26settings%3DeyJpZCI6MTc4NDYsInVybCI6Imh0dHBzOlwvXC9jYWZmZWJvLmVlXC93cC1jb250ZW50XC91cGxvYWRzXC8yMDI2XC8wMVwvQ0FGRkVCT18yMDI1XzAzXzE4LTM5LXNjYWxlZC5wbmcifQ%3D%3D\">\n\t\t\t\t\t\t\t<img fetchpriority=\"high\" decoding=\"async\" width=\"2560\" height=\"1707\" src=\"https:\/\/caffebo.ee\/wp-content\/uploads\/2026\/01\/CAFFEBO_2025_03_18-39-scaled.png\" class=\"elementor-animation-shrink attachment-full size-full wp-image-17846\" alt=\"\" srcset=\"https:\/\/caffebo.ee\/wp-content\/uploads\/2026\/01\/CAFFEBO_2025_03_18-39-scaled.png 2560w, https:\/\/caffebo.ee\/wp-content\/uploads\/2026\/01\/CAFFEBO_2025_03_18-39-300x200.png 300w, https:\/\/caffebo.ee\/wp-content\/uploads\/2026\/01\/CAFFEBO_2025_03_18-39-1024x683.png 1024w, https:\/\/caffebo.ee\/wp-content\/uploads\/2026\/01\/CAFFEBO_2025_03_18-39-768x512.png 768w, https:\/\/caffebo.ee\/wp-content\/uploads\/2026\/01\/CAFFEBO_2025_03_18-39-1536x1024.png 1536w, https:\/\/caffebo.ee\/wp-content\/uploads\/2026\/01\/CAFFEBO_2025_03_18-39-2048x1366.png 2048w, https:\/\/caffebo.ee\/wp-content\/uploads\/2026\/01\/CAFFEBO_2025_03_18-39-600x400.png 600w\" sizes=\"100vw\" \/>\t\t\t\t\t\t\t\t<\/a>\n\t\t\t\t\t\t\t\t\t\t\t\t\t\t\t<\/div>\n\t\t\t\t<\/div>\n\t\t\t\t\t<\/div>\n\t\t<\/div>\n\t\t\t\t<div class=\"elementor-column elementor-col-33 elementor-top-column elementor-element elementor-element-cebab52 elementor-invisible\" data-id=\"cebab52\" data-element_type=\"column\" data-e-type=\"column\" data-settings=\"{&quot;animation&quot;:&quot;fadeInRight&quot;}\">\n\t\t\t<div class=\"elementor-widget-wrap\">\n\t\t\t\t\t\t\t<\/div>\n\t\t<\/div>\n\t\t\t\t\t<\/div>\n\t\t<\/div>\n\t\t\t\t<section class=\"elementor-section elementor-top-section elementor-element elementor-element-a2db510 elementor-section-boxed elementor-section-height-default elementor-section-height-default\" data-id=\"a2db510\" data-element_type=\"section\" data-e-type=\"section\">\n\t\t\t\t\t\t<div class=\"elementor-container elementor-column-gap-default\">\n\t\t\t\t\t<div class=\"elementor-column elementor-col-100 elementor-top-column elementor-element elementor-element-48964b8\" data-id=\"48964b8\" data-element_type=\"column\" data-e-type=\"column\">\n\t\t\t<div class=\"elementor-widget-wrap elementor-element-populated\">\n\t\t\t\t\t\t<div class=\"elementor-element elementor-element-b823b2d elementor-widget elementor-widget-heading\" data-id=\"b823b2d\" data-element_type=\"widget\" data-e-type=\"widget\" data-widget_type=\"heading.default\">\n\t\t\t\t<div class=\"elementor-widget-container\">\n\t\t\t\t\t<h2 class=\"elementor-heading-title elementor-size-default\">UUS KOHV CAFFEBOLT!<br> Saadaval Caffebo e-poes!<\/h2>\t\t\t\t<\/div>\n\t\t\t\t<\/div>\n\t\t\t\t\t<\/div>\n\t\t<\/div>\n\t\t\t\t\t<\/div>\n\t\t<\/section>\n\t\t\t\t<section class=\"elementor-section elementor-top-section elementor-element elementor-element-63e92dc elementor-section-boxed elementor-section-height-default elementor-section-height-default\" data-id=\"63e92dc\" data-element_type=\"section\" data-e-type=\"section\">\n\t\t\t\t\t\t<div class=\"elementor-container elementor-column-gap-default\">\n\t\t\t\t\t<div class=\"elementor-column elementor-col-100 elementor-top-column elementor-element elementor-element-73a6782\" data-id=\"73a6782\" data-element_type=\"column\" data-e-type=\"column\">\n\t\t\t<div class=\"elementor-widget-wrap elementor-element-populated\">\n\t\t\t\t\t\t<div class=\"elementor-element elementor-element-4d043cb elementor-widget elementor-widget-image\" data-id=\"4d043cb\" data-element_type=\"widget\" data-e-type=\"widget\" data-widget_type=\"image.default\">\n\t\t\t\t<div class=\"elementor-widget-container\">\n\t\t\t\t\t\t\t\t\t\t\t\t\t\t\t\t<a href=\"https:\/\/caffebo.ee\/toode\/caffebo-jokker-keskm-rost-oakohv-500g\/\">\n\t\t\t\t\t\t\t<img decoding=\"async\" src=\"https:\/\/caffebo.ee\/wp-content\/uploads\/elementor\/thumbs\/Jokker-rfnnjy2xzca4j37kuzgfxv0oewqvh73eqdsiuoipqs.jpg\" title=\"Jokker\" alt=\"Caffebo kohviuba Jokker\" loading=\"lazy\" \/>\t\t\t\t\t\t\t\t<\/a>\n\t\t\t\t\t\t\t\t\t\t\t\t\t\t\t<\/div>\n\t\t\t\t<\/div>\n\t\t\t\t\t<\/div>\n\t\t<\/div>\n\t\t\t\t\t<\/div>\n\t\t<\/section>\n\t\t\t\t<section class=\"elementor-section elementor-top-section elementor-element elementor-element-0a4104e elementor-section-boxed elementor-section-height-default elementor-section-height-default\" data-id=\"0a4104e\" data-element_type=\"section\" data-e-type=\"section\">\n\t\t\t\t\t\t<div class=\"elementor-container elementor-column-gap-default\">\n\t\t\t\t\t<div class=\"elementor-column elementor-col-100 elementor-top-column elementor-element elementor-element-c82c699\" data-id=\"c82c699\" data-element_type=\"column\" data-e-type=\"column\">\n\t\t\t<div class=\"elementor-widget-wrap elementor-element-populated\">\n\t\t\t\t\t\t<div class=\"elementor-element elementor-element-ac76c4e animated-slow elementor-widget elementor-widget-heading\" data-id=\"ac76c4e\" data-element_type=\"widget\" data-e-type=\"widget\" data-settings=\"{&quot;_animation&quot;:&quot;none&quot;,&quot;_animation_delay&quot;:100}\" data-widget_type=\"heading.default\">\n\t\t\t\t<div class=\"elementor-widget-container\">\n\t\t\t\t\t<h2 class=\"elementor-heading-title elementor-size-default\">Tutvu Caffebo tegemistega!<\/h2>\t\t\t\t<\/div>\n\t\t\t\t<\/div>\n\t\t\t\t\t<\/div>\n\t\t<\/div>\n\t\t\t\t\t<\/div>\n\t\t<\/section>\n\t\t\t\t<section class=\"elementor-section elementor-top-section elementor-element elementor-element-edc4990 elementor-section-boxed elementor-section-height-default elementor-section-height-default\" data-id=\"edc4990\" data-element_type=\"section\" data-e-type=\"section\">\n\t\t\t\t\t\t<div class=\"elementor-container elementor-column-gap-default\">\n\t\t\t\t\t<div class=\"elementor-column elementor-col-100 elementor-top-column elementor-element elementor-element-3d3903c\" data-id=\"3d3903c\" data-element_type=\"column\" data-e-type=\"column\" data-settings=\"{&quot;animation&quot;:&quot;none&quot;}\">\n\t\t\t<div class=\"elementor-widget-wrap elementor-element-populated\">\n\t\t\t\t\t\t<div class=\"elementor-element elementor-element-d4a12a6 animated-slow elementor-widget elementor-widget-video\" data-id=\"d4a12a6\" data-element_type=\"widget\" data-e-type=\"widget\" data-settings=\"{&quot;video_type&quot;:&quot;hosted&quot;,&quot;_animation&quot;:&quot;none&quot;,&quot;_animation_delay&quot;:100,&quot;start&quot;:0,&quot;loop&quot;:&quot;yes&quot;,&quot;show_image_overlay&quot;:&quot;yes&quot;,&quot;image_overlay&quot;:{&quot;url&quot;:&quot;https:\\\/\\\/caffebo.ee\\\/wp-content\\\/uploads\\\/2021\\\/04\\\/IMG_7176-scaled.jpg&quot;,&quot;id&quot;:5277,&quot;size&quot;:&quot;&quot;},&quot;controls&quot;:&quot;yes&quot;}\" data-widget_type=\"video.default\">\n\t\t\t\t<div class=\"elementor-widget-container\">\n\t\t\t\t\t\t\t<div class=\"e-hosted-video elementor-wrapper elementor-open-inline\">\n\t\t\t\t\t<video class=\"elementor-video\" src=\"https:\/\/caffebo.ee\/wp-content\/uploads\/2021\/05\/Caffebo_tutvustus_1.mp4\" loop=\"\" controls=\"\" preload=\"metadata\" controlsList=\"nodownload\" poster=\"https:\/\/caffebo.ee\/wp-content\/uploads\/2021\/04\/IMG_7176-scaled.jpg\"><\/video>\n\t\t\t\t\t\t<div class=\"elementor-custom-embed-image-overlay\" style=\"background-image: url();\">\n\t\t\t\t\t\t\t\t\t\t\t\t\t\t\t\t<div class=\"elementor-custom-embed-play\" role=\"button\" aria-label=\"Play Video\" tabindex=\"0\">\n\t\t\t\t\t\t\t<i aria-hidden=\"true\" class=\"eicon-play\"><\/i>\t\t\t\t\t\t<\/div>\n\t\t\t\t\t\t\t\t\t<\/div>\n\t\t\t\t\t<\/div>\n\t\t\t\t\t\t<\/div>\n\t\t\t\t<\/div>\n\t\t\t\t\t<\/div>\n\t\t<\/div>\n\t\t\t\t\t<\/div>\n\t\t<\/section>\n\t\t\t\t<div class=\"elementor-section elementor-top-section elementor-element elementor-element-6778f98 elementor-section-full_width elementor-section-stretched elementor-hidden-tablet elementor-hidden-phone elementor-section-height-default elementor-section-height-default\" data-id=\"6778f98\" data-element_type=\"section\" data-e-type=\"section\" data-settings=\"{&quot;stretch_section&quot;:&quot;section-stretched&quot;}\">\n\t\t\t\t\t\t<div class=\"elementor-container elementor-column-gap-default\">\n\t\t\t\t\t<div class=\"elementor-column elementor-col-100 elementor-top-column elementor-element elementor-element-43b130a\" data-id=\"43b130a\" data-element_type=\"column\" data-e-type=\"column\">\n\t\t\t<div class=\"elementor-widget-wrap elementor-element-populated\">\n\t\t\t\t\t\t<div class=\"elementor-element elementor-element-d3e523f elementor-widget__width-initial elementor-absolute elementor-invisible elementor-widget elementor-widget-image\" data-id=\"d3e523f\" data-element_type=\"widget\" data-e-type=\"widget\" data-settings=\"{&quot;_animation&quot;:&quot;fadeInLeft&quot;,&quot;_position&quot;:&quot;absolute&quot;}\" data-widget_type=\"image.default\">\n\t\t\t\t<div class=\"elementor-widget-container\">\n\t\t\t\t\t\t\t\t\t\t\t\t\t\t\t<img decoding=\"async\" src=\"https:\/\/caffebo.ee\/wp-content\/uploads\/2021\/01\/leaf2-e1609846212243.png\" title=\"leaf2\" alt=\"img-icon\" loading=\"lazy\" \/>\t\t\t\t\t\t\t\t\t\t\t\t\t\t\t<\/div>\n\t\t\t\t<\/div>\n\t\t\t\t<div class=\"elementor-element elementor-element-b7f05be elementor-widget__width-initial elementor-absolute elementor-invisible elementor-widget elementor-widget-image\" data-id=\"b7f05be\" data-element_type=\"widget\" data-e-type=\"widget\" data-settings=\"{&quot;_animation&quot;:&quot;fadeInRight&quot;,&quot;_position&quot;:&quot;absolute&quot;}\" data-widget_type=\"image.default\">\n\t\t\t\t<div class=\"elementor-widget-container\">\n\t\t\t\t\t\t\t\t\t\t\t\t\t\t\t<img decoding=\"async\" src=\"https:\/\/caffebo.ee\/wp-content\/uploads\/2021\/01\/leaf3-1.png\" title=\"leaf3\" alt=\"img-icon\" loading=\"lazy\" \/>\t\t\t\t\t\t\t\t\t\t\t\t\t\t\t<\/div>\n\t\t\t\t<\/div>\n\t\t\t\t\t<\/div>\n\t\t<\/div>\n\t\t\t\t\t<\/div>\n\t\t<\/div>\n\t\t\t\t<section class=\"elementor-section elementor-top-section elementor-element elementor-element-8dc520f elementor-section-boxed elementor-section-height-default elementor-section-height-default\" data-id=\"8dc520f\" data-element_type=\"section\" data-e-type=\"section\">\n\t\t\t\t\t\t<div class=\"elementor-container elementor-column-gap-default\">\n\t\t\t\t\t<div class=\"elementor-column elementor-col-100 elementor-top-column elementor-element elementor-element-3309e1c\" data-id=\"3309e1c\" data-element_type=\"column\" data-e-type=\"column\">\n\t\t\t<div class=\"elementor-widget-wrap elementor-element-populated\">\n\t\t\t\t\t\t<div class=\"elementor-element elementor-element-58afcba elementor-widget elementor-widget-image\" data-id=\"58afcba\" data-element_type=\"widget\" data-e-type=\"widget\" data-widget_type=\"image.default\">\n\t\t\t\t<div class=\"elementor-widget-container\">\n\t\t\t\t\t\t\t\t\t\t\t\t<figure class=\"wp-caption\">\n\t\t\t\t\t\t\t\t\t\t<img decoding=\"async\" width=\"600\" height=\"849\" src=\"https:\/\/caffebo.ee\/wp-content\/uploads\/2025\/05\/Untitled-design-26-600x849.png\" class=\"attachment-woocommerce_single size-woocommerce_single wp-image-17479\" alt=\"\" srcset=\"https:\/\/caffebo.ee\/wp-content\/uploads\/2025\/05\/Untitled-design-26-600x849.png 600w, https:\/\/caffebo.ee\/wp-content\/uploads\/2025\/05\/Untitled-design-26-212x300.png 212w, https:\/\/caffebo.ee\/wp-content\/uploads\/2025\/05\/Untitled-design-26-724x1024.png 724w, https:\/\/caffebo.ee\/wp-content\/uploads\/2025\/05\/Untitled-design-26-768x1086.png 768w, https:\/\/caffebo.ee\/wp-content\/uploads\/2025\/05\/Untitled-design-26-1086x1536.png 1086w, https:\/\/caffebo.ee\/wp-content\/uploads\/2025\/05\/Untitled-design-26.png 1414w\" sizes=\"100vw\" \/>\t\t\t\t\t\t\t\t\t\t\t<figcaption class=\"widget-image-caption wp-caption-text\">\"Oma Maitse Lemmik 2025\" Parim jook<\/figcaption>\n\t\t\t\t\t\t\t\t\t\t<\/figure>\n\t\t\t\t\t\t\t\t\t<\/div>\n\t\t\t\t<\/div>\n\t\t\t\t\t<\/div>\n\t\t<\/div>\n\t\t\t\t\t<\/div>\n\t\t<\/section>\n\t\t\t\t<\/div>\n\t\t","protected":false},"excerpt":{"rendered":"<p>Caffebo Caffebo on Eestisse rajatud Skandinaaviap\u00e4rane kohvitehas, kus valmivad enneolematud kohalikud kohvimaitsed. Meie, aastak\u00fcmnete pikkuse kogemusega kohviprofid, usume, et pole olemas \u00fcht ja ainsat maailma parimat kohvi, vaid on erinevad maitsed, mis sobivad t\u00e4iuslikult just teatud aja, koha v\u00f5i s\u00fcndmusega. Loe lisaks UUS KOHV CAFFEBOLT! Saadaval Caffebo e-poes! Tutvu Caffebo tegemistega! https:\/\/caffebo.ee\/wp-content\/uploads\/2021\/05\/Caffebo_tutvustus_1.mp4 &#8220;Oma Maitse Lemmik [&hellip;]<\/p>\n","protected":false},"author":1,"featured_media":0,"parent":0,"menu_order":0,"comment_status":"closed","ping_status":"closed","template":"","meta":{"iawp_total_views":7367,"footnotes":""},"class_list":["post-4669","page","type-page","status-publish","hentry"],"yoast_head":"<!-- This site is optimized with the Yoast SEO plugin v27.4 - https:\/\/yoast.com\/product\/yoast-seo-wordpress\/ -->\n<title>Esileht - Caffebo.ee - Kohvi r\u00f6stimine<\/title>\n<meta name=\"robots\" content=\"index, follow, max-snippet:-1, max-image-preview:large, max-video-preview:-1\" \/>\n<link rel=\"canonical\" href=\"https:\/\/caffebo.ee\/\" \/>\n<meta property=\"og:locale\" content=\"lt_LT\" \/>\n<meta property=\"og:type\" content=\"article\" \/>\n<meta property=\"og:title\" content=\"Esileht - Caffebo.ee - Kohvi r\u00f6stimine\" \/>\n<meta property=\"og:description\" content=\"Caffebo Caffebo on Eestisse rajatud Skandinaaviap\u00e4rane kohvitehas, kus valmivad enneolematud kohalikud kohvimaitsed. Meie, aastak\u00fcmnete pikkuse kogemusega kohviprofid, usume, et pole olemas \u00fcht ja ainsat maailma parimat kohvi, vaid on erinevad maitsed, mis sobivad t\u00e4iuslikult just teatud aja, koha v\u00f5i s\u00fcndmusega. Loe lisaks UUS KOHV CAFFEBOLT! Saadaval Caffebo e-poes! Tutvu Caffebo tegemistega! https:\/\/caffebo.ee\/wp-content\/uploads\/2021\/05\/Caffebo_tutvustus_1.mp4 &#8220;Oma Maitse Lemmik [&hellip;]\" \/>\n<meta property=\"og:url\" content=\"https:\/\/caffebo.ee\/\" \/>\n<meta property=\"og:site_name\" content=\"Caffebo.ee - Kohvi r\u00f6stimine\" \/>\n<meta property=\"article:modified_time\" content=\"2026-01-02T11:05:46+00:00\" \/>\n<meta property=\"og:image\" content=\"https:\/\/caffebo.ee\/wp-content\/uploads\/2026\/01\/CAFFEBO_2025_03_18-39-scaled.png\" \/>\n<meta name=\"twitter:card\" content=\"summary_large_image\" \/>\n<meta name=\"twitter:label1\" content=\"Est. reading time\" \/>\n\t<meta name=\"twitter:data1\" content=\"2 minut\u0117s\" \/>\n<script type=\"application\/ld+json\" class=\"yoast-schema-graph\">{\"@context\":\"https:\\\/\\\/schema.org\",\"@graph\":[{\"@type\":\"WebPage\",\"@id\":\"https:\\\/\\\/caffebo.ee\\\/\",\"url\":\"https:\\\/\\\/caffebo.ee\\\/\",\"name\":\"Esileht - Caffebo.ee - Kohvi r\u00f6stimine\",\"isPartOf\":{\"@id\":\"https:\\\/\\\/caffebo.ee\\\/#website\"},\"primaryImageOfPage\":{\"@id\":\"https:\\\/\\\/caffebo.ee\\\/#primaryimage\"},\"image\":{\"@id\":\"https:\\\/\\\/caffebo.ee\\\/#primaryimage\"},\"thumbnailUrl\":\"https:\\\/\\\/caffebo.ee\\\/wp-content\\\/uploads\\\/2026\\\/01\\\/CAFFEBO_2025_03_18-39-scaled.png\",\"datePublished\":\"2020-06-02T12:28:23+00:00\",\"dateModified\":\"2026-01-02T11:05:46+00:00\",\"breadcrumb\":{\"@id\":\"https:\\\/\\\/caffebo.ee\\\/#breadcrumb\"},\"inLanguage\":\"lt-LT\",\"potentialAction\":[{\"@type\":\"ReadAction\",\"target\":[\"https:\\\/\\\/caffebo.ee\\\/\"]}]},{\"@type\":\"ImageObject\",\"inLanguage\":\"lt-LT\",\"@id\":\"https:\\\/\\\/caffebo.ee\\\/#primaryimage\",\"url\":\"https:\\\/\\\/caffebo.ee\\\/wp-content\\\/uploads\\\/2026\\\/01\\\/CAFFEBO_2025_03_18-39-scaled.png\",\"contentUrl\":\"https:\\\/\\\/caffebo.ee\\\/wp-content\\\/uploads\\\/2026\\\/01\\\/CAFFEBO_2025_03_18-39-scaled.png\"},{\"@type\":\"BreadcrumbList\",\"@id\":\"https:\\\/\\\/caffebo.ee\\\/#breadcrumb\",\"itemListElement\":[{\"@type\":\"ListItem\",\"position\":1,\"name\":\"Home\",\"item\":\"https:\\\/\\\/caffebo.ee\\\/\"},{\"@type\":\"ListItem\",\"position\":2,\"name\":\"Esileht\"}]},{\"@type\":\"WebSite\",\"@id\":\"https:\\\/\\\/caffebo.ee\\\/#website\",\"url\":\"https:\\\/\\\/caffebo.ee\\\/\",\"name\":\"Caffebo.ee - Kohvide r\u00f6stimine\",\"description\":\"Caffebo.ee - Kohvi r\u00f6stimine Eestis\",\"publisher\":{\"@id\":\"https:\\\/\\\/caffebo.ee\\\/#organization\"},\"potentialAction\":[{\"@type\":\"SearchAction\",\"target\":{\"@type\":\"EntryPoint\",\"urlTemplate\":\"https:\\\/\\\/caffebo.ee\\\/?s={search_term_string}\"},\"query-input\":{\"@type\":\"PropertyValueSpecification\",\"valueRequired\":true,\"valueName\":\"search_term_string\"}}],\"inLanguage\":\"lt-LT\"},{\"@type\":\"Organization\",\"@id\":\"https:\\\/\\\/caffebo.ee\\\/#organization\",\"name\":\"Caffebo O\u00dc\",\"url\":\"https:\\\/\\\/caffebo.ee\\\/\",\"logo\":{\"@type\":\"ImageObject\",\"inLanguage\":\"lt-LT\",\"@id\":\"https:\\\/\\\/caffebo.ee\\\/#\\\/schema\\\/logo\\\/image\\\/\",\"url\":\"https:\\\/\\\/caffebo.ee\\\/wp-content\\\/uploads\\\/2021\\\/03\\\/caffebo-logo-rgb-01-1.png\",\"contentUrl\":\"https:\\\/\\\/caffebo.ee\\\/wp-content\\\/uploads\\\/2021\\\/03\\\/caffebo-logo-rgb-01-1.png\",\"width\":500,\"height\":300,\"caption\":\"Caffebo O\u00dc\"},\"image\":{\"@id\":\"https:\\\/\\\/caffebo.ee\\\/#\\\/schema\\\/logo\\\/image\\\/\"}}]}<\/script>\n<!-- \/ Yoast SEO plugin. -->","yoast_head_json":{"title":"Esileht - Caffebo.ee - Kohvi r\u00f6stimine","robots":{"index":"index","follow":"follow","max-snippet":"max-snippet:-1","max-image-preview":"max-image-preview:large","max-video-preview":"max-video-preview:-1"},"canonical":"https:\/\/caffebo.ee\/","og_locale":"lt_LT","og_type":"article","og_title":"Esileht - Caffebo.ee - Kohvi r\u00f6stimine","og_description":"Caffebo Caffebo on Eestisse rajatud Skandinaaviap\u00e4rane kohvitehas, kus valmivad enneolematud kohalikud kohvimaitsed. Meie, aastak\u00fcmnete pikkuse kogemusega kohviprofid, usume, et pole olemas \u00fcht ja ainsat maailma parimat kohvi, vaid on erinevad maitsed, mis sobivad t\u00e4iuslikult just teatud aja, koha v\u00f5i s\u00fcndmusega. Loe lisaks UUS KOHV CAFFEBOLT! Saadaval Caffebo e-poes! Tutvu Caffebo tegemistega! https:\/\/caffebo.ee\/wp-content\/uploads\/2021\/05\/Caffebo_tutvustus_1.mp4 &#8220;Oma Maitse Lemmik [&hellip;]","og_url":"https:\/\/caffebo.ee\/","og_site_name":"Caffebo.ee - Kohvi r\u00f6stimine","article_modified_time":"2026-01-02T11:05:46+00:00","og_image":[{"url":"https:\/\/caffebo.ee\/wp-content\/uploads\/2026\/01\/CAFFEBO_2025_03_18-39-scaled.png","type":"","width":"","height":""}],"twitter_card":"summary_large_image","twitter_misc":{"Est. reading time":"2 minut\u0117s"},"schema":{"@context":"https:\/\/schema.org","@graph":[{"@type":"WebPage","@id":"https:\/\/caffebo.ee\/","url":"https:\/\/caffebo.ee\/","name":"Esileht - Caffebo.ee - Kohvi r\u00f6stimine","isPartOf":{"@id":"https:\/\/caffebo.ee\/#website"},"primaryImageOfPage":{"@id":"https:\/\/caffebo.ee\/#primaryimage"},"image":{"@id":"https:\/\/caffebo.ee\/#primaryimage"},"thumbnailUrl":"https:\/\/caffebo.ee\/wp-content\/uploads\/2026\/01\/CAFFEBO_2025_03_18-39-scaled.png","datePublished":"2020-06-02T12:28:23+00:00","dateModified":"2026-01-02T11:05:46+00:00","breadcrumb":{"@id":"https:\/\/caffebo.ee\/#breadcrumb"},"inLanguage":"lt-LT","potentialAction":[{"@type":"ReadAction","target":["https:\/\/caffebo.ee\/"]}]},{"@type":"ImageObject","inLanguage":"lt-LT","@id":"https:\/\/caffebo.ee\/#primaryimage","url":"https:\/\/caffebo.ee\/wp-content\/uploads\/2026\/01\/CAFFEBO_2025_03_18-39-scaled.png","contentUrl":"https:\/\/caffebo.ee\/wp-content\/uploads\/2026\/01\/CAFFEBO_2025_03_18-39-scaled.png"},{"@type":"BreadcrumbList","@id":"https:\/\/caffebo.ee\/#breadcrumb","itemListElement":[{"@type":"ListItem","position":1,"name":"Home","item":"https:\/\/caffebo.ee\/"},{"@type":"ListItem","position":2,"name":"Esileht"}]},{"@type":"WebSite","@id":"https:\/\/caffebo.ee\/#website","url":"https:\/\/caffebo.ee\/","name":"Caffebo.ee - Kohvide r\u00f6stimine","description":"Caffebo.ee - Kohvi r\u00f6stimine Eestis","publisher":{"@id":"https:\/\/caffebo.ee\/#organization"},"potentialAction":[{"@type":"SearchAction","target":{"@type":"EntryPoint","urlTemplate":"https:\/\/caffebo.ee\/?s={search_term_string}"},"query-input":{"@type":"PropertyValueSpecification","valueRequired":true,"valueName":"search_term_string"}}],"inLanguage":"lt-LT"},{"@type":"Organization","@id":"https:\/\/caffebo.ee\/#organization","name":"Caffebo O\u00dc","url":"https:\/\/caffebo.ee\/","logo":{"@type":"ImageObject","inLanguage":"lt-LT","@id":"https:\/\/caffebo.ee\/#\/schema\/logo\/image\/","url":"https:\/\/caffebo.ee\/wp-content\/uploads\/2021\/03\/caffebo-logo-rgb-01-1.png","contentUrl":"https:\/\/caffebo.ee\/wp-content\/uploads\/2021\/03\/caffebo-logo-rgb-01-1.png","width":500,"height":300,"caption":"Caffebo O\u00dc"},"image":{"@id":"https:\/\/caffebo.ee\/#\/schema\/logo\/image\/"}}]}},"_links":{"self":[{"href":"https:\/\/caffebo.ee\/lt\/wp-json\/wp\/v2\/pages\/4669","targetHints":{"allow":["GET"]}}],"collection":[{"href":"https:\/\/caffebo.ee\/lt\/wp-json\/wp\/v2\/pages"}],"about":[{"href":"https:\/\/caffebo.ee\/lt\/wp-json\/wp\/v2\/types\/page"}],"author":[{"embeddable":true,"href":"https:\/\/caffebo.ee\/lt\/wp-json\/wp\/v2\/users\/1"}],"replies":[{"embeddable":true,"href":"https:\/\/caffebo.ee\/lt\/wp-json\/wp\/v2\/comments?post=4669"}],"version-history":[{"count":257,"href":"https:\/\/caffebo.ee\/lt\/wp-json\/wp\/v2\/pages\/4669\/revisions"}],"predecessor-version":[{"id":17858,"href":"https:\/\/caffebo.ee\/lt\/wp-json\/wp\/v2\/pages\/4669\/revisions\/17858"}],"wp:attachment":[{"href":"https:\/\/caffebo.ee\/lt\/wp-json\/wp\/v2\/media?parent=4669"}],"curies":[{"name":"wp","href":"https:\/\/api.w.org\/{rel}","templated":true}]}}