{"id":12719,"date":"2022-08-11T06:34:28","date_gmt":"2022-08-11T06:34:28","guid":{"rendered":"https:\/\/caffebo.ee\/etiquette-privee\/"},"modified":"2023-03-09T10:50:11","modified_gmt":"2023-03-09T10:50:11","slug":"etiquette-privee","status":"publish","type":"page","link":"https:\/\/caffebo.ee\/sv\/etiquette-privee\/","title":{"rendered":"\u00c9TIQUETTE PRIV\u00c9E"},"content":{"rendered":"\t\t<div data-elementor-type=\"wp-page\" data-elementor-id=\"12719\" class=\"elementor elementor-12719 elementor-5534\">\n\t\t\t\t\t\t<section class=\"elementor-section elementor-top-section elementor-element elementor-element-23c7273 elementor-section-boxed elementor-section-height-default elementor-section-height-default\" data-id=\"23c7273\" data-element_type=\"section\" data-e-type=\"section\">\n\t\t\t\t\t\t<div class=\"elementor-container elementor-column-gap-default\">\n\t\t\t\t\t<div class=\"elementor-column elementor-col-25 elementor-top-column elementor-element elementor-element-0bd70e7\" data-id=\"0bd70e7\" data-element_type=\"column\" data-e-type=\"column\">\n\t\t\t<div class=\"elementor-widget-wrap elementor-element-populated\">\n\t\t\t\t\t\t<div class=\"elementor-element elementor-element-cf95b57 elementor-widget elementor-widget-image\" data-id=\"cf95b57\" data-element_type=\"widget\" data-e-type=\"widget\" data-widget_type=\"image.default\">\n\t\t\t\t<div class=\"elementor-widget-container\">\n\t\t\t\t\t\t\t\t\t\t\t\t\t\t\t<img fetchpriority=\"high\" decoding=\"async\" width=\"386\" height=\"470\" src=\"https:\/\/caffebo.ee\/wp-content\/uploads\/2022\/11\/Untitled-design.png\" class=\"attachment-large size-large wp-image-15186\" alt=\"\" srcset=\"https:\/\/caffebo.ee\/wp-content\/uploads\/2022\/11\/Untitled-design.png 386w, https:\/\/caffebo.ee\/wp-content\/uploads\/2022\/11\/Untitled-design-246x300.png 246w\" sizes=\"100vw\" \/>\t\t\t\t\t\t\t\t\t\t\t\t\t\t\t<\/div>\n\t\t\t\t<\/div>\n\t\t\t\t\t<\/div>\n\t\t<\/div>\n\t\t\t\t<div class=\"elementor-column elementor-col-25 elementor-top-column elementor-element elementor-element-8b4896e\" data-id=\"8b4896e\" data-element_type=\"column\" data-e-type=\"column\">\n\t\t\t<div class=\"elementor-widget-wrap elementor-element-populated\">\n\t\t\t\t\t\t<div class=\"elementor-element elementor-element-96ec914 elementor-widget elementor-widget-image\" data-id=\"96ec914\" data-element_type=\"widget\" data-e-type=\"widget\" data-widget_type=\"image.default\">\n\t\t\t\t<div class=\"elementor-widget-container\">\n\t\t\t\t\t\t\t\t\t\t\t\t\t\t\t<img decoding=\"async\" width=\"386\" height=\"470\" src=\"https:\/\/caffebo.ee\/wp-content\/uploads\/2022\/12\/Untitled-design-2-1.png\" class=\"attachment-large size-large wp-image-15219\" alt=\"\" srcset=\"https:\/\/caffebo.ee\/wp-content\/uploads\/2022\/12\/Untitled-design-2-1.png 386w, https:\/\/caffebo.ee\/wp-content\/uploads\/2022\/12\/Untitled-design-2-1-246x300.png 246w\" sizes=\"100vw\" \/>\t\t\t\t\t\t\t\t\t\t\t\t\t\t\t<\/div>\n\t\t\t\t<\/div>\n\t\t\t\t\t<\/div>\n\t\t<\/div>\n\t\t\t\t<div class=\"elementor-column elementor-col-25 elementor-top-column elementor-element elementor-element-c56da0c\" data-id=\"c56da0c\" data-element_type=\"column\" data-e-type=\"column\">\n\t\t\t<div class=\"elementor-widget-wrap elementor-element-populated\">\n\t\t\t\t\t\t<div class=\"elementor-element elementor-element-058b97c elementor-widget elementor-widget-image\" data-id=\"058b97c\" data-element_type=\"widget\" data-e-type=\"widget\" data-widget_type=\"image.default\">\n\t\t\t\t<div class=\"elementor-widget-container\">\n\t\t\t\t\t\t\t\t\t\t\t\t\t\t\t<img decoding=\"async\" width=\"386\" height=\"470\" src=\"https:\/\/caffebo.ee\/wp-content\/uploads\/2022\/12\/Untitled-design-2.png\" class=\"attachment-large size-large wp-image-15189\" alt=\"\" srcset=\"https:\/\/caffebo.ee\/wp-content\/uploads\/2022\/12\/Untitled-design-2.png 386w, https:\/\/caffebo.ee\/wp-content\/uploads\/2022\/12\/Untitled-design-2-246x300.png 246w\" sizes=\"100vw\" \/>\t\t\t\t\t\t\t\t\t\t\t\t\t\t\t<\/div>\n\t\t\t\t<\/div>\n\t\t\t\t\t<\/div>\n\t\t<\/div>\n\t\t\t\t<div class=\"elementor-column elementor-col-25 elementor-top-column elementor-element elementor-element-b437dcc\" data-id=\"b437dcc\" data-element_type=\"column\" data-e-type=\"column\">\n\t\t\t<div class=\"elementor-widget-wrap elementor-element-populated\">\n\t\t\t\t\t\t<div class=\"elementor-element elementor-element-5b96c88 elementor-widget elementor-widget-image\" data-id=\"5b96c88\" data-element_type=\"widget\" data-e-type=\"widget\" data-widget_type=\"image.default\">\n\t\t\t\t<div class=\"elementor-widget-container\">\n\t\t\t\t\t\t\t\t\t\t\t\t\t\t\t<img loading=\"lazy\" decoding=\"async\" width=\"386\" height=\"470\" src=\"https:\/\/caffebo.ee\/wp-content\/uploads\/2022\/12\/Untitled-design-4.png\" class=\"attachment-large size-large wp-image-15216\" alt=\"\" srcset=\"https:\/\/caffebo.ee\/wp-content\/uploads\/2022\/12\/Untitled-design-4.png 386w, https:\/\/caffebo.ee\/wp-content\/uploads\/2022\/12\/Untitled-design-4-246x300.png 246w\" sizes=\"100vw\" \/>\t\t\t\t\t\t\t\t\t\t\t\t\t\t\t<\/div>\n\t\t\t\t<\/div>\n\t\t\t\t\t<\/div>\n\t\t<\/div>\n\t\t\t\t\t<\/div>\n\t\t<\/section>\n\t\t\t\t<div class=\"elementor-section elementor-top-section elementor-element elementor-element-7399f9e0 elementor-section-stretched elementor-section-content-middle elementor-section-boxed elementor-section-height-default elementor-section-height-default\" data-id=\"7399f9e0\" data-element_type=\"section\" data-e-type=\"section\" data-settings=\"{&quot;stretch_section&quot;:&quot;section-stretched&quot;}\">\n\t\t\t\t\t\t<div class=\"elementor-container elementor-column-gap-default\">\n\t\t\t\t\t<div class=\"elementor-column elementor-col-33 elementor-top-column elementor-element elementor-element-7680eef1 elementor-invisible\" data-id=\"7680eef1\" data-element_type=\"column\" data-e-type=\"column\" data-settings=\"{&quot;animation&quot;:&quot;fadeInLeft&quot;}\">\n\t\t\t<div class=\"elementor-widget-wrap elementor-element-populated\">\n\t\t\t\t\t\t<div class=\"elementor-element elementor-element-7c1b3d elementor-widget elementor-widget-foodsto_section_title\" data-id=\"7c1b3d\" data-element_type=\"widget\" data-e-type=\"widget\" data-widget_type=\"foodsto_section_title.default\">\n\t\t\t\t<div class=\"elementor-widget-container\">\n\t\t\t\t\t\n<div class=\"iq-title-box\">\n\t\n\t<span class=\"iq-subtitle\">Meie missioon<\/span>\n\t<h3 class=\"iq-title\" >\n\t\tlabel priv\u00e9\t<\/h3>\n\t\t\n\t<div class=\"iq-title-divider\"><\/div>\n\t<p class=\"iq-title-desc\">Nous avons un volume de production important et d\u00e9j\u00e0 aujourd&#8217;hui nous torr\u00e9fions \u00e9galement des produits dits Private Label, c&#8217;est-\u00e0-dire des caf\u00e9s pour quelqu&#8217;un d&#8217;autre. Par exemple, une grande cha\u00eene de caf\u00e9s veut offrir son propre caf\u00e9 \u00e0 ses clients, puis nous cr\u00e9ons leur propre go\u00fbt et recette en coop\u00e9ration avec le caf\u00e9 et les torr\u00e9fions pour eux &#8211; nous sommes des professionnels du caf\u00e9, ce sont des professionnels du caf\u00e9.<\/p><\/div>\n\t\t\t\t<\/div>\n\t\t\t\t<\/div>\n\t\t\t\t\t<\/div>\n\t\t<\/div>\n\t\t\t\t<div class=\"elementor-column elementor-col-33 elementor-top-column elementor-element elementor-element-52599162 elementor-invisible\" data-id=\"52599162\" data-element_type=\"column\" data-e-type=\"column\" data-settings=\"{&quot;animation&quot;:&quot;fadeInRight&quot;}\">\n\t\t\t<div class=\"elementor-widget-wrap elementor-element-populated\">\n\t\t\t\t\t\t<div class=\"elementor-element elementor-element-7c1dc84b hover_img_effect elementor-widget elementor-widget-image\" data-id=\"7c1dc84b\" data-element_type=\"widget\" data-e-type=\"widget\" data-widget_type=\"image.default\">\n\t\t\t\t<div class=\"elementor-widget-container\">\n\t\t\t\t\t\t\t\t\t\t\t\t\t\t\t\t<a href=\"https:\/\/caffebo.ee\/wp-content\/uploads\/2023\/01\/IMG_7971-scaled.jpg\" data-elementor-open-lightbox=\"yes\" data-elementor-lightbox-title=\"IMG_7971\" data-e-action-hash=\"#elementor-action%3Aaction%3Dlightbox%26settings%3DeyJpZCI6MTUyMjIsInVybCI6Imh0dHBzOlwvXC9jYWZmZWJvLmVlXC93cC1jb250ZW50XC91cGxvYWRzXC8yMDIzXC8wMVwvSU1HXzc5NzEtc2NhbGVkLmpwZyJ9\">\n\t\t\t\t\t\t\t<img loading=\"lazy\" decoding=\"async\" width=\"1920\" height=\"2560\" src=\"https:\/\/caffebo.ee\/wp-content\/uploads\/2023\/01\/IMG_7971-scaled.jpg\" class=\"elementor-animation-shrink attachment-full size-full wp-image-15222\" alt=\"\" srcset=\"https:\/\/caffebo.ee\/wp-content\/uploads\/2023\/01\/IMG_7971-scaled.jpg 1920w, https:\/\/caffebo.ee\/wp-content\/uploads\/2023\/01\/IMG_7971-225x300.jpg 225w, https:\/\/caffebo.ee\/wp-content\/uploads\/2023\/01\/IMG_7971-768x1024.jpg 768w, https:\/\/caffebo.ee\/wp-content\/uploads\/2023\/01\/IMG_7971-1152x1536.jpg 1152w, https:\/\/caffebo.ee\/wp-content\/uploads\/2023\/01\/IMG_7971-1536x2048.jpg 1536w, https:\/\/caffebo.ee\/wp-content\/uploads\/2023\/01\/IMG_7971-600x800.jpg 600w\" sizes=\"100vw\" \/>\t\t\t\t\t\t\t\t<\/a>\n\t\t\t\t\t\t\t\t\t\t\t\t\t\t\t<\/div>\n\t\t\t\t<\/div>\n\t\t\t\t\t<\/div>\n\t\t<\/div>\n\t\t\t\t<div class=\"elementor-column elementor-col-33 elementor-top-column elementor-element elementor-element-537ca2a4 elementor-invisible\" data-id=\"537ca2a4\" data-element_type=\"column\" data-e-type=\"column\" data-settings=\"{&quot;animation&quot;:&quot;fadeInRight&quot;}\">\n\t\t\t<div class=\"elementor-widget-wrap elementor-element-populated\">\n\t\t\t\t\t\t<div class=\"elementor-element elementor-element-2cb6250e hover_img_effect elementor-widget elementor-widget-image\" data-id=\"2cb6250e\" data-element_type=\"widget\" data-e-type=\"widget\" data-widget_type=\"image.default\">\n\t\t\t\t<div class=\"elementor-widget-container\">\n\t\t\t\t\t\t\t\t\t\t\t\t\t\t\t\t<a href=\"https:\/\/caffebo.ee\/wp-content\/uploads\/2023\/01\/IMG_7923-scaled.jpg\" data-elementor-open-lightbox=\"yes\" data-elementor-lightbox-title=\"IMG_7923\" data-e-action-hash=\"#elementor-action%3Aaction%3Dlightbox%26settings%3DeyJpZCI6MTUyMjUsInVybCI6Imh0dHBzOlwvXC9jYWZmZWJvLmVlXC93cC1jb250ZW50XC91cGxvYWRzXC8yMDIzXC8wMVwvSU1HXzc5MjMtc2NhbGVkLmpwZyJ9\">\n\t\t\t\t\t\t\t<img loading=\"lazy\" decoding=\"async\" width=\"1920\" height=\"2560\" src=\"https:\/\/caffebo.ee\/wp-content\/uploads\/2023\/01\/IMG_7923-scaled.jpg\" class=\"elementor-animation-shrink attachment-full size-full wp-image-15225\" alt=\"\" srcset=\"https:\/\/caffebo.ee\/wp-content\/uploads\/2023\/01\/IMG_7923-scaled.jpg 1920w, https:\/\/caffebo.ee\/wp-content\/uploads\/2023\/01\/IMG_7923-225x300.jpg 225w, https:\/\/caffebo.ee\/wp-content\/uploads\/2023\/01\/IMG_7923-768x1024.jpg 768w, https:\/\/caffebo.ee\/wp-content\/uploads\/2023\/01\/IMG_7923-1152x1536.jpg 1152w, https:\/\/caffebo.ee\/wp-content\/uploads\/2023\/01\/IMG_7923-1536x2048.jpg 1536w, https:\/\/caffebo.ee\/wp-content\/uploads\/2023\/01\/IMG_7923-600x800.jpg 600w\" sizes=\"100vw\" \/>\t\t\t\t\t\t\t\t<\/a>\n\t\t\t\t\t\t\t\t\t\t\t\t\t\t\t<\/div>\n\t\t\t\t<\/div>\n\t\t\t\t\t<\/div>\n\t\t<\/div>\n\t\t\t\t\t<\/div>\n\t\t<\/div>\n\t\t\t\t<div class=\"elementor-section elementor-top-section elementor-element elementor-element-6abddcf elementor-section-full_width elementor-section-stretched elementor-hidden-tablet elementor-hidden-phone elementor-section-height-default elementor-section-height-default\" data-id=\"6abddcf\" data-element_type=\"section\" data-e-type=\"section\" data-settings=\"{&quot;stretch_section&quot;:&quot;section-stretched&quot;}\">\n\t\t\t\t\t\t<div class=\"elementor-container elementor-column-gap-default\">\n\t\t\t\t\t<div class=\"elementor-column elementor-col-100 elementor-top-column elementor-element elementor-element-59e1b3a\" data-id=\"59e1b3a\" data-element_type=\"column\" data-e-type=\"column\">\n\t\t\t<div class=\"elementor-widget-wrap elementor-element-populated\">\n\t\t\t\t\t\t\t<\/div>\n\t\t<\/div>\n\t\t\t\t\t<\/div>\n\t\t<\/div>\n\t\t\t\t<section class=\"elementor-section elementor-top-section elementor-element elementor-element-550d95d elementor-section-boxed elementor-section-height-default elementor-section-height-default\" data-id=\"550d95d\" data-element_type=\"section\" data-e-type=\"section\">\n\t\t\t\t\t\t<div class=\"elementor-container elementor-column-gap-default\">\n\t\t\t\t\t<div class=\"elementor-column elementor-col-25 elementor-top-column elementor-element elementor-element-92810bf\" data-id=\"92810bf\" data-element_type=\"column\" data-e-type=\"column\">\n\t\t\t<div class=\"elementor-widget-wrap elementor-element-populated\">\n\t\t\t\t\t\t<div class=\"elementor-element elementor-element-fc14581 elementor-widget elementor-widget-image\" data-id=\"fc14581\" data-element_type=\"widget\" data-e-type=\"widget\" data-widget_type=\"image.default\">\n\t\t\t\t<div class=\"elementor-widget-container\">\n\t\t\t\t\t\t\t\t\t\t\t\t\t\t\t<img loading=\"lazy\" decoding=\"async\" width=\"525\" height=\"525\" src=\"https:\/\/caffebo.ee\/wp-content\/uploads\/2023\/03\/2-1024x1024.png\" class=\"attachment-large size-large wp-image-15508\" alt=\"\" srcset=\"https:\/\/caffebo.ee\/wp-content\/uploads\/2023\/03\/2.png 1024w, https:\/\/caffebo.ee\/wp-content\/uploads\/2023\/03\/2-300x300.png 300w, https:\/\/caffebo.ee\/wp-content\/uploads\/2023\/03\/2-150x150.png 150w, https:\/\/caffebo.ee\/wp-content\/uploads\/2023\/03\/2-768x768.png 768w, https:\/\/caffebo.ee\/wp-content\/uploads\/2023\/03\/2-100x100.png 100w, https:\/\/caffebo.ee\/wp-content\/uploads\/2023\/03\/2-600x600.png 600w, https:\/\/caffebo.ee\/wp-content\/uploads\/2023\/03\/2-460x460.png 460w\" sizes=\"100vw\" \/>\t\t\t\t\t\t\t\t\t\t\t\t\t\t\t<\/div>\n\t\t\t\t<\/div>\n\t\t\t\t\t<\/div>\n\t\t<\/div>\n\t\t\t\t<div class=\"elementor-column elementor-col-25 elementor-top-column elementor-element elementor-element-b9b8203\" data-id=\"b9b8203\" data-element_type=\"column\" data-e-type=\"column\">\n\t\t\t<div class=\"elementor-widget-wrap elementor-element-populated\">\n\t\t\t\t\t\t<div class=\"elementor-element elementor-element-cd186cc elementor-widget elementor-widget-image\" data-id=\"cd186cc\" data-element_type=\"widget\" data-e-type=\"widget\" data-widget_type=\"image.default\">\n\t\t\t\t<div class=\"elementor-widget-container\">\n\t\t\t\t\t\t\t\t\t\t\t\t\t\t\t<img loading=\"lazy\" decoding=\"async\" width=\"525\" height=\"525\" src=\"https:\/\/caffebo.ee\/wp-content\/uploads\/2023\/03\/3-1024x1024.png\" class=\"attachment-large size-large wp-image-15496\" alt=\"\" srcset=\"https:\/\/caffebo.ee\/wp-content\/uploads\/2023\/03\/3.png 1024w, https:\/\/caffebo.ee\/wp-content\/uploads\/2023\/03\/3-300x300.png 300w, https:\/\/caffebo.ee\/wp-content\/uploads\/2023\/03\/3-150x150.png 150w, https:\/\/caffebo.ee\/wp-content\/uploads\/2023\/03\/3-768x768.png 768w, https:\/\/caffebo.ee\/wp-content\/uploads\/2023\/03\/3-100x100.png 100w, https:\/\/caffebo.ee\/wp-content\/uploads\/2023\/03\/3-600x600.png 600w, https:\/\/caffebo.ee\/wp-content\/uploads\/2023\/03\/3-460x460.png 460w\" sizes=\"100vw\" \/>\t\t\t\t\t\t\t\t\t\t\t\t\t\t\t<\/div>\n\t\t\t\t<\/div>\n\t\t\t\t\t<\/div>\n\t\t<\/div>\n\t\t\t\t<div class=\"elementor-column elementor-col-25 elementor-top-column elementor-element elementor-element-1fccff9\" data-id=\"1fccff9\" data-element_type=\"column\" data-e-type=\"column\">\n\t\t\t<div class=\"elementor-widget-wrap elementor-element-populated\">\n\t\t\t\t\t\t<div class=\"elementor-element elementor-element-e67d804 elementor-widget elementor-widget-image\" data-id=\"e67d804\" data-element_type=\"widget\" data-e-type=\"widget\" data-widget_type=\"image.default\">\n\t\t\t\t<div class=\"elementor-widget-container\">\n\t\t\t\t\t\t\t\t\t\t\t\t\t\t\t<img loading=\"lazy\" decoding=\"async\" width=\"525\" height=\"525\" src=\"https:\/\/caffebo.ee\/wp-content\/uploads\/2023\/03\/1-1024x1024.png\" class=\"attachment-large size-large wp-image-15520\" alt=\"\" srcset=\"https:\/\/caffebo.ee\/wp-content\/uploads\/2023\/03\/1.png 1024w, https:\/\/caffebo.ee\/wp-content\/uploads\/2023\/03\/1-300x300.png 300w, https:\/\/caffebo.ee\/wp-content\/uploads\/2023\/03\/1-150x150.png 150w, https:\/\/caffebo.ee\/wp-content\/uploads\/2023\/03\/1-768x768.png 768w, https:\/\/caffebo.ee\/wp-content\/uploads\/2023\/03\/1-100x100.png 100w, https:\/\/caffebo.ee\/wp-content\/uploads\/2023\/03\/1-600x600.png 600w, https:\/\/caffebo.ee\/wp-content\/uploads\/2023\/03\/1-460x460.png 460w\" sizes=\"100vw\" \/>\t\t\t\t\t\t\t\t\t\t\t\t\t\t\t<\/div>\n\t\t\t\t<\/div>\n\t\t\t\t\t<\/div>\n\t\t<\/div>\n\t\t\t\t<div class=\"elementor-column elementor-col-25 elementor-top-column elementor-element elementor-element-0e011a2\" data-id=\"0e011a2\" data-element_type=\"column\" data-e-type=\"column\">\n\t\t\t<div class=\"elementor-widget-wrap elementor-element-populated\">\n\t\t\t\t\t\t<div class=\"elementor-element elementor-element-77edad3 elementor-widget elementor-widget-image\" data-id=\"77edad3\" data-element_type=\"widget\" data-e-type=\"widget\" data-widget_type=\"image.default\">\n\t\t\t\t<div class=\"elementor-widget-container\">\n\t\t\t\t\t\t\t\t\t\t\t\t\t\t\t<img loading=\"lazy\" decoding=\"async\" width=\"525\" height=\"525\" src=\"https:\/\/caffebo.ee\/wp-content\/uploads\/2023\/03\/4-1024x1024.png\" class=\"attachment-large size-large wp-image-15484\" alt=\"\" srcset=\"https:\/\/caffebo.ee\/wp-content\/uploads\/2023\/03\/4.png 1024w, https:\/\/caffebo.ee\/wp-content\/uploads\/2023\/03\/4-300x300.png 300w, https:\/\/caffebo.ee\/wp-content\/uploads\/2023\/03\/4-150x150.png 150w, https:\/\/caffebo.ee\/wp-content\/uploads\/2023\/03\/4-768x768.png 768w, https:\/\/caffebo.ee\/wp-content\/uploads\/2023\/03\/4-100x100.png 100w, https:\/\/caffebo.ee\/wp-content\/uploads\/2023\/03\/4-600x600.png 600w, https:\/\/caffebo.ee\/wp-content\/uploads\/2023\/03\/4-460x460.png 460w\" sizes=\"100vw\" \/>\t\t\t\t\t\t\t\t\t\t\t\t\t\t\t<\/div>\n\t\t\t\t<\/div>\n\t\t\t\t\t<\/div>\n\t\t<\/div>\n\t\t\t\t\t<\/div>\n\t\t<\/section>\n\t\t\t\t<\/div>\n\t\t","protected":false},"excerpt":{"rendered":"<p>Meie missioon label priv\u00e9 Nous avons un volume de production important et d\u00e9j\u00e0 aujourd&#8217;hui nous torr\u00e9fions \u00e9galement des produits dits Private Label, c&#8217;est-\u00e0-dire des caf\u00e9s pour quelqu&#8217;un d&#8217;autre. Par exemple, une grande cha\u00eene de caf\u00e9s veut offrir son propre caf\u00e9 \u00e0 ses clients, puis nous cr\u00e9ons leur propre go\u00fbt et recette en coop\u00e9ration avec le [&hellip;]<\/p>\n","protected":false},"author":11,"featured_media":0,"parent":0,"menu_order":0,"comment_status":"closed","ping_status":"closed","template":"","meta":{"iawp_total_views":6,"footnotes":""},"class_list":["post-12719","page","type-page","status-publish","hentry"],"yoast_head":"<!-- This site is optimized with the Yoast SEO plugin v27.4 - https:\/\/yoast.com\/product\/yoast-seo-wordpress\/ -->\n<title>\u00c9TIQUETTE PRIV\u00c9E - Caffebo.ee - Kohvi r\u00f6stimine<\/title>\n<meta name=\"robots\" content=\"index, follow, max-snippet:-1, max-image-preview:large, max-video-preview:-1\" \/>\n<link rel=\"canonical\" href=\"https:\/\/caffebo.ee\/fr\/etiquette-privee\/\" \/>\n<meta property=\"og:locale\" content=\"sv_SE\" \/>\n<meta property=\"og:type\" content=\"article\" \/>\n<meta property=\"og:title\" content=\"\u00c9TIQUETTE PRIV\u00c9E - Caffebo.ee - Kohvi r\u00f6stimine\" \/>\n<meta property=\"og:description\" content=\"Meie missioon label priv\u00e9 Nous avons un volume de production important et d\u00e9j\u00e0 aujourd&#8217;hui nous torr\u00e9fions \u00e9galement des produits dits Private Label, c&#8217;est-\u00e0-dire des caf\u00e9s pour quelqu&#8217;un d&#8217;autre. Par exemple, une grande cha\u00eene de caf\u00e9s veut offrir son propre caf\u00e9 \u00e0 ses clients, puis nous cr\u00e9ons leur propre go\u00fbt et recette en coop\u00e9ration avec le [&hellip;]\" \/>\n<meta property=\"og:url\" content=\"https:\/\/caffebo.ee\/fr\/etiquette-privee\/\" \/>\n<meta property=\"og:site_name\" content=\"Caffebo.ee - Kohvi r\u00f6stimine\" \/>\n<meta property=\"article:modified_time\" content=\"2023-03-09T10:50:11+00:00\" \/>\n<meta property=\"og:image\" content=\"https:\/\/caffebo.ee\/wp-content\/uploads\/2022\/11\/Untitled-design.png\" \/>\n<meta name=\"twitter:card\" content=\"summary_large_image\" \/>\n<script type=\"application\/ld+json\" class=\"yoast-schema-graph\">{\"@context\":\"https:\\\/\\\/schema.org\",\"@graph\":[{\"@type\":\"WebPage\",\"@id\":\"https:\\\/\\\/caffebo.ee\\\/fr\\\/etiquette-privee\\\/\",\"url\":\"https:\\\/\\\/caffebo.ee\\\/fr\\\/etiquette-privee\\\/\",\"name\":\"\u00c9TIQUETTE PRIV\u00c9E - Caffebo.ee - Kohvi r\u00f6stimine\",\"isPartOf\":{\"@id\":\"https:\\\/\\\/caffebo.ee\\\/#website\"},\"primaryImageOfPage\":{\"@id\":\"https:\\\/\\\/caffebo.ee\\\/fr\\\/etiquette-privee\\\/#primaryimage\"},\"image\":{\"@id\":\"https:\\\/\\\/caffebo.ee\\\/fr\\\/etiquette-privee\\\/#primaryimage\"},\"thumbnailUrl\":\"https:\\\/\\\/caffebo.ee\\\/wp-content\\\/uploads\\\/2022\\\/11\\\/Untitled-design.png\",\"datePublished\":\"2022-08-11T06:34:28+00:00\",\"dateModified\":\"2023-03-09T10:50:11+00:00\",\"breadcrumb\":{\"@id\":\"https:\\\/\\\/caffebo.ee\\\/fr\\\/etiquette-privee\\\/#breadcrumb\"},\"inLanguage\":\"sv-SE\",\"potentialAction\":[{\"@type\":\"ReadAction\",\"target\":[\"https:\\\/\\\/caffebo.ee\\\/fr\\\/etiquette-privee\\\/\"]}]},{\"@type\":\"ImageObject\",\"inLanguage\":\"sv-SE\",\"@id\":\"https:\\\/\\\/caffebo.ee\\\/fr\\\/etiquette-privee\\\/#primaryimage\",\"url\":\"https:\\\/\\\/caffebo.ee\\\/wp-content\\\/uploads\\\/2022\\\/11\\\/Untitled-design.png\",\"contentUrl\":\"https:\\\/\\\/caffebo.ee\\\/wp-content\\\/uploads\\\/2022\\\/11\\\/Untitled-design.png\"},{\"@type\":\"BreadcrumbList\",\"@id\":\"https:\\\/\\\/caffebo.ee\\\/fr\\\/etiquette-privee\\\/#breadcrumb\",\"itemListElement\":[{\"@type\":\"ListItem\",\"position\":1,\"name\":\"Home\",\"item\":\"https:\\\/\\\/caffebo.ee\\\/sv\\\/hemsidan\\\/\"},{\"@type\":\"ListItem\",\"position\":2,\"name\":\"\u00c9TIQUETTE PRIV\u00c9E\"}]},{\"@type\":\"WebSite\",\"@id\":\"https:\\\/\\\/caffebo.ee\\\/#website\",\"url\":\"https:\\\/\\\/caffebo.ee\\\/\",\"name\":\"Caffebo.ee - Kohvide r\u00f6stimine\",\"description\":\"Caffebo.ee - Kohvi r\u00f6stimine Eestis\",\"publisher\":{\"@id\":\"https:\\\/\\\/caffebo.ee\\\/#organization\"},\"potentialAction\":[{\"@type\":\"SearchAction\",\"target\":{\"@type\":\"EntryPoint\",\"urlTemplate\":\"https:\\\/\\\/caffebo.ee\\\/?s={search_term_string}\"},\"query-input\":{\"@type\":\"PropertyValueSpecification\",\"valueRequired\":true,\"valueName\":\"search_term_string\"}}],\"inLanguage\":\"sv-SE\"},{\"@type\":\"Organization\",\"@id\":\"https:\\\/\\\/caffebo.ee\\\/#organization\",\"name\":\"Caffebo O\u00dc\",\"url\":\"https:\\\/\\\/caffebo.ee\\\/\",\"logo\":{\"@type\":\"ImageObject\",\"inLanguage\":\"sv-SE\",\"@id\":\"https:\\\/\\\/caffebo.ee\\\/#\\\/schema\\\/logo\\\/image\\\/\",\"url\":\"https:\\\/\\\/caffebo.ee\\\/wp-content\\\/uploads\\\/2021\\\/03\\\/caffebo-logo-rgb-01-1.png\",\"contentUrl\":\"https:\\\/\\\/caffebo.ee\\\/wp-content\\\/uploads\\\/2021\\\/03\\\/caffebo-logo-rgb-01-1.png\",\"width\":500,\"height\":300,\"caption\":\"Caffebo O\u00dc\"},\"image\":{\"@id\":\"https:\\\/\\\/caffebo.ee\\\/#\\\/schema\\\/logo\\\/image\\\/\"}}]}<\/script>\n<!-- \/ Yoast SEO plugin. -->","yoast_head_json":{"title":"\u00c9TIQUETTE PRIV\u00c9E - Caffebo.ee - Kohvi r\u00f6stimine","robots":{"index":"index","follow":"follow","max-snippet":"max-snippet:-1","max-image-preview":"max-image-preview:large","max-video-preview":"max-video-preview:-1"},"canonical":"https:\/\/caffebo.ee\/fr\/etiquette-privee\/","og_locale":"sv_SE","og_type":"article","og_title":"\u00c9TIQUETTE PRIV\u00c9E - Caffebo.ee - Kohvi r\u00f6stimine","og_description":"Meie missioon label priv\u00e9 Nous avons un volume de production important et d\u00e9j\u00e0 aujourd&#8217;hui nous torr\u00e9fions \u00e9galement des produits dits Private Label, c&#8217;est-\u00e0-dire des caf\u00e9s pour quelqu&#8217;un d&#8217;autre. Par exemple, une grande cha\u00eene de caf\u00e9s veut offrir son propre caf\u00e9 \u00e0 ses clients, puis nous cr\u00e9ons leur propre go\u00fbt et recette en coop\u00e9ration avec le [&hellip;]","og_url":"https:\/\/caffebo.ee\/fr\/etiquette-privee\/","og_site_name":"Caffebo.ee - Kohvi r\u00f6stimine","article_modified_time":"2023-03-09T10:50:11+00:00","og_image":[{"url":"https:\/\/caffebo.ee\/wp-content\/uploads\/2022\/11\/Untitled-design.png","type":"","width":"","height":""}],"twitter_card":"summary_large_image","schema":{"@context":"https:\/\/schema.org","@graph":[{"@type":"WebPage","@id":"https:\/\/caffebo.ee\/fr\/etiquette-privee\/","url":"https:\/\/caffebo.ee\/fr\/etiquette-privee\/","name":"\u00c9TIQUETTE PRIV\u00c9E - Caffebo.ee - Kohvi r\u00f6stimine","isPartOf":{"@id":"https:\/\/caffebo.ee\/#website"},"primaryImageOfPage":{"@id":"https:\/\/caffebo.ee\/fr\/etiquette-privee\/#primaryimage"},"image":{"@id":"https:\/\/caffebo.ee\/fr\/etiquette-privee\/#primaryimage"},"thumbnailUrl":"https:\/\/caffebo.ee\/wp-content\/uploads\/2022\/11\/Untitled-design.png","datePublished":"2022-08-11T06:34:28+00:00","dateModified":"2023-03-09T10:50:11+00:00","breadcrumb":{"@id":"https:\/\/caffebo.ee\/fr\/etiquette-privee\/#breadcrumb"},"inLanguage":"sv-SE","potentialAction":[{"@type":"ReadAction","target":["https:\/\/caffebo.ee\/fr\/etiquette-privee\/"]}]},{"@type":"ImageObject","inLanguage":"sv-SE","@id":"https:\/\/caffebo.ee\/fr\/etiquette-privee\/#primaryimage","url":"https:\/\/caffebo.ee\/wp-content\/uploads\/2022\/11\/Untitled-design.png","contentUrl":"https:\/\/caffebo.ee\/wp-content\/uploads\/2022\/11\/Untitled-design.png"},{"@type":"BreadcrumbList","@id":"https:\/\/caffebo.ee\/fr\/etiquette-privee\/#breadcrumb","itemListElement":[{"@type":"ListItem","position":1,"name":"Home","item":"https:\/\/caffebo.ee\/sv\/hemsidan\/"},{"@type":"ListItem","position":2,"name":"\u00c9TIQUETTE PRIV\u00c9E"}]},{"@type":"WebSite","@id":"https:\/\/caffebo.ee\/#website","url":"https:\/\/caffebo.ee\/","name":"Caffebo.ee - Kohvide r\u00f6stimine","description":"Caffebo.ee - Kohvi r\u00f6stimine Eestis","publisher":{"@id":"https:\/\/caffebo.ee\/#organization"},"potentialAction":[{"@type":"SearchAction","target":{"@type":"EntryPoint","urlTemplate":"https:\/\/caffebo.ee\/?s={search_term_string}"},"query-input":{"@type":"PropertyValueSpecification","valueRequired":true,"valueName":"search_term_string"}}],"inLanguage":"sv-SE"},{"@type":"Organization","@id":"https:\/\/caffebo.ee\/#organization","name":"Caffebo O\u00dc","url":"https:\/\/caffebo.ee\/","logo":{"@type":"ImageObject","inLanguage":"sv-SE","@id":"https:\/\/caffebo.ee\/#\/schema\/logo\/image\/","url":"https:\/\/caffebo.ee\/wp-content\/uploads\/2021\/03\/caffebo-logo-rgb-01-1.png","contentUrl":"https:\/\/caffebo.ee\/wp-content\/uploads\/2021\/03\/caffebo-logo-rgb-01-1.png","width":500,"height":300,"caption":"Caffebo O\u00dc"},"image":{"@id":"https:\/\/caffebo.ee\/#\/schema\/logo\/image\/"}}]}},"_links":{"self":[{"href":"https:\/\/caffebo.ee\/sv\/wp-json\/wp\/v2\/pages\/12719","targetHints":{"allow":["GET"]}}],"collection":[{"href":"https:\/\/caffebo.ee\/sv\/wp-json\/wp\/v2\/pages"}],"about":[{"href":"https:\/\/caffebo.ee\/sv\/wp-json\/wp\/v2\/types\/page"}],"author":[{"embeddable":true,"href":"https:\/\/caffebo.ee\/sv\/wp-json\/wp\/v2\/users\/11"}],"replies":[{"embeddable":true,"href":"https:\/\/caffebo.ee\/sv\/wp-json\/wp\/v2\/comments?post=12719"}],"version-history":[{"count":7,"href":"https:\/\/caffebo.ee\/sv\/wp-json\/wp\/v2\/pages\/12719\/revisions"}],"predecessor-version":[{"id":15545,"href":"https:\/\/caffebo.ee\/sv\/wp-json\/wp\/v2\/pages\/12719\/revisions\/15545"}],"wp:attachment":[{"href":"https:\/\/caffebo.ee\/sv\/wp-json\/wp\/v2\/media?parent=12719"}],"curies":[{"name":"wp","href":"https:\/\/api.w.org\/{rel}","templated":true}]}}