{"id":15320,"date":"2020-06-05T09:47:48","date_gmt":"2020-06-05T06:47:48","guid":{"rendered":"https:\/\/caffebo.ee\/mer\/"},"modified":"2023-02-18T07:32:30","modified_gmt":"2023-02-18T07:32:30","slug":"vart-varumarke","status":"publish","type":"page","link":"https:\/\/caffebo.ee\/sv\/vart-varumarke\/","title":{"rendered":"V\u00e5rt varum\u00e4rke"},"content":{"rendered":"\t\t<div data-elementor-type=\"wp-page\" data-elementor-id=\"15320\" class=\"elementor elementor-15320 elementor-673\">\n\t\t\t\t\t\t<div class=\"elementor-section elementor-top-section elementor-element elementor-element-0ccd46e elementor-section-content-middle elementor-section-boxed elementor-section-height-default elementor-section-height-default\" data-id=\"0ccd46e\" data-element_type=\"section\" data-e-type=\"section\">\n\t\t\t\t\t\t<div class=\"elementor-container elementor-column-gap-default\">\n\t\t\t\t\t<div class=\"elementor-column elementor-col-50 elementor-top-column elementor-element elementor-element-2f19278\" data-id=\"2f19278\" data-element_type=\"column\" data-e-type=\"column\">\n\t\t\t<div class=\"elementor-widget-wrap elementor-element-populated\">\n\t\t\t\t\t\t<div class=\"elementor-element elementor-element-4b23880 elementor-invisible elementor-widget elementor-widget-foodsto_section_title\" data-id=\"4b23880\" data-element_type=\"widget\" data-e-type=\"widget\" data-settings=\"{&quot;_animation&quot;:&quot;fadeInLeft&quot;}\" data-widget_type=\"foodsto_section_title.default\">\n\t\t\t\t<div class=\"elementor-widget-container\">\n\t\t\t\t\t\n<div class=\"iq-title-box\">\n\t\n\t<span class=\"iq-subtitle\">Who we are<\/span>\n\t<h2 class=\"iq-title\" >\n\t\tCaffebo\t<\/h2>\n\t\t\n\t\n\t<p class=\"iq-title-desc\">Caffebo \u00e4r en kaffefabrik i skandinavisk stil etablerad i Estland, d\u00e4r o\u00f6vertr\u00e4ffade lokala kaffesmaker tillagas. Det som g\u00f6r oss speciella \u00e4r att paketet med kaffe du h\u00e5ller i handen inneh\u00e5ller en unik bukett av smaker som du bara kan uppleva i Estland. En lokal k\u00e4nsla i din kopp. Lokal kultur till hands. Vi, kaffeproffs med \u00e5rtionden av erfarenhet, tror att det inte finns n\u00e5got enskilt b\u00e4sta kaffe i v\u00e4rlden, utan olika smaker som \u00e4r perfekta f\u00f6r en viss tid, plats eller h\u00e4ndelse. D\u00e4rf\u00f6r g\u00e5r inget parti Caffebo i produktion innan m\u00e5nga provstekar och lekfulla smaktester. D\u00e4rf\u00f6r \u00e4r Caffebo en unik kaffefabrik, vars urval i varje region beskriver den lokala kulturens preferenser.<\/p><\/div>\n\t\t\t\t<\/div>\n\t\t\t\t<\/div>\n\t\t\t\t\t<\/div>\n\t\t<\/div>\n\t\t\t\t<div class=\"elementor-column elementor-col-50 elementor-top-column elementor-element elementor-element-539ffce\" data-id=\"539ffce\" data-element_type=\"column\" data-e-type=\"column\">\n\t\t\t<div class=\"elementor-widget-wrap elementor-element-populated\">\n\t\t\t\t\t\t<div class=\"elementor-element elementor-element-6f59431 elementor-hidden-tablet elementor-hidden-mobile elementor-invisible elementor-widget elementor-widget-image\" data-id=\"6f59431\" data-element_type=\"widget\" data-e-type=\"widget\" data-settings=\"{&quot;_animation&quot;:&quot;fadeInRight&quot;}\" data-widget_type=\"image.default\">\n\t\t\t\t<div class=\"elementor-widget-container\">\n\t\t\t\t\t\t\t\t\t\t\t\t\t\t\t<img fetchpriority=\"high\" decoding=\"async\" width=\"525\" height=\"906\" src=\"https:\/\/caffebo.ee\/wp-content\/uploads\/2021\/03\/Untitled-design-1.png\" class=\"attachment-large size-large wp-image-10799\" alt=\"\" srcset=\"https:\/\/caffebo.ee\/wp-content\/uploads\/2021\/03\/Untitled-design-1.png 534w, https:\/\/caffebo.ee\/wp-content\/uploads\/2021\/03\/Untitled-design-1-174x300.png 174w\" sizes=\"100vw\" \/>\t\t\t\t\t\t\t\t\t\t\t\t\t\t\t<\/div>\n\t\t\t\t<\/div>\n\t\t\t\t\t<\/div>\n\t\t<\/div>\n\t\t\t\t\t<\/div>\n\t\t<\/div>\n\t\t\t\t<section class=\"elementor-section elementor-top-section elementor-element elementor-element-d7f381e elementor-section-boxed elementor-section-height-default elementor-section-height-default\" data-id=\"d7f381e\" data-element_type=\"section\" data-e-type=\"section\">\n\t\t\t\t\t\t<div class=\"elementor-container elementor-column-gap-default\">\n\t\t\t\t\t<div class=\"elementor-column elementor-col-50 elementor-top-column elementor-element elementor-element-06bb10f\" data-id=\"06bb10f\" data-element_type=\"column\" data-e-type=\"column\">\n\t\t\t<div class=\"elementor-widget-wrap elementor-element-populated\">\n\t\t\t\t\t\t<div class=\"elementor-element elementor-element-20aabdc elementor-widget elementor-widget-image\" data-id=\"20aabdc\" data-element_type=\"widget\" data-e-type=\"widget\" data-widget_type=\"image.default\">\n\t\t\t\t<div class=\"elementor-widget-container\">\n\t\t\t\t\t\t\t\t\t\t\t\t<figure class=\"wp-caption\">\n\t\t\t\t\t\t\t\t\t\t<img decoding=\"async\" src=\"https:\/\/caffebo.ee\/wp-content\/uploads\/2022\/10\/IMG_6544-scaled.jpg\" title=\"\" alt=\"\" loading=\"lazy\" \/>\t\t\t\t\t\t\t\t\t\t\t<figcaption class=\"widget-image-caption wp-caption-text\">Rudolf Leimets, Caffebos rostm\u00e4stare<\/figcaption>\n\t\t\t\t\t\t\t\t\t\t<\/figure>\n\t\t\t\t\t\t\t\t\t<\/div>\n\t\t\t\t<\/div>\n\t\t\t\t\t<\/div>\n\t\t<\/div>\n\t\t\t\t<div class=\"elementor-column elementor-col-50 elementor-top-column elementor-element elementor-element-33ab6ea\" data-id=\"33ab6ea\" data-element_type=\"column\" data-e-type=\"column\">\n\t\t\t<div class=\"elementor-widget-wrap elementor-element-populated\">\n\t\t\t\t\t\t<div class=\"elementor-element elementor-element-4b2d6dd elementor-widget elementor-widget-text-editor\" data-id=\"4b2d6dd\" data-element_type=\"widget\" data-e-type=\"widget\" data-widget_type=\"text-editor.default\">\n\t\t\t\t<div class=\"elementor-widget-container\">\n\t\t\t\t\t\t\t\t\t<p>Min resa i kaffev\u00e4rlden b\u00f6rjade \u00e5r 2020. I b\u00f6rjan av \u00e5ret p\u00e5 Caffebo har det varit fullt av rostning, provsmakning och produktutveckling fr\u00e5n alla h\u00e5ll och kanter. Det dagliga m\u00e5let \u00e4r att ge h\u00f6gkvalitativt, omsorgsfullt rostat kaffe med en trevlig arom till lokalbefolkningens kopp f\u00f6r att g\u00f6ra det l\u00e4ttare att er\u00f6vra v\u00e4rlden \ud83d\ude42<\/p>\n\t\t\t\t\t\t\t\t<\/div>\n\t\t\t\t<\/div>\n\t\t\t\t\t<\/div>\n\t\t<\/div>\n\t\t\t\t\t<\/div>\n\t\t<\/section>\n\t\t\t\t<section class=\"elementor-section elementor-top-section elementor-element elementor-element-db8fbe5 elementor-section-boxed elementor-section-height-default elementor-section-height-default\" data-id=\"db8fbe5\" data-element_type=\"section\" data-e-type=\"section\">\n\t\t\t\t\t\t<div class=\"elementor-container elementor-column-gap-default\">\n\t\t\t\t\t<div class=\"elementor-column elementor-col-50 elementor-top-column elementor-element elementor-element-68e781e\" data-id=\"68e781e\" data-element_type=\"column\" data-e-type=\"column\">\n\t\t\t<div class=\"elementor-widget-wrap elementor-element-populated\">\n\t\t\t\t\t\t<div class=\"elementor-element elementor-element-ce8487e elementor-widget elementor-widget-image\" data-id=\"ce8487e\" data-element_type=\"widget\" data-e-type=\"widget\" data-widget_type=\"image.default\">\n\t\t\t\t<div class=\"elementor-widget-container\">\n\t\t\t\t\t\t\t\t\t\t\t\t<figure class=\"wp-caption\">\n\t\t\t\t\t\t\t\t\t\t<img decoding=\"async\" src=\"https:\/\/caffebo.ee\/wp-content\/uploads\/2022\/10\/IMG_6537-scaled.jpg\" title=\"\" alt=\"\" loading=\"lazy\" \/>\t\t\t\t\t\t\t\t\t\t\t<figcaption class=\"widget-image-caption wp-caption-text\">Mart Roosmets, styrelseledamot, Caffebo<\/figcaption>\n\t\t\t\t\t\t\t\t\t\t<\/figure>\n\t\t\t\t\t\t\t\t\t<\/div>\n\t\t\t\t<\/div>\n\t\t\t\t\t<\/div>\n\t\t<\/div>\n\t\t\t\t<div class=\"elementor-column elementor-col-50 elementor-top-column elementor-element elementor-element-cbe7c37\" data-id=\"cbe7c37\" data-element_type=\"column\" data-e-type=\"column\">\n\t\t\t<div class=\"elementor-widget-wrap elementor-element-populated\">\n\t\t\t\t\t\t<div class=\"elementor-element elementor-element-79285f1 elementor-widget elementor-widget-text-editor\" data-id=\"79285f1\" data-element_type=\"widget\" data-e-type=\"widget\" data-widget_type=\"text-editor.default\">\n\t\t\t\t<div class=\"elementor-widget-container\">\n\t\t\t\t\t\t\t\t\t<p style=\"font-weight: 400;\">Caffebo \u00e4r ett speciellt barn som var mycket v\u00e4lkommet&#8230; \ud83d\ude42<\/p>\n<p style=\"font-weight: 400;\">Vi har varit med i kaffev\u00e4rlden sedan 2000, och alla dessa \u00e5r av kunskaper, tricks och erfarenheter har lagts in i Caffebo-fabriken och kaffet!<\/p>\n<p style=\"font-weight: 400;\">Vi steker g\u00e4rna!<\/p>\n\t\t\t\t\t\t\t\t<\/div>\n\t\t\t\t<\/div>\n\t\t\t\t\t<\/div>\n\t\t<\/div>\n\t\t\t\t\t<\/div>\n\t\t<\/section>\n\t\t\t\t<section class=\"elementor-section elementor-top-section elementor-element elementor-element-7723482 elementor-section-boxed elementor-section-height-default elementor-section-height-default\" data-id=\"7723482\" data-element_type=\"section\" data-e-type=\"section\">\n\t\t\t\t\t\t<div class=\"elementor-container elementor-column-gap-default\">\n\t\t\t\t\t<div class=\"elementor-column elementor-col-50 elementor-top-column elementor-element elementor-element-31541bb\" data-id=\"31541bb\" data-element_type=\"column\" data-e-type=\"column\">\n\t\t\t<div class=\"elementor-widget-wrap elementor-element-populated\">\n\t\t\t\t\t\t<div class=\"elementor-element elementor-element-34ab3f9 elementor-widget elementor-widget-image\" data-id=\"34ab3f9\" data-element_type=\"widget\" data-e-type=\"widget\" data-widget_type=\"image.default\">\n\t\t\t\t<div class=\"elementor-widget-container\">\n\t\t\t\t\t\t\t\t\t\t\t\t<figure class=\"wp-caption\">\n\t\t\t\t\t\t\t\t\t\t<img decoding=\"async\" width=\"246\" height=\"300\" src=\"https:\/\/caffebo.ee\/wp-content\/uploads\/2021\/04\/2-3-246x300.png\" class=\"attachment-medium size-medium wp-image-10856\" alt=\"\" srcset=\"https:\/\/caffebo.ee\/wp-content\/uploads\/2021\/04\/2-3-246x300.png 246w, https:\/\/caffebo.ee\/wp-content\/uploads\/2021\/04\/2-3.png 386w\" sizes=\"100vw\" \/>\t\t\t\t\t\t\t\t\t\t\t<figcaption class=\"widget-image-caption wp-caption-text\">\u00dcllar Ink, styrelseledamot i Caffebo<\/figcaption>\n\t\t\t\t\t\t\t\t\t\t<\/figure>\n\t\t\t\t\t\t\t\t\t<\/div>\n\t\t\t\t<\/div>\n\t\t\t\t\t<\/div>\n\t\t<\/div>\n\t\t\t\t<div class=\"elementor-column elementor-col-50 elementor-top-column elementor-element elementor-element-d56a692\" data-id=\"d56a692\" data-element_type=\"column\" data-e-type=\"column\">\n\t\t\t<div class=\"elementor-widget-wrap elementor-element-populated\">\n\t\t\t\t\t\t<div class=\"elementor-element elementor-element-80bbea1 elementor-widget elementor-widget-text-editor\" data-id=\"80bbea1\" data-element_type=\"widget\" data-e-type=\"widget\" data-widget_type=\"text-editor.default\">\n\t\t\t\t<div class=\"elementor-widget-container\">\n\t\t\t\t\t\t\t\t\t<p style=\"font-weight: 400;\">Jag har varit verksam inom kaffev\u00e4rlden sedan 2003, d\u00e5 jag b\u00f6rjade som tekniker som reparerade och underh\u00f6ll kaffemaskiner s\u00e5 att kunderna fortfarande kunde njuta av det b\u00e4sta kaffet i sin kopp.<\/p>\n<p style=\"font-weight: 400;\">Flera \u00e5r innan CaffeBo grundades och b\u00f6rjade arbeta med rostning introducerades de mindre rosterierna till rostningsv\u00e4rlden och det blev genast klart att n\u00e4sta steg var att \u00f6ppna en egen rosteri.<\/p>\n<p style=\"font-weight: 400;\">Jag har f\u00e5tt i uppdrag att se till att anl\u00e4ggningen fungerar smidigt och underh\u00e5lls ordentligt.<\/p>\n<p style=\"font-weight: 400;\">Tack vare CaffeBo och v\u00e5r egen l\u00e5nga erfarenhet av kaffev\u00e4rlden kan vi rosta det kaffe som \u00e4r b\u00e4st l\u00e4mpat f\u00f6r den estniska kaffedrickaren.<\/p>\n<p style=\"font-weight: 400;\">\n\t\t\t\t\t\t\t\t<\/div>\n\t\t\t\t<\/div>\n\t\t\t\t\t<\/div>\n\t\t<\/div>\n\t\t\t\t\t<\/div>\n\t\t<\/section>\n\t\t\t\t<section class=\"elementor-section elementor-top-section elementor-element elementor-element-004890b elementor-section-boxed elementor-section-height-default elementor-section-height-default\" data-id=\"004890b\" data-element_type=\"section\" data-e-type=\"section\">\n\t\t\t\t\t\t<div class=\"elementor-container elementor-column-gap-default\">\n\t\t\t\t\t<div class=\"elementor-column elementor-col-50 elementor-top-column elementor-element elementor-element-8bd5d6f\" data-id=\"8bd5d6f\" data-element_type=\"column\" data-e-type=\"column\">\n\t\t\t<div class=\"elementor-widget-wrap elementor-element-populated\">\n\t\t\t\t\t\t<div class=\"elementor-element elementor-element-00faac3 elementor-widget elementor-widget-image\" data-id=\"00faac3\" data-element_type=\"widget\" data-e-type=\"widget\" data-widget_type=\"image.default\">\n\t\t\t\t<div class=\"elementor-widget-container\">\n\t\t\t\t\t\t\t\t\t\t\t\t<figure class=\"wp-caption\">\n\t\t\t\t\t\t\t\t\t\t<img decoding=\"async\" width=\"225\" height=\"300\" src=\"https:\/\/caffebo.ee\/wp-content\/uploads\/2022\/12\/Untitled-design-3-225x300.png\" class=\"attachment-medium size-medium wp-image-10925\" alt=\"\" srcset=\"https:\/\/caffebo.ee\/wp-content\/uploads\/2022\/12\/Untitled-design-3-225x300.png 225w, https:\/\/caffebo.ee\/wp-content\/uploads\/2022\/12\/Untitled-design-3-768x1024.png 768w, https:\/\/caffebo.ee\/wp-content\/uploads\/2022\/12\/Untitled-design-3-1152x1536.png 1152w, https:\/\/caffebo.ee\/wp-content\/uploads\/2022\/12\/Untitled-design-3-1536x2048.png 1536w, https:\/\/caffebo.ee\/wp-content\/uploads\/2022\/12\/Untitled-design-3-600x800.png 600w, https:\/\/caffebo.ee\/wp-content\/uploads\/2022\/12\/Untitled-design-3.png 1920w\" sizes=\"100vw\" \/>\t\t\t\t\t\t\t\t\t\t\t<figcaption class=\"widget-image-caption wp-caption-text\">T\u00f5nis Juulik, styrelseledamot i Caffebo<\/figcaption>\n\t\t\t\t\t\t\t\t\t\t<\/figure>\n\t\t\t\t\t\t\t\t\t<\/div>\n\t\t\t\t<\/div>\n\t\t\t\t\t<\/div>\n\t\t<\/div>\n\t\t\t\t<div class=\"elementor-column elementor-col-50 elementor-top-column elementor-element elementor-element-1bedf6e\" data-id=\"1bedf6e\" data-element_type=\"column\" data-e-type=\"column\">\n\t\t\t<div class=\"elementor-widget-wrap elementor-element-populated\">\n\t\t\t\t\t\t<div class=\"elementor-element elementor-element-0c800b9 elementor-widget elementor-widget-text-editor\" data-id=\"0c800b9\" data-element_type=\"widget\" data-e-type=\"widget\" data-widget_type=\"text-editor.default\">\n\t\t\t\t<div class=\"elementor-widget-container\">\n\t\t\t\t\t\t\t\t\t<p style=\"font-weight: 400;\">Min resa in i kaffets v\u00e4rld b\u00f6rjade 2010. i Saaremaa. I b\u00f6rjan fanns det ingen tidigare kunskap eller erfarenhet p\u00e5 omr\u00e5det, s\u00e5 det var mycket sj\u00e4lvstudier och uppt\u00e4ckter i kaffev\u00e4rlden. 2014 a. b\u00f6rjade id\u00e9n om att starta en kafferosteri gro. 2018 a. beslutade vi oss f\u00f6r att g\u00e5 den h\u00e4r v\u00e4gen och 2019. I juni fick vi redan den f\u00f6rsta produktionen fr\u00e5n v\u00e5r egen fabrik i Caffebo.<\/p>\n<p style=\"font-weight: 400;\">Caffebos m\u00e5l \u00e4r att bli Baltikums st\u00f6rsta kaffefabrik!<\/p>\n\t\t\t\t\t\t\t\t<\/div>\n\t\t\t\t<\/div>\n\t\t\t\t\t<\/div>\n\t\t<\/div>\n\t\t\t\t\t<\/div>\n\t\t<\/section>\n\t\t\t\t<\/div>\n\t\t","protected":false},"excerpt":{"rendered":"<p>Who we are Caffebo Caffebo \u00e4r en kaffefabrik i skandinavisk stil etablerad i Estland, d\u00e4r o\u00f6vertr\u00e4ffade lokala kaffesmaker tillagas. Det som g\u00f6r oss speciella \u00e4r att paketet med kaffe du h\u00e5ller i handen inneh\u00e5ller en unik bukett av smaker som du bara kan uppleva i Estland. En lokal k\u00e4nsla i din kopp. Lokal kultur till [&hellip;]<\/p>\n","protected":false},"author":1,"featured_media":15069,"parent":0,"menu_order":0,"comment_status":"closed","ping_status":"closed","template":"","meta":{"iawp_total_views":19,"footnotes":""},"class_list":["post-15320","page","type-page","status-publish","has-post-thumbnail","hentry"],"yoast_head":"<!-- This site is optimized with the Yoast SEO plugin v27.0 - https:\/\/yoast.com\/product\/yoast-seo-wordpress\/ -->\n<title>V\u00e5rt varum\u00e4rke - Caffebo.ee - Kohvi r\u00f6stimine<\/title>\n<meta name=\"robots\" content=\"index, follow, max-snippet:-1, max-image-preview:large, max-video-preview:-1\" \/>\n<link rel=\"canonical\" href=\"https:\/\/caffebo.ee\/sv\/vart-varumarke\/\" \/>\n<meta property=\"og:locale\" content=\"sv_SE\" \/>\n<meta property=\"og:type\" content=\"article\" \/>\n<meta property=\"og:title\" content=\"V\u00e5rt varum\u00e4rke - Caffebo.ee - Kohvi r\u00f6stimine\" \/>\n<meta property=\"og:description\" content=\"Who we are Caffebo Caffebo \u00e4r en kaffefabrik i skandinavisk stil etablerad i Estland, d\u00e4r o\u00f6vertr\u00e4ffade lokala kaffesmaker tillagas. Det som g\u00f6r oss speciella \u00e4r att paketet med kaffe du h\u00e5ller i handen inneh\u00e5ller en unik bukett av smaker som du bara kan uppleva i Estland. En lokal k\u00e4nsla i din kopp. Lokal kultur till [&hellip;]\" \/>\n<meta property=\"og:url\" content=\"https:\/\/caffebo.ee\/sv\/vart-varumarke\/\" \/>\n<meta property=\"og:site_name\" content=\"Caffebo.ee - Kohvi r\u00f6stimine\" \/>\n<meta property=\"article:modified_time\" content=\"2023-02-18T07:32:30+00:00\" \/>\n<meta property=\"og:image\" content=\"https:\/\/caffebo.ee\/wp-content\/uploads\/2021\/03\/Untitled-design.png\" \/>\n\t<meta property=\"og:image:width\" content=\"1920\" \/>\n\t<meta property=\"og:image:height\" content=\"700\" \/>\n\t<meta property=\"og:image:type\" content=\"image\/png\" \/>\n<meta name=\"twitter:card\" content=\"summary_large_image\" \/>\n<meta name=\"twitter:label1\" content=\"Ber\u00e4knad l\u00e4stid\" \/>\n\t<meta name=\"twitter:data1\" content=\"2 minuter\" \/>\n<script type=\"application\/ld+json\" class=\"yoast-schema-graph\">{\"@context\":\"https:\/\/schema.org\",\"@graph\":[{\"@type\":\"WebPage\",\"@id\":\"https:\/\/caffebo.ee\/sv\/vart-varumarke\/\",\"url\":\"https:\/\/caffebo.ee\/sv\/vart-varumarke\/\",\"name\":\"V\u00e5rt varum\u00e4rke - Caffebo.ee - Kohvi r\u00f6stimine\",\"isPartOf\":{\"@id\":\"https:\/\/caffebo.ee\/#website\"},\"primaryImageOfPage\":{\"@id\":\"https:\/\/caffebo.ee\/sv\/vart-varumarke\/#primaryimage\"},\"image\":{\"@id\":\"https:\/\/caffebo.ee\/sv\/vart-varumarke\/#primaryimage\"},\"thumbnailUrl\":\"https:\/\/caffebo.ee\/wp-content\/uploads\/2021\/03\/Untitled-design.png\",\"datePublished\":\"2020-06-05T06:47:48+00:00\",\"dateModified\":\"2023-02-18T07:32:30+00:00\",\"breadcrumb\":{\"@id\":\"https:\/\/caffebo.ee\/sv\/vart-varumarke\/#breadcrumb\"},\"inLanguage\":\"sv-SE\",\"potentialAction\":[{\"@type\":\"ReadAction\",\"target\":[\"https:\/\/caffebo.ee\/sv\/vart-varumarke\/\"]}]},{\"@type\":\"ImageObject\",\"inLanguage\":\"sv-SE\",\"@id\":\"https:\/\/caffebo.ee\/sv\/vart-varumarke\/#primaryimage\",\"url\":\"https:\/\/caffebo.ee\/wp-content\/uploads\/2021\/03\/Untitled-design.png\",\"contentUrl\":\"https:\/\/caffebo.ee\/wp-content\/uploads\/2021\/03\/Untitled-design.png\",\"width\":1920,\"height\":700},{\"@type\":\"BreadcrumbList\",\"@id\":\"https:\/\/caffebo.ee\/sv\/vart-varumarke\/#breadcrumb\",\"itemListElement\":[{\"@type\":\"ListItem\",\"position\":1,\"name\":\"Home\",\"item\":\"https:\/\/caffebo.ee\/sv\/hemsidan\/\"},{\"@type\":\"ListItem\",\"position\":2,\"name\":\"V\u00e5rt varum\u00e4rke\"}]},{\"@type\":\"WebSite\",\"@id\":\"https:\/\/caffebo.ee\/#website\",\"url\":\"https:\/\/caffebo.ee\/\",\"name\":\"Caffebo.ee - Kohvide r\u00f6stimine\",\"description\":\"Caffebo.ee - Kohvi r\u00f6stimine Eestis\",\"publisher\":{\"@id\":\"https:\/\/caffebo.ee\/#organization\"},\"potentialAction\":[{\"@type\":\"SearchAction\",\"target\":{\"@type\":\"EntryPoint\",\"urlTemplate\":\"https:\/\/caffebo.ee\/?s={search_term_string}\"},\"query-input\":{\"@type\":\"PropertyValueSpecification\",\"valueRequired\":true,\"valueName\":\"search_term_string\"}}],\"inLanguage\":\"sv-SE\"},{\"@type\":\"Organization\",\"@id\":\"https:\/\/caffebo.ee\/#organization\",\"name\":\"Caffebo O\u00dc\",\"url\":\"https:\/\/caffebo.ee\/\",\"logo\":{\"@type\":\"ImageObject\",\"inLanguage\":\"sv-SE\",\"@id\":\"https:\/\/caffebo.ee\/#\/schema\/logo\/image\/\",\"url\":\"https:\/\/caffebo.ee\/wp-content\/uploads\/2021\/03\/caffebo-logo-rgb-01-1.png\",\"contentUrl\":\"https:\/\/caffebo.ee\/wp-content\/uploads\/2021\/03\/caffebo-logo-rgb-01-1.png\",\"width\":500,\"height\":300,\"caption\":\"Caffebo O\u00dc\"},\"image\":{\"@id\":\"https:\/\/caffebo.ee\/#\/schema\/logo\/image\/\"}}]}<\/script>\n<!-- \/ Yoast SEO plugin. -->","yoast_head_json":{"title":"V\u00e5rt varum\u00e4rke - Caffebo.ee - Kohvi r\u00f6stimine","robots":{"index":"index","follow":"follow","max-snippet":"max-snippet:-1","max-image-preview":"max-image-preview:large","max-video-preview":"max-video-preview:-1"},"canonical":"https:\/\/caffebo.ee\/sv\/vart-varumarke\/","og_locale":"sv_SE","og_type":"article","og_title":"V\u00e5rt varum\u00e4rke - Caffebo.ee - Kohvi r\u00f6stimine","og_description":"Who we are Caffebo Caffebo \u00e4r en kaffefabrik i skandinavisk stil etablerad i Estland, d\u00e4r o\u00f6vertr\u00e4ffade lokala kaffesmaker tillagas. Det som g\u00f6r oss speciella \u00e4r att paketet med kaffe du h\u00e5ller i handen inneh\u00e5ller en unik bukett av smaker som du bara kan uppleva i Estland. En lokal k\u00e4nsla i din kopp. Lokal kultur till [&hellip;]","og_url":"https:\/\/caffebo.ee\/sv\/vart-varumarke\/","og_site_name":"Caffebo.ee - Kohvi r\u00f6stimine","article_modified_time":"2023-02-18T07:32:30+00:00","og_image":[{"width":1920,"height":700,"url":"https:\/\/caffebo.ee\/wp-content\/uploads\/2021\/03\/Untitled-design.png","type":"image\/png"}],"twitter_card":"summary_large_image","twitter_misc":{"Ber\u00e4knad l\u00e4stid":"2 minuter"},"schema":{"@context":"https:\/\/schema.org","@graph":[{"@type":"WebPage","@id":"https:\/\/caffebo.ee\/sv\/vart-varumarke\/","url":"https:\/\/caffebo.ee\/sv\/vart-varumarke\/","name":"V\u00e5rt varum\u00e4rke - Caffebo.ee - Kohvi r\u00f6stimine","isPartOf":{"@id":"https:\/\/caffebo.ee\/#website"},"primaryImageOfPage":{"@id":"https:\/\/caffebo.ee\/sv\/vart-varumarke\/#primaryimage"},"image":{"@id":"https:\/\/caffebo.ee\/sv\/vart-varumarke\/#primaryimage"},"thumbnailUrl":"https:\/\/caffebo.ee\/wp-content\/uploads\/2021\/03\/Untitled-design.png","datePublished":"2020-06-05T06:47:48+00:00","dateModified":"2023-02-18T07:32:30+00:00","breadcrumb":{"@id":"https:\/\/caffebo.ee\/sv\/vart-varumarke\/#breadcrumb"},"inLanguage":"sv-SE","potentialAction":[{"@type":"ReadAction","target":["https:\/\/caffebo.ee\/sv\/vart-varumarke\/"]}]},{"@type":"ImageObject","inLanguage":"sv-SE","@id":"https:\/\/caffebo.ee\/sv\/vart-varumarke\/#primaryimage","url":"https:\/\/caffebo.ee\/wp-content\/uploads\/2021\/03\/Untitled-design.png","contentUrl":"https:\/\/caffebo.ee\/wp-content\/uploads\/2021\/03\/Untitled-design.png","width":1920,"height":700},{"@type":"BreadcrumbList","@id":"https:\/\/caffebo.ee\/sv\/vart-varumarke\/#breadcrumb","itemListElement":[{"@type":"ListItem","position":1,"name":"Home","item":"https:\/\/caffebo.ee\/sv\/hemsidan\/"},{"@type":"ListItem","position":2,"name":"V\u00e5rt varum\u00e4rke"}]},{"@type":"WebSite","@id":"https:\/\/caffebo.ee\/#website","url":"https:\/\/caffebo.ee\/","name":"Caffebo.ee - Kohvide r\u00f6stimine","description":"Caffebo.ee - Kohvi r\u00f6stimine Eestis","publisher":{"@id":"https:\/\/caffebo.ee\/#organization"},"potentialAction":[{"@type":"SearchAction","target":{"@type":"EntryPoint","urlTemplate":"https:\/\/caffebo.ee\/?s={search_term_string}"},"query-input":{"@type":"PropertyValueSpecification","valueRequired":true,"valueName":"search_term_string"}}],"inLanguage":"sv-SE"},{"@type":"Organization","@id":"https:\/\/caffebo.ee\/#organization","name":"Caffebo O\u00dc","url":"https:\/\/caffebo.ee\/","logo":{"@type":"ImageObject","inLanguage":"sv-SE","@id":"https:\/\/caffebo.ee\/#\/schema\/logo\/image\/","url":"https:\/\/caffebo.ee\/wp-content\/uploads\/2021\/03\/caffebo-logo-rgb-01-1.png","contentUrl":"https:\/\/caffebo.ee\/wp-content\/uploads\/2021\/03\/caffebo-logo-rgb-01-1.png","width":500,"height":300,"caption":"Caffebo O\u00dc"},"image":{"@id":"https:\/\/caffebo.ee\/#\/schema\/logo\/image\/"}}]}},"_links":{"self":[{"href":"https:\/\/caffebo.ee\/sv\/wp-json\/wp\/v2\/pages\/15320","targetHints":{"allow":["GET"]}}],"collection":[{"href":"https:\/\/caffebo.ee\/sv\/wp-json\/wp\/v2\/pages"}],"about":[{"href":"https:\/\/caffebo.ee\/sv\/wp-json\/wp\/v2\/types\/page"}],"author":[{"embeddable":true,"href":"https:\/\/caffebo.ee\/sv\/wp-json\/wp\/v2\/users\/1"}],"replies":[{"embeddable":true,"href":"https:\/\/caffebo.ee\/sv\/wp-json\/wp\/v2\/comments?post=15320"}],"version-history":[{"count":7,"href":"https:\/\/caffebo.ee\/sv\/wp-json\/wp\/v2\/pages\/15320\/revisions"}],"predecessor-version":[{"id":15347,"href":"https:\/\/caffebo.ee\/sv\/wp-json\/wp\/v2\/pages\/15320\/revisions\/15347"}],"wp:featuredmedia":[{"embeddable":true,"href":"https:\/\/caffebo.ee\/sv\/wp-json\/wp\/v2\/media\/15069"}],"wp:attachment":[{"href":"https:\/\/caffebo.ee\/sv\/wp-json\/wp\/v2\/media?parent=15320"}],"curies":[{"name":"wp","href":"https:\/\/api.w.org\/{rel}","templated":true}]}}